{"id":38606,"date":"2025-05-16T09:58:40","date_gmt":"2025-05-16T07:58:40","guid":{"rendered":"https:\/\/otegotextile.com\/oteplace-seguranca-feita-por-especialistas\/"},"modified":"2025-05-16T09:58:41","modified_gmt":"2025-05-16T07:58:41","slug":"oteplace-seguranca-feita-por-especialistas","status":"publish","type":"page","link":"https:\/\/otegotextile.com\/pt-pt\/oteplace-seguranca-feita-por-especialistas\/","title":{"rendered":"Oteplace \u2013 Seguran\u00e7a feita por especialistas"},"content":{"rendered":"<div class=\"wpb-content-wrapper\">[vc_row css=&#8221;.vc_custom_1721631063878{padding-right: 10% !important;padding-left: 10% !important;background-image: url(https:\/\/otegotextile.com\/wp-content\/uploads\/2024\/07\/Untitled-design-8.png?id=34777) !important;background-position: center !important;background-repeat: no-repeat !important;background-size: cover !important;}&#8221;][vc_column][vc_empty_space height=&#8221;100px&#8221;][vc_column_text text_align=&#8221;left&#8221;]\n<h1>OTEPLACE:<br \/>\nSeu parceiro<\/h1>\n<h1>na prote\u00e7\u00e3o<\/h1>\n[\/vc_column_text][vc_empty_space height=&#8221;100px&#8221;][\/vc_column][\/vc_row][vc_row css=&#8221;.vc_custom_1543338630826{padding-right: 10% !important;padding-left: 10% !important;}&#8221;][vc_column][vc_empty_space height=&#8221;10px&#8221;][vc_column_text]\n\r\n<p id=\"breadcrumbs\"><\/p>\r\n\n[\/vc_column_text][vc_empty_space height=&#8221;40px&#8221;][\/vc_column][\/vc_row][vc_row column_spacing=&#8221;50&#8243; equal_height=&#8221;yes&#8221; max_width=&#8221;80&#8243; css=&#8221;.vc_custom_1678344869558{padding-right: 10% !important;padding-left: 10% !important;}&#8221;][vc_column width=&#8221;1\/6&#8243;][\/vc_column][vc_column width=&#8221;2\/3&#8243;][vc_single_image image=&#8221;34663&#8243;][vc_column_text]\n<h2 style=\"text-align: center;\">O QUE \u00c9 OTEPLACE?<\/h2>\n[\/vc_column_text][vc_empty_space height=&#8221;20px&#8221;][vc_column_text css=&#8221;&#8221;]\n<div class=\"w-full border-b border-black\/10 dark:border-gray-900\/50 text-gray-800 dark:text-gray-100 group bg-gray-50 dark:bg-[#444654]\">\n<div class=\"text-base gap-4 md:gap-6 m-auto md:max-w-2xl lg:max-w-2xl xl:max-w-3xl p-4 md:py-6 flex lg:px-0\">\n<div class=\"relative flex w-[calc(100%-50px)] flex-col gap-1 md:gap-3 lg:w-[calc(100%-115px)]\">\n<div class=\"flex flex-grow flex-col gap-3\">\n<div class=\"min-h-[20px] flex flex-col items-start gap-4 whitespace-pre-wrap\">\n<div class=\"markdown prose w-full break-words dark:prose-invert light\">\n<p class=\"p1\"><a href=\"http:\/\/www.oteplace.com\" target=\"_blank\" rel=\"noopener\">Oteplace<\/a>, criada pela OTEGO, \u00e9 uma plataforma online para facilitar a aquisi\u00e7\u00e3o de EPIs. Quer seja uma empresa com necessidades de seguran\u00e7a espec\u00edficas ou um fabricante de equipamento de seguran\u00e7a, a Oteplace liga os parceiros certos: <strong data-start=\"556\" data-end=\"602\">fazendo corresponder compradores de EPI a fornecedores qualificados<\/strong> que podem satisfazer os seus requisitos exactos.<\/p>\n<p>&nbsp;<\/p>\n<\/div>\n<div class=\"markdown prose w-full break-words dark:prose-invert light\">\n<p class=\"\" data-start=\"643\" data-end=\"815\">Esta iniciativa reflete o compromisso da OTEGO com a prote\u00e7\u00e3o certificada de qualidade e conex\u00f5es globais.<\/p>\n<\/div>\n<\/div>\n<\/div>\n<\/div>\n<\/div>\n<\/div>\n[\/vc_column_text][\/vc_column][vc_column width=&#8221;1\/6&#8243;][\/vc_column][\/vc_row][vc_row][vc_column width=&#8221;1\/6&#8243;][vc_empty_space][\/vc_column][vc_column width=&#8221;2\/3&#8243;][vc_column_text css=&#8221;&#8221;]\n<h2 style=\"text-align: center;\">COMO FUNCIONA?<\/h2>\n[\/vc_column_text][vc_empty_space][vc_column_text css=&#8221;&#8221;]A Oteplace utiliza um <a href=\"http:\/\/www.oteplace.com\/rfq\" target=\"_blank\" rel=\"noopener\"><strong data-start=\"861\" data-end=\"888\">Pedido de Cota\u00e7\u00e3o (RFQ)<\/strong><\/a> para simplificar a sua pesquisa. Basta dizer-nos o que precisa &#8211; faremos<strong data-start=\"950\" data-end=\"1000\">corresponder o seu pedido a fornecedores verificados<\/strong> capazes de fornecer a solu\u00e7\u00e3o de seguran\u00e7a correta.<\/p>\n<p><br data-start=\"1049\" data-end=\"1052\">De coletes refrigerantes a tecidos antichama, protetores faciais e \u00f3culos de seguran\u00e7a \u2013 ajudamos voc\u00ea a encontrar o que procura.[\/vc_column_text][vc_empty_space][\/vc_column][vc_column width=&#8221;1\/6&#8243;][vc_empty_space][\/vc_column][\/vc_row][vc_row][vc_column width=&#8221;1\/6&#8243;][vc_empty_space][\/vc_column][vc_column width=&#8221;2\/3&#8243;][vc_column_text css=&#8221;&#8221;]\n<h2 style=\"text-align: center;\">NOSSOS COMPROMISSOS<\/h2>\n[\/vc_column_text][vc_empty_space height=&#8221;40px&#8221;][vc_empty_space height=&#8221;10px&#8221;][vc_single_image image=&#8221;34642&#8243; alignment=&#8221;center&#8221;][vc_empty_space height=&#8221;30px&#8221;][vc_column_text css=&#8221;&#8221;]\n<p style=\"text-align: left;\">Na Oteplace, a nossa reputa\u00e7\u00e3o assenta em tr\u00eas valores fundamentais:<\/p>\n<p style=\"text-align: left;\"><strong>Qualidade:<\/strong> todos os produtos v\u00eam de fabricantes verificados e certificados mundialmente.<\/p>\n<p style=\"text-align: left;\"><strong>Conveni\u00eancia: <\/strong>solicite or\u00e7amentos, compare e conecte-se com rapidez.<\/p>\n<p style=\"text-align: left;\"><strong>Inova\u00e7\u00e3o: <\/strong>destacamos tecnologias emergentes e solu\u00e7\u00f5es de nova gera\u00e7\u00e3o.<\/p>\n[\/vc_column_text][vc_empty_space height=&#8221;60px&#8221;][\/vc_column][vc_column width=&#8221;1\/6&#8243;][vc_empty_space][\/vc_column][\/vc_row][vc_row][vc_column width=&#8221;1\/6&#8243;][\/vc_column][vc_column width=&#8221;1\/6&#8243;][vc_single_image image=&#8221;34714&#8243; alignment=&#8221;center&#8221; onclick=&#8221;custom_link&#8221; img_link_target=&#8221;_blank&#8221; css=&#8221;&#8221; link=&#8221;https:\/\/www.oteplace.com\/company\/victoire-et-compagnie\/product\/safety-cap-all-season-polyester-all-season-polyester?mtm_campaign=Otego-Service-Oteplace-Safety%20Cap&amp;mtm_source=Wordpress&#8221;][vc_empty_space height=&#8221;60px&#8221;][\/vc_column][vc_column width=&#8221;1\/6&#8243;][vc_single_image image=&#8221;34724&#8243; alignment=&#8221;center&#8221; onclick=&#8221;custom_link&#8221; img_link_target=&#8221;_blank&#8221; css=&#8221;&#8221; link=&#8221;https:\/\/www.oteplace.com\/company\/pervormance-international-gmbh\/product\/e-cooline-powercool-sx3-shirtvest-cooling-vest-27101330?mtm_campaign=Otego-Service-Oteplace-Cooling%20Vest&amp;mtm_source=Wordpress&#8221;][vc_empty_space height=&#8221;60px&#8221;][\/vc_column][vc_column width=&#8221;1\/6&#8243;][vc_single_image image=&#8221;34734&#8243; alignment=&#8221;center&#8221; onclick=&#8221;custom_link&#8221; img_link_target=&#8221;_blank&#8221; css=&#8221;&#8221; link=&#8221;https:\/\/www.oteplace.com\/company\/maxxpro-international-inc\/product\/pack-impact-and-ballistic-resistant-safety-protective-glasses-with-clear-lenses-safety-eyewear-ps840?mtm_campaign=Otego-Service-Oteplace-Safety%20Glasses&amp;mtm_source=Wordpress&#8221;][vc_empty_space height=&#8221;60px&#8221;][\/vc_column][vc_column width=&#8221;1\/6&#8243;][vc_single_image image=&#8221;34744&#8243; alignment=&#8221;center&#8221; onclick=&#8221;custom_link&#8221; img_link_target=&#8221;_blank&#8221; css=&#8221;&#8221; link=&#8221;https:\/\/www.oteplace.com\/company\/seong-kwang-tech\/product\/fire-fighting-equipment-kfi-22-3?mtm_campaign=Otego-Service-Oteplace-FirefightingSuit&amp;mtm_source=Wordpress&#8221;][vc_empty_space height=&#8221;60px&#8221;][\/vc_column][vc_column width=&#8221;1\/6&#8243;][\/vc_column][\/vc_row][vc_row][vc_column][vc_column_text css=&#8221;.vc_custom_1721716315016{margin-bottom: 15px !important;}&#8221;]\n<p class=\"p1\" style=\"text-align: center;\"><span style=\"color: #50768e; font-size: 24px;\">INTERESSADO EM FAZER PARTE DA NOSSA COMUNIDADE?<\/span><\/p>\n[\/vc_column_text][vc_column_text css=&#8221;.vc_custom_1744881034676{margin-bottom: 15px !important;}&#8221;]\n<h5 style=\"text-align: center;\" data-start=\"122\" data-end=\"222\">Seja voc\u00ea fabricante ou comprador de EPI, junte-se \u00e0 Oteplace para se conectar, colaborar e encontrar as solu\u00e7\u00f5es ideais!<\/h5>\n[\/vc_column_text][vc_btn title=&#8221;REGISTRE-SE AQUI&#8221; style=&#8221;custom&#8221; custom_background=&#8221;#ff8c00&#8243; custom_text=&#8221;#ffffff&#8221; shape=&#8221;square&#8221; align=&#8221;center&#8221; css=&#8221;&#8221; link=&#8221;url:https%3A%2F%2Fwww.oteplace.com%2Fregister%3Fmtm_campaign%3DOtego-Service-Oteplace-Registration%26mtm_source%3DWordpress|&#8221; el_class=&#8221;uppercase&#8221;][\/vc_column][\/vc_row][vc_row][vc_column][\/vc_column][\/vc_row][vc_row][vc_column][vc_column_text]\n[\/vc_column_text][\/vc_column][\/vc_row]\n<\/div>","protected":false},"excerpt":{"rendered":"<p>[vc_row css=&#8221;.vc_custom_1721631063878{padding-right: 10% !important;padding-left: 10% !important;background-image: url(https:\/\/otegotextile.com\/wp-content\/uploads\/2024\/07\/Untitled-design-8.png?id=34777) !important;background-position: center !important;background-repeat: no-repeat !important;background-size: cover !important;}&#8221;][vc_column][vc_empty_space height=&#8221;100px&#8221;][vc_column_text text_align=&#8221;left&#8221;] OTEPLACE: Seu parceiro na prote\u00e7\u00e3o [\/vc_column_text][vc_empty_space height=&#8221;100px&#8221;][\/vc_column][\/vc_row][vc_row css=&#8221;.vc_custom_1543338630826{padding-right: 10% !important;padding-left: 10% !important;}&#8221;][vc_column][vc_empty_space height=&#8221;10px&#8221;][vc_column_text] [\/vc_column_text][vc_empty_space&hellip;<\/p>\n","protected":false},"author":18,"featured_media":0,"parent":0,"menu_order":0,"comment_status":"closed","ping_status":"closed","template":"","meta":{"footnotes":"","_links_to":"","_links_to_target":""},"class_list":["post-38606","page","type-page","status-publish","hentry","entry","no-media"],"yoast_head":"<!-- This site is optimized with the Yoast SEO plugin v27.2 - https:\/\/yoast.com\/product\/yoast-seo-wordpress\/ -->\n<title>Oteplace \u2013 Seguran\u00e7a feita por especialistas - Otego<\/title>\n<meta name=\"description\" content=\"O Oteplace conecta compradores de EPI com fabricantes confi\u00e1veis no mundo todo. Envie uma RFQ e receba cota\u00e7\u00f5es de fornecedores confi\u00e1veis.\" \/>\n<meta name=\"robots\" content=\"index, follow, max-snippet:-1, max-image-preview:large, max-video-preview:-1\" \/>\n<link rel=\"canonical\" href=\"https:\/\/otegotextile.com\/pt-pt\/oteplace-seguranca-feita-por-especialistas\/\" \/>\n<meta property=\"og:locale\" content=\"pt_PT\" \/>\n<meta property=\"og:type\" content=\"article\" \/>\n<meta property=\"og:title\" content=\"Oteplace \u2013 Seguran\u00e7a feita por especialistas - Otego\" \/>\n<meta property=\"og:description\" content=\"O Oteplace conecta compradores de EPI com fabricantes confi\u00e1veis no mundo todo. Envie uma RFQ e receba cota\u00e7\u00f5es de fornecedores confi\u00e1veis.\" \/>\n<meta property=\"og:url\" content=\"https:\/\/otegotextile.com\/pt-pt\/oteplace-seguranca-feita-por-especialistas\/\" \/>\n<meta property=\"og:site_name\" content=\"Otego\" \/>\n<meta property=\"article:publisher\" content=\"https:\/\/www.facebook.com\/OtegoTextile\" \/>\n<meta property=\"article:modified_time\" content=\"2025-05-16T07:58:41+00:00\" \/>\n<meta property=\"og:image\" content=\"https:\/\/otegotextile.com\/wp-content\/uploads\/2020\/11\/slider2-dickson-ptl-2.jpg\" \/>\n\t<meta property=\"og:image:width\" content=\"1920\" \/>\n\t<meta property=\"og:image:height\" content=\"640\" \/>\n\t<meta property=\"og:image:type\" content=\"image\/jpeg\" \/>\n<meta name=\"twitter:card\" content=\"summary_large_image\" \/>\n<meta name=\"twitter:label1\" content=\"Tempo estimado de leitura\" \/>\n\t<meta name=\"twitter:data1\" content=\"4 minutos\" \/>\n<script type=\"application\/ld+json\" class=\"yoast-schema-graph\">{\"@context\":\"https:\/\/schema.org\",\"@graph\":[{\"@type\":\"WebPage\",\"@id\":\"https:\/\/otegotextile.com\/pt-pt\/oteplace-seguranca-feita-por-especialistas\/\",\"url\":\"https:\/\/otegotextile.com\/pt-pt\/oteplace-seguranca-feita-por-especialistas\/\",\"name\":\"Oteplace \u2013 Seguran\u00e7a feita por especialistas - Otego\",\"isPartOf\":{\"@id\":\"https:\/\/otegotextile.com\/pt-pt\/#website\"},\"datePublished\":\"2025-05-16T07:58:40+00:00\",\"dateModified\":\"2025-05-16T07:58:41+00:00\",\"description\":\"O Oteplace conecta compradores de EPI com fabricantes confi\u00e1veis no mundo todo. Envie uma RFQ e receba cota\u00e7\u00f5es de fornecedores confi\u00e1veis.\",\"inLanguage\":\"pt-PT\",\"potentialAction\":[{\"@type\":\"ReadAction\",\"target\":[\"https:\/\/otegotextile.com\/pt-pt\/oteplace-seguranca-feita-por-especialistas\/\"]}]},{\"@type\":\"WebSite\",\"@id\":\"https:\/\/otegotextile.com\/pt-pt\/#website\",\"url\":\"https:\/\/otegotextile.com\/pt-pt\/\",\"name\":\"Otego\",\"description\":\"Improve Safety &amp; Productivity for Our Customers Worldwide\",\"publisher\":{\"@id\":\"https:\/\/otegotextile.com\/pt-pt\/#organization\"},\"potentialAction\":[{\"@type\":\"SearchAction\",\"target\":{\"@type\":\"EntryPoint\",\"urlTemplate\":\"https:\/\/otegotextile.com\/pt-pt\/?s={search_term_string}\"},\"query-input\":{\"@type\":\"PropertyValueSpecification\",\"valueRequired\":true,\"valueName\":\"search_term_string\"}}],\"inLanguage\":\"pt-PT\"},{\"@type\":\"Organization\",\"@id\":\"https:\/\/otegotextile.com\/pt-pt\/#organization\",\"name\":\"OTEGO\",\"url\":\"https:\/\/otegotextile.com\/pt-pt\/\",\"logo\":{\"@type\":\"ImageObject\",\"inLanguage\":\"pt-PT\",\"@id\":\"https:\/\/otegotextile.com\/pt-pt\/#\/schema\/logo\/image\/\",\"url\":\"https:\/\/otegotextile.com\/wp-content\/uploads\/2020\/12\/Default-Thumbnails.png\",\"contentUrl\":\"https:\/\/otegotextile.com\/wp-content\/uploads\/2020\/12\/Default-Thumbnails.png\",\"width\":2000,\"height\":1000,\"caption\":\"OTEGO\"},\"image\":{\"@id\":\"https:\/\/otegotextile.com\/pt-pt\/#\/schema\/logo\/image\/\"},\"sameAs\":[\"https:\/\/www.facebook.com\/OtegoTextile\",\"https:\/\/www.linkedin.com\/company\/otego-textile\",\"https:\/\/www.youtube.com\/channel\/UCatzolbDQhzYHFwYbdIaFGw\"]}]}<\/script>\n<!-- \/ Yoast SEO plugin. -->","yoast_head_json":{"title":"Oteplace \u2013 Seguran\u00e7a feita por especialistas - Otego","description":"O Oteplace conecta compradores de EPI com fabricantes confi\u00e1veis no mundo todo. Envie uma RFQ e receba cota\u00e7\u00f5es de fornecedores confi\u00e1veis.","robots":{"index":"index","follow":"follow","max-snippet":"max-snippet:-1","max-image-preview":"max-image-preview:large","max-video-preview":"max-video-preview:-1"},"canonical":"https:\/\/otegotextile.com\/pt-pt\/oteplace-seguranca-feita-por-especialistas\/","og_locale":"pt_PT","og_type":"article","og_title":"Oteplace \u2013 Seguran\u00e7a feita por especialistas - Otego","og_description":"O Oteplace conecta compradores de EPI com fabricantes confi\u00e1veis no mundo todo. Envie uma RFQ e receba cota\u00e7\u00f5es de fornecedores confi\u00e1veis.","og_url":"https:\/\/otegotextile.com\/pt-pt\/oteplace-seguranca-feita-por-especialistas\/","og_site_name":"Otego","article_publisher":"https:\/\/www.facebook.com\/OtegoTextile","article_modified_time":"2025-05-16T07:58:41+00:00","og_image":[{"width":1920,"height":640,"url":"https:\/\/otegotextile.com\/wp-content\/uploads\/2020\/11\/slider2-dickson-ptl-2.jpg","type":"image\/jpeg"}],"twitter_card":"summary_large_image","twitter_misc":{"Tempo estimado de leitura":"4 minutos"},"schema":{"@context":"https:\/\/schema.org","@graph":[{"@type":"WebPage","@id":"https:\/\/otegotextile.com\/pt-pt\/oteplace-seguranca-feita-por-especialistas\/","url":"https:\/\/otegotextile.com\/pt-pt\/oteplace-seguranca-feita-por-especialistas\/","name":"Oteplace \u2013 Seguran\u00e7a feita por especialistas - Otego","isPartOf":{"@id":"https:\/\/otegotextile.com\/pt-pt\/#website"},"datePublished":"2025-05-16T07:58:40+00:00","dateModified":"2025-05-16T07:58:41+00:00","description":"O Oteplace conecta compradores de EPI com fabricantes confi\u00e1veis no mundo todo. Envie uma RFQ e receba cota\u00e7\u00f5es de fornecedores confi\u00e1veis.","inLanguage":"pt-PT","potentialAction":[{"@type":"ReadAction","target":["https:\/\/otegotextile.com\/pt-pt\/oteplace-seguranca-feita-por-especialistas\/"]}]},{"@type":"WebSite","@id":"https:\/\/otegotextile.com\/pt-pt\/#website","url":"https:\/\/otegotextile.com\/pt-pt\/","name":"Otego","description":"Improve Safety &amp; Productivity for Our Customers Worldwide","publisher":{"@id":"https:\/\/otegotextile.com\/pt-pt\/#organization"},"potentialAction":[{"@type":"SearchAction","target":{"@type":"EntryPoint","urlTemplate":"https:\/\/otegotextile.com\/pt-pt\/?s={search_term_string}"},"query-input":{"@type":"PropertyValueSpecification","valueRequired":true,"valueName":"search_term_string"}}],"inLanguage":"pt-PT"},{"@type":"Organization","@id":"https:\/\/otegotextile.com\/pt-pt\/#organization","name":"OTEGO","url":"https:\/\/otegotextile.com\/pt-pt\/","logo":{"@type":"ImageObject","inLanguage":"pt-PT","@id":"https:\/\/otegotextile.com\/pt-pt\/#\/schema\/logo\/image\/","url":"https:\/\/otegotextile.com\/wp-content\/uploads\/2020\/12\/Default-Thumbnails.png","contentUrl":"https:\/\/otegotextile.com\/wp-content\/uploads\/2020\/12\/Default-Thumbnails.png","width":2000,"height":1000,"caption":"OTEGO"},"image":{"@id":"https:\/\/otegotextile.com\/pt-pt\/#\/schema\/logo\/image\/"},"sameAs":["https:\/\/www.facebook.com\/OtegoTextile","https:\/\/www.linkedin.com\/company\/otego-textile","https:\/\/www.youtube.com\/channel\/UCatzolbDQhzYHFwYbdIaFGw"]}]}},"_links":{"self":[{"href":"https:\/\/otegotextile.com\/pt-pt\/wp-json\/wp\/v2\/pages\/38606","targetHints":{"allow":["GET"]}}],"collection":[{"href":"https:\/\/otegotextile.com\/pt-pt\/wp-json\/wp\/v2\/pages"}],"about":[{"href":"https:\/\/otegotextile.com\/pt-pt\/wp-json\/wp\/v2\/types\/page"}],"author":[{"embeddable":true,"href":"https:\/\/otegotextile.com\/pt-pt\/wp-json\/wp\/v2\/users\/18"}],"replies":[{"embeddable":true,"href":"https:\/\/otegotextile.com\/pt-pt\/wp-json\/wp\/v2\/comments?post=38606"}],"version-history":[{"count":0,"href":"https:\/\/otegotextile.com\/pt-pt\/wp-json\/wp\/v2\/pages\/38606\/revisions"}],"wp:attachment":[{"href":"https:\/\/otegotextile.com\/pt-pt\/wp-json\/wp\/v2\/media?parent=38606"}],"curies":[{"name":"wp","href":"https:\/\/api.w.org\/{rel}","templated":true}]}}