{"id":38601,"date":"2025-05-16T09:28:57","date_gmt":"2025-05-16T07:28:57","guid":{"rendered":"https:\/\/otegotextile.com\/otego-na-midia\/"},"modified":"2025-05-16T09:28:57","modified_gmt":"2025-05-16T07:28:57","slug":"otego-na-midia","status":"publish","type":"page","link":"https:\/\/otegotextile.com\/pt-pt\/otego-na-midia\/","title":{"rendered":"OTEGO na M\u00eddia"},"content":{"rendered":"<div class=\"wpb-content-wrapper\">[vc_row full_width=&#8221;stretch_row&#8221; content_placement=&#8221;middle&#8221; css=&#8221;.vc_custom_1613549043044{background-image: url(https:\/\/otegotextile.com\/wp-content\/uploads\/2021\/02\/Press.jpg?id=9460) !important;background-position: center !important;background-repeat: no-repeat !important;background-size: cover !important;}&#8221; min_height=&#8221;260&#8243;][vc_column][vc_column_text]\n<h1>OTEGO na M\u00eddia<\/h1>\n<div id=\"gtx-trans\" style=\"position: absolute; left: -37px; top: 63.5347px;\">\n<div class=\"gtx-trans-icon\"><\/div>\n<\/div>\n[\/vc_column_text][\/vc_column][\/vc_row][vc_row content_placement=&#8221;middle&#8221;][vc_column][vc_empty_space height=&#8221;10px&#8221;][vc_column_text]\r\n<p id=\"breadcrumbs\"><\/p>\r\n\n<div id=\"gtx-trans\" style=\"position: absolute; left: 461px; top: 38px;\">\n<div class=\"gtx-trans-icon\"><\/div>\n<\/div>\n[\/vc_column_text][vc_empty_space height=&#8221;30px&#8221;][\/vc_column][\/vc_row][vc_row][vc_column][vc_column_text]\n<p style=\"text-align: center;\"><span style=\"font-size: 21px;\">Explore nossa cobertura na m\u00eddia global: artigos, podcasts e v\u00eddeos destacando nosso impacto no setor<\/span><\/p>\n[\/vc_column_text][vc_separator color=&#8221;black&#8221; css=&#8221;.vc_custom_1613542684867{margin-top: 20px !important;margin-bottom: 20px !important;}&#8221;][vc_column_text]\n\n<div class=\"su-posts su-posts-default-loop \">\n\n\t\t\t<h4>Posts not found<\/h4>\n\t\n<\/div>\n\n<div id=\"gtx-trans\" style=\"position: absolute; left: -37px; top: 36.9896px;\">\n<div class=\"gtx-trans-icon\"><\/div>\n<\/div>\n[\/vc_column_text][vc_empty_space height=&#8221;30px&#8221;][vc_raw_html]PHN0eWxlPmltZy5hdHRhY2htZW50LXBvc3QtdGh1bWJuYWlsLnNpemUtcG9zdC10aHVtYm5haWwud3AtcG9zdC1pbWFnZXsKICAgIGJvcmRlci1yYWRpdXM6IDEwcHg7Cn0KPC9zdHlsZT4=[\/vc_raw_html][\/vc_column][\/vc_row]\n<\/div>","protected":false},"excerpt":{"rendered":"<p>[vc_row full_width=&#8221;stretch_row&#8221; content_placement=&#8221;middle&#8221; css=&#8221;.vc_custom_1613549043044{background-image: url(https:\/\/otegotextile.com\/wp-content\/uploads\/2021\/02\/Press.jpg?id=9460) !important;background-position: center !important;background-repeat: no-repeat !important;background-size: cover !important;}&#8221; min_height=&#8221;260&#8243;][vc_column][vc_column_text] OTEGO na M\u00eddia [\/vc_column_text][\/vc_column][\/vc_row][vc_row content_placement=&#8221;middle&#8221;][vc_column][vc_empty_space height=&#8221;10px&#8221;][vc_column_text] [\/vc_column_text][vc_empty_space height=&#8221;30px&#8221;][\/vc_column][\/vc_row][vc_row][vc_column][vc_column_text] Explore nossa cobertura na m\u00eddia global: artigos, podcasts e&hellip;<\/p>\n","protected":false},"author":7,"featured_media":9099,"parent":0,"menu_order":0,"comment_status":"closed","ping_status":"closed","template":"","meta":{"footnotes":"","_links_to":"","_links_to_target":""},"class_list":["post-38601","page","type-page","status-publish","has-post-thumbnail","hentry","entry","has-media"],"yoast_head":"<!-- This site is optimized with the Yoast SEO plugin v27.2 - https:\/\/yoast.com\/product\/yoast-seo-wordpress\/ -->\n<title>OTEGO na M\u00eddia - Otego<\/title>\n<meta name=\"description\" content=\"Destaques OTEGO na m\u00eddia: nossa marca em reportagens, podcasts e v\u00eddeos internacionais. Conhe\u00e7a nossas conquistas e impacto no setor.\" \/>\n<meta name=\"robots\" content=\"index, follow, max-snippet:-1, max-image-preview:large, max-video-preview:-1\" \/>\n<link rel=\"canonical\" href=\"https:\/\/otegotextile.com\/pt-pt\/otego-na-midia\/\" \/>\n<meta property=\"og:locale\" content=\"pt_PT\" \/>\n<meta property=\"og:type\" content=\"article\" \/>\n<meta property=\"og:title\" content=\"OTEGO na M\u00eddia - Otego\" \/>\n<meta property=\"og:description\" content=\"Destaques OTEGO na m\u00eddia: nossa marca em reportagens, podcasts e v\u00eddeos internacionais. Conhe\u00e7a nossas conquistas e impacto no setor.\" \/>\n<meta property=\"og:url\" content=\"https:\/\/otegotextile.com\/pt-pt\/otego-na-midia\/\" \/>\n<meta property=\"og:site_name\" content=\"Otego\" \/>\n<meta property=\"article:publisher\" content=\"https:\/\/www.facebook.com\/OtegoTextile\" \/>\n<meta property=\"og:image\" content=\"https:\/\/otegotextile.com\/wp-content\/uploads\/2021\/01\/Logo-Fleche.png\" \/>\n\t<meta property=\"og:image:width\" content=\"3000\" \/>\n\t<meta property=\"og:image:height\" content=\"3000\" \/>\n\t<meta property=\"og:image:type\" content=\"image\/png\" \/>\n<meta name=\"twitter:card\" content=\"summary_large_image\" \/>\n<meta name=\"twitter:label1\" content=\"Tempo estimado de leitura\" \/>\n\t<meta name=\"twitter:data1\" content=\"1 minuto\" \/>\n<script type=\"application\/ld+json\" class=\"yoast-schema-graph\">{\"@context\":\"https:\/\/schema.org\",\"@graph\":[{\"@type\":\"WebPage\",\"@id\":\"https:\/\/otegotextile.com\/pt-pt\/otego-na-midia\/\",\"url\":\"https:\/\/otegotextile.com\/pt-pt\/otego-na-midia\/\",\"name\":\"OTEGO na M\u00eddia - Otego\",\"isPartOf\":{\"@id\":\"https:\/\/otegotextile.com\/pt-pt\/#website\"},\"primaryImageOfPage\":{\"@id\":\"https:\/\/otegotextile.com\/pt-pt\/otego-na-midia\/#primaryimage\"},\"image\":{\"@id\":\"https:\/\/otegotextile.com\/pt-pt\/otego-na-midia\/#primaryimage\"},\"thumbnailUrl\":\"https:\/\/otegotextile.com\/wp-content\/uploads\/2021\/01\/Logo-Fleche.png\",\"datePublished\":\"2025-05-16T07:28:57+00:00\",\"description\":\"Destaques OTEGO na m\u00eddia: nossa marca em reportagens, podcasts e v\u00eddeos internacionais. Conhe\u00e7a nossas conquistas e impacto no setor.\",\"inLanguage\":\"pt-PT\",\"potentialAction\":[{\"@type\":\"ReadAction\",\"target\":[\"https:\/\/otegotextile.com\/pt-pt\/otego-na-midia\/\"]}]},{\"@type\":\"ImageObject\",\"inLanguage\":\"pt-PT\",\"@id\":\"https:\/\/otegotextile.com\/pt-pt\/otego-na-midia\/#primaryimage\",\"url\":\"https:\/\/otegotextile.com\/wp-content\/uploads\/2021\/01\/Logo-Fleche.png\",\"contentUrl\":\"https:\/\/otegotextile.com\/wp-content\/uploads\/2021\/01\/Logo-Fleche.png\",\"width\":3000,\"height\":3000,\"caption\":\"logo otego textile arrow\"},{\"@type\":\"WebSite\",\"@id\":\"https:\/\/otegotextile.com\/pt-pt\/#website\",\"url\":\"https:\/\/otegotextile.com\/pt-pt\/\",\"name\":\"Otego\",\"description\":\"Improve Safety &amp; Productivity for Our Customers Worldwide\",\"publisher\":{\"@id\":\"https:\/\/otegotextile.com\/pt-pt\/#organization\"},\"potentialAction\":[{\"@type\":\"SearchAction\",\"target\":{\"@type\":\"EntryPoint\",\"urlTemplate\":\"https:\/\/otegotextile.com\/pt-pt\/?s={search_term_string}\"},\"query-input\":{\"@type\":\"PropertyValueSpecification\",\"valueRequired\":true,\"valueName\":\"search_term_string\"}}],\"inLanguage\":\"pt-PT\"},{\"@type\":\"Organization\",\"@id\":\"https:\/\/otegotextile.com\/pt-pt\/#organization\",\"name\":\"OTEGO\",\"url\":\"https:\/\/otegotextile.com\/pt-pt\/\",\"logo\":{\"@type\":\"ImageObject\",\"inLanguage\":\"pt-PT\",\"@id\":\"https:\/\/otegotextile.com\/pt-pt\/#\/schema\/logo\/image\/\",\"url\":\"https:\/\/otegotextile.com\/wp-content\/uploads\/2020\/12\/Default-Thumbnails.png\",\"contentUrl\":\"https:\/\/otegotextile.com\/wp-content\/uploads\/2020\/12\/Default-Thumbnails.png\",\"width\":2000,\"height\":1000,\"caption\":\"OTEGO\"},\"image\":{\"@id\":\"https:\/\/otegotextile.com\/pt-pt\/#\/schema\/logo\/image\/\"},\"sameAs\":[\"https:\/\/www.facebook.com\/OtegoTextile\",\"https:\/\/www.linkedin.com\/company\/otego-textile\",\"https:\/\/www.youtube.com\/channel\/UCatzolbDQhzYHFwYbdIaFGw\"]}]}<\/script>\n<!-- \/ Yoast SEO plugin. -->","yoast_head_json":{"title":"OTEGO na M\u00eddia - Otego","description":"Destaques OTEGO na m\u00eddia: nossa marca em reportagens, podcasts e v\u00eddeos internacionais. Conhe\u00e7a nossas conquistas e impacto no setor.","robots":{"index":"index","follow":"follow","max-snippet":"max-snippet:-1","max-image-preview":"max-image-preview:large","max-video-preview":"max-video-preview:-1"},"canonical":"https:\/\/otegotextile.com\/pt-pt\/otego-na-midia\/","og_locale":"pt_PT","og_type":"article","og_title":"OTEGO na M\u00eddia - Otego","og_description":"Destaques OTEGO na m\u00eddia: nossa marca em reportagens, podcasts e v\u00eddeos internacionais. Conhe\u00e7a nossas conquistas e impacto no setor.","og_url":"https:\/\/otegotextile.com\/pt-pt\/otego-na-midia\/","og_site_name":"Otego","article_publisher":"https:\/\/www.facebook.com\/OtegoTextile","og_image":[{"width":3000,"height":3000,"url":"https:\/\/otegotextile.com\/wp-content\/uploads\/2021\/01\/Logo-Fleche.png","type":"image\/png"}],"twitter_card":"summary_large_image","twitter_misc":{"Tempo estimado de leitura":"1 minuto"},"schema":{"@context":"https:\/\/schema.org","@graph":[{"@type":"WebPage","@id":"https:\/\/otegotextile.com\/pt-pt\/otego-na-midia\/","url":"https:\/\/otegotextile.com\/pt-pt\/otego-na-midia\/","name":"OTEGO na M\u00eddia - Otego","isPartOf":{"@id":"https:\/\/otegotextile.com\/pt-pt\/#website"},"primaryImageOfPage":{"@id":"https:\/\/otegotextile.com\/pt-pt\/otego-na-midia\/#primaryimage"},"image":{"@id":"https:\/\/otegotextile.com\/pt-pt\/otego-na-midia\/#primaryimage"},"thumbnailUrl":"https:\/\/otegotextile.com\/wp-content\/uploads\/2021\/01\/Logo-Fleche.png","datePublished":"2025-05-16T07:28:57+00:00","description":"Destaques OTEGO na m\u00eddia: nossa marca em reportagens, podcasts e v\u00eddeos internacionais. Conhe\u00e7a nossas conquistas e impacto no setor.","inLanguage":"pt-PT","potentialAction":[{"@type":"ReadAction","target":["https:\/\/otegotextile.com\/pt-pt\/otego-na-midia\/"]}]},{"@type":"ImageObject","inLanguage":"pt-PT","@id":"https:\/\/otegotextile.com\/pt-pt\/otego-na-midia\/#primaryimage","url":"https:\/\/otegotextile.com\/wp-content\/uploads\/2021\/01\/Logo-Fleche.png","contentUrl":"https:\/\/otegotextile.com\/wp-content\/uploads\/2021\/01\/Logo-Fleche.png","width":3000,"height":3000,"caption":"logo otego textile arrow"},{"@type":"WebSite","@id":"https:\/\/otegotextile.com\/pt-pt\/#website","url":"https:\/\/otegotextile.com\/pt-pt\/","name":"Otego","description":"Improve Safety &amp; Productivity for Our Customers Worldwide","publisher":{"@id":"https:\/\/otegotextile.com\/pt-pt\/#organization"},"potentialAction":[{"@type":"SearchAction","target":{"@type":"EntryPoint","urlTemplate":"https:\/\/otegotextile.com\/pt-pt\/?s={search_term_string}"},"query-input":{"@type":"PropertyValueSpecification","valueRequired":true,"valueName":"search_term_string"}}],"inLanguage":"pt-PT"},{"@type":"Organization","@id":"https:\/\/otegotextile.com\/pt-pt\/#organization","name":"OTEGO","url":"https:\/\/otegotextile.com\/pt-pt\/","logo":{"@type":"ImageObject","inLanguage":"pt-PT","@id":"https:\/\/otegotextile.com\/pt-pt\/#\/schema\/logo\/image\/","url":"https:\/\/otegotextile.com\/wp-content\/uploads\/2020\/12\/Default-Thumbnails.png","contentUrl":"https:\/\/otegotextile.com\/wp-content\/uploads\/2020\/12\/Default-Thumbnails.png","width":2000,"height":1000,"caption":"OTEGO"},"image":{"@id":"https:\/\/otegotextile.com\/pt-pt\/#\/schema\/logo\/image\/"},"sameAs":["https:\/\/www.facebook.com\/OtegoTextile","https:\/\/www.linkedin.com\/company\/otego-textile","https:\/\/www.youtube.com\/channel\/UCatzolbDQhzYHFwYbdIaFGw"]}]}},"_links":{"self":[{"href":"https:\/\/otegotextile.com\/pt-pt\/wp-json\/wp\/v2\/pages\/38601","targetHints":{"allow":["GET"]}}],"collection":[{"href":"https:\/\/otegotextile.com\/pt-pt\/wp-json\/wp\/v2\/pages"}],"about":[{"href":"https:\/\/otegotextile.com\/pt-pt\/wp-json\/wp\/v2\/types\/page"}],"author":[{"embeddable":true,"href":"https:\/\/otegotextile.com\/pt-pt\/wp-json\/wp\/v2\/users\/7"}],"replies":[{"embeddable":true,"href":"https:\/\/otegotextile.com\/pt-pt\/wp-json\/wp\/v2\/comments?post=38601"}],"version-history":[{"count":0,"href":"https:\/\/otegotextile.com\/pt-pt\/wp-json\/wp\/v2\/pages\/38601\/revisions"}],"wp:featuredmedia":[{"embeddable":true,"href":"https:\/\/otegotextile.com\/pt-pt\/wp-json\/wp\/v2\/media\/9099"}],"wp:attachment":[{"href":"https:\/\/otegotextile.com\/pt-pt\/wp-json\/wp\/v2\/media?parent=38601"}],"curies":[{"name":"wp","href":"https:\/\/api.w.org\/{rel}","templated":true}]}}