{"id":1873,"date":"2019-04-02T12:26:16","date_gmt":"2019-04-02T10:26:16","guid":{"rendered":"http:\/\/otegotextile.com\/?page_id=1873"},"modified":"2025-02-27T09:41:32","modified_gmt":"2025-02-27T08:41:32","slug":"produtos","status":"publish","type":"page","link":"https:\/\/otegotextile.com\/pt-pt\/produtos\/","title":{"rendered":"Produtos"},"content":{"rendered":"<div class=\"wpb-content-wrapper\">[vc_row css=&#8221;.vc_custom_1548149543115{padding-right: 10% !important;padding-left: 10% !important;background-image: url(http:\/\/otegotextile.com\/wp-content\/uploads\/2019\/01\/banniere-entreprise.jpg?id=1169) !important;background-position: center !important;background-repeat: no-repeat !important;background-size: cover !important;}&#8221;][vc_column][vc_empty_space height=&#8221;100px&#8221;][vc_column_text css=&#8221;&#8221; text_align=&#8221;left&#8221;]\n<h1 style=\"font-size: 32px; line-height: 30px; margin: 0;\">PRODUTOS<\/h1>\n[\/vc_column_text][vc_empty_space height=&#8221;100px&#8221;][\/vc_column][\/vc_row][vc_row css=&#8221;.vc_custom_1543338630826{padding-right: 10% !important;padding-left: 10% !important;}&#8221;][vc_column][vc_empty_space height=&#8221;10px&#8221;][vc_column_text]\n<p style=\"text-align: left;\">\r\n<p id=\"breadcrumbs\"><\/p>\r\n\n[\/vc_column_text][\/vc_column][\/vc_row][vc_row][vc_column][vc_empty_space][\/vc_column][\/vc_row][vc_row content_placement=&#8221;top&#8221; gap=&#8221;10&#8243; equal_height=&#8221;yes&#8221; max_width=&#8221;80&#8243; max_width_custom=&#8221;1200px&#8221;][vc_column width=&#8221;1\/3&#8243; css=&#8221;.vc_custom_1740638511877{padding-top: 15px !important;padding-bottom: 15px !important;background-color: #ffffff !important;border-radius: 10px !important;}&#8221;][vc_single_image image=&#8221;13033&#8243; alignment=&#8221;center&#8221; css=&#8221;&#8221; el_class=&#8221;product-banner&#8221;][vc_empty_space height=&#8221;20&#8243;]<style>.wpex-post-cards.vcex_69e3cc161bc59 .wpex-post-cards-loop .wpex-card-title{font-size:var(--wpex-text-xl);}<\/style><div class=\"wpex-post-cards wpex-post-cards-title_1 vcex_69e3cc161bc59 wpex-relative\"><div class=\"wpex-post-cards-inner\"><div class=\"wpex-post-cards-loop wpex-post-cards-list wpex-grid wpex-grid-cols-1 wpex-gap-15\"><div class=\"wpex-post-cards-entry post-1826 type-portfolio tag-243 tag-244 cat-716 translation_priority-528\"><div class=\"wpex-card wpex-card-title_1 product-title\"><h2 class=\"wpex-card-title wpex-heading\"><a href=\"https:\/\/otegotextile.com\/pt-pt\/products\/forros-industria-pneus-borracha\/\">Revestimentos Antiaderentes<\/a><\/h2><\/div><\/div><\/div><\/div><\/div>[vc_empty_space height=&#8221;20&#8243;]<div class=\"vcex-module vcex-portfolio-grid-wrap wpex-clr\"><div class=\"wpex-row vcex-portfolio-grid wpex-clr entries gap-10\"><div class=\"portfolio-entry vcex-grid-item entry-has-details span_1_of_1 col col-1 wpex-text-left entry post-1830 type-portfolio has-media tag-243 tag-244 cat-718\"><div class=\"portfolio-entry-inner entry-inner wpex-first-mt-0 wpex-last-mb-0 wpex-clr vc_custom_1740638211545\"><div class=\"portfolio-entry-details entry-details wpex-p-0 wpex-first-mt-0 wpex-last-mb-0 wpex-clr\"><h3 class=\"portfolio-entry-title entry-title wpex-mb-5\"><a href=\"https:\/\/otegotextile.com\/pt-pt\/products\/industria-de-borracha\/\" title=\"Ind\u00fastria das borrachas\">Ind\u00fastria das borrachas<\/a><\/h3><\/div><\/div><\/div><div class=\"portfolio-entry vcex-grid-item entry-has-details span_1_of_1 col col-1 wpex-text-left entry post-1828 type-portfolio has-media tag-243 tag-244 cat-718\"><div class=\"portfolio-entry-inner entry-inner wpex-first-mt-0 wpex-last-mb-0 wpex-clr vc_custom_1740638211545\"><div class=\"portfolio-entry-details entry-details wpex-p-0 wpex-first-mt-0 wpex-last-mb-0 wpex-clr\"><h3 class=\"portfolio-entry-title entry-title wpex-mb-5\"><a href=\"https:\/\/otegotextile.com\/pt-pt\/products\/industria-de-pneus\/\" title=\"Ind\u00fastria dos Pneus\">Ind\u00fastria dos Pneus<\/a><\/h3><\/div><\/div><\/div><\/div><\/div>[\/vc_column][vc_column width=&#8221;1\/3&#8243; css=&#8221;.vc_custom_1740639609606{padding-top: 15px !important;padding-bottom: 15px !important;background-color: #ffffff !important;border-radius: 10px !important;}&#8221;][vc_single_image image=&#8221;12997&#8243; alignment=&#8221;center&#8221; css=&#8221;&#8221; el_class=&#8221;product-banner&#8221;][vc_empty_space height=&#8221;20&#8243;]<style>.wpex-post-cards.vcex_69e3cc1621017 .wpex-post-cards-loop .wpex-card-title{font-size:var(--wpex-text-xl);}<\/style><div class=\"wpex-post-cards wpex-post-cards-title_1 vcex_69e3cc1621017 wpex-relative\"><div class=\"wpex-post-cards-inner\"><div class=\"wpex-post-cards-loop wpex-post-cards-list wpex-grid wpex-grid-cols-1 wpex-gap-15\"><div class=\"wpex-post-cards-entry post-1809 type-portfolio tag-26 tag-245 cat-716\"><div class=\"wpex-card wpex-card-title_1 product-title\"><h2 class=\"wpex-card-title wpex-heading\"><a href=\"https:\/\/otegotextile.com\/pt-pt\/products\/flexivel-fole-cobertura-tecidos\/\">Tecidos para foles<\/a><\/h2><\/div><\/div><\/div><\/div><\/div>[vc_empty_space height=&#8221;20&#8243;]<div class=\"vcex-module vcex-portfolio-grid-wrap wpex-clr\"><div class=\"wpex-row vcex-portfolio-grid wpex-clr entries gap-10\"><div class=\"portfolio-entry vcex-grid-item entry-has-details span_1_of_1 col col-1 wpex-text-left entry post-1813 type-portfolio has-media tag-26 tag-245 cat-720\"><div class=\"portfolio-entry-inner entry-inner wpex-first-mt-0 wpex-last-mb-0 wpex-clr vc_custom_1740639181017\"><div class=\"portfolio-entry-details entry-details wpex-p-0 wpex-first-mt-0 wpex-last-mb-0 wpex-clr\"><h3 class=\"portfolio-entry-title entry-title wpex-mb-5\"><a href=\"https:\/\/otegotextile.com\/pt-pt\/products\/abaixo-laser-corte-maquina\/\" title=\"M\u00e1quinas de corte a laser\">M\u00e1quinas de corte a laser<\/a><\/h3><\/div><\/div><\/div><div class=\"portfolio-entry vcex-grid-item entry-has-details span_1_of_1 col col-1 wpex-text-left entry post-1811 type-portfolio has-media tag-26 tag-245 cat-720\"><div class=\"portfolio-entry-inner entry-inner wpex-first-mt-0 wpex-last-mb-0 wpex-clr vc_custom_1740639181017\"><div class=\"portfolio-entry-details entry-details wpex-p-0 wpex-first-mt-0 wpex-last-mb-0 wpex-clr\"><h3 class=\"portfolio-entry-title entry-title wpex-mb-5\"><a href=\"https:\/\/otegotextile.com\/pt-pt\/products\/abaixo-maquinas-ferramentas\/\" title=\"M\u00e1quinas-Ferramentas\">M\u00e1quinas-Ferramentas<\/a><\/h3><\/div><\/div><\/div><\/div><\/div>[\/vc_column][vc_column width=&#8221;1\/3&#8243; css=&#8221;.vc_custom_1740639625227{padding-top: 15px !important;padding-bottom: 15px !important;background-color: #ffffff !important;border-radius: 10px !important;}&#8221;][vc_single_image image=&#8221;13015&#8243; alignment=&#8221;center&#8221; css=&#8221;&#8221; el_class=&#8221;product-banner&#8221;][vc_empty_space height=&#8221;20&#8243;]<style>.wpex-post-cards.vcex_69e3cc162508f .wpex-post-cards-loop .wpex-card-title{font-size:var(--wpex-text-xl);}<\/style><div class=\"wpex-post-cards wpex-post-cards-title_1 vcex_69e3cc162508f wpex-relative\"><div class=\"wpex-post-cards-inner\"><div class=\"wpex-post-cards-loop wpex-post-cards-list wpex-grid wpex-grid-cols-1 wpex-gap-15\"><div class=\"wpex-post-cards-entry post-1820 type-portfolio tag-249 tag-250 cat-716\"><div class=\"wpex-card wpex-card-title_1 product-title\"><h2 class=\"wpex-card-title wpex-heading\"><a href=\"https:\/\/otegotextile.com\/pt-pt\/products\/tecidos-resistentes-a-altas-temperaturas\/\">TECIDO DE PROTE\u00c7\u00c3O CONTRA O CALOR<\/a><\/h2><\/div><\/div><\/div><\/div><\/div>[vc_empty_space height=&#8221;20&#8243;]<div class=\"vcex-module vcex-portfolio-grid-wrap wpex-clr\"><div class=\"wpex-row vcex-portfolio-grid wpex-clr entries gap-10\"><div class=\"portfolio-entry vcex-grid-item entry-has-details span_1_of_1 col col-1 wpex-text-left entry post-1824 type-portfolio has-media tag-249 tag-250 cat-717\"><div class=\"portfolio-entry-inner entry-inner wpex-first-mt-0 wpex-last-mb-0 wpex-clr vc_custom_1740639421679\"><div class=\"portfolio-entry-details entry-details wpex-p-0 wpex-first-mt-0 wpex-last-mb-0 wpex-clr\"><h3 class=\"portfolio-entry-title entry-title wpex-mb-5\"><a href=\"https:\/\/otegotextile.com\/pt-pt\/products\/protecao-para-bombeiros\/\" title=\"Bombeiros: tecidos para a roupa aluminizada\">Bombeiros: tecidos para a roupa aluminizada<\/a><\/h3><\/div><\/div><\/div><div class=\"portfolio-entry vcex-grid-item entry-has-details span_1_of_1 col col-1 wpex-text-left entry post-1822 type-portfolio has-media tag-249 tag-250 cat-717\"><div class=\"portfolio-entry-inner entry-inner wpex-first-mt-0 wpex-last-mb-0 wpex-clr vc_custom_1740639421679\"><div class=\"portfolio-entry-details entry-details wpex-p-0 wpex-first-mt-0 wpex-last-mb-0 wpex-clr\"><h3 class=\"portfolio-entry-title entry-title wpex-mb-5\"><a href=\"https:\/\/otegotextile.com\/pt-pt\/products\/equipamento-protecao-trabalhadores\/\" title=\"Prote\u00e7\u00e3o T\u00e9rnica Industrial\">Prote\u00e7\u00e3o T\u00e9rnica Industrial<\/a><\/h3><\/div><\/div><\/div><\/div><\/div>[\/vc_column][\/vc_row][vc_row][vc_column][vc_empty_space][\/vc_column][\/vc_row][vc_row content_placement=&#8221;top&#8221; gap=&#8221;10&#8243; equal_height=&#8221;yes&#8221; max_width=&#8221;80&#8243; max_width_custom=&#8221;1200px&#8221;][vc_column width=&#8221;1\/3&#8243; css=&#8221;.vc_custom_1740638511877{padding-top: 15px !important;padding-bottom: 15px !important;background-color: #ffffff !important;border-radius: 10px !important;}&#8221;][vc_single_image image=&#8221;13042&#8243; alignment=&#8221;center&#8221; css=&#8221;&#8221; el_class=&#8221;product-banner&#8221;][vc_empty_space height=&#8221;20&#8243;]<style>.wpex-post-cards.vcex_69e3cc1629191 .wpex-post-cards-loop .wpex-card-title{font-size:var(--wpex-text-xl);}<\/style><div class=\"wpex-post-cards wpex-post-cards-title_1 vcex_69e3cc1629191 wpex-relative\"><div class=\"wpex-post-cards-inner\"><div class=\"wpex-post-cards-loop wpex-post-cards-list wpex-grid wpex-grid-cols-1 wpex-gap-15\"><div class=\"wpex-post-cards-entry post-1832 type-portfolio tag-245 tag-248 cat-716\"><div class=\"wpex-card wpex-card-title_1 product-title\"><h2 class=\"wpex-card-title wpex-heading\"><a href=\"https:\/\/otegotextile.com\/pt-pt\/products\/uv-costura-selagem-fitas\/\">Fitas vedantes para uni\u00f5es estanques<\/a><\/h2><\/div><\/div><\/div><\/div><\/div>[vc_empty_space height=&#8221;20&#8243;]<div class=\"vcex-module vcex-portfolio-grid-wrap wpex-clr\"><div class=\"wpex-row vcex-portfolio-grid wpex-clr entries gap-10\"><div class=\"portfolio-entry vcex-grid-item entry-has-details span_1_of_1 col col-1 wpex-text-left entry post-1836 type-portfolio has-media tag-245 tag-248 cat-721\"><div class=\"portfolio-entry-inner entry-inner wpex-first-mt-0 wpex-last-mb-0 wpex-clr vc_custom_1740639889056\"><div class=\"portfolio-entry-details entry-details wpex-p-0 wpex-first-mt-0 wpex-last-mb-0 wpex-clr\"><h3 class=\"portfolio-entry-title entry-title wpex-mb-5\"><a href=\"https:\/\/otegotextile.com\/pt-pt\/products\/costura-selagem-varias-aplicacoes\/\" title=\"Vedantes de uni\u00f5es para m\u00faltiplas aplica\u00e7\u00f5es\">Vedantes de uni\u00f5es para m\u00faltiplas aplica\u00e7\u00f5es<\/a><\/h3><\/div><\/div><\/div><div class=\"portfolio-entry vcex-grid-item entry-has-details span_1_of_1 col col-1 wpex-text-left entry post-1834 type-portfolio has-media tag-245 tag-248 cat-721\"><div class=\"portfolio-entry-inner entry-inner wpex-first-mt-0 wpex-last-mb-0 wpex-clr vc_custom_1740639889056\"><div class=\"portfolio-entry-details entry-details wpex-p-0 wpex-first-mt-0 wpex-last-mb-0 wpex-clr\"><h3 class=\"portfolio-entry-title entry-title wpex-mb-5\"><a href=\"https:\/\/otegotextile.com\/pt-pt\/products\/seam-selagem-fitas-automovel\/\" title=\"Uni\u00f5es vedantes para Autom\u00f3veis\">Uni\u00f5es vedantes para Autom\u00f3veis<\/a><\/h3><\/div><\/div><\/div><\/div><\/div>[\/vc_column][vc_column width=&#8221;1\/3&#8243; css=&#8221;.vc_custom_1740639609606{padding-top: 15px !important;padding-bottom: 15px !important;background-color: #ffffff !important;border-radius: 10px !important;}&#8221;][vc_single_image image=&#8221;13024&#8243; alignment=&#8221;center&#8221; css=&#8221;&#8221; el_class=&#8221;product-banner&#8221;][vc_empty_space height=&#8221;20&#8243;]<style>.wpex-post-cards.vcex_69e3cc162f2e1 .wpex-post-cards-loop .wpex-card-title{font-size:var(--wpex-text-xl);}<\/style><div class=\"wpex-post-cards wpex-post-cards-title_1 vcex_69e3cc162f2e1 wpex-relative\"><div class=\"wpex-post-cards-inner\"><div class=\"wpex-post-cards-loop wpex-post-cards-list wpex-grid wpex-grid-cols-1 wpex-gap-15\"><div class=\"wpex-post-cards-entry post-1797 type-portfolio tag-245 tag-247 cat-716\"><div class=\"wpex-card wpex-card-title_1 product-title\"><h2 class=\"wpex-card-title wpex-heading\"><a href=\"https:\/\/otegotextile.com\/pt-pt\/products\/protetoras-cobre-avioes\/\">Coberturas de prote\u00e7\u00e3o para avi\u00f5es<\/a><\/h2><\/div><\/div><\/div><\/div><\/div>[vc_empty_space height=&#8221;20&#8243;]<div class=\"vcex-module vcex-portfolio-grid-wrap wpex-clr\"><div class=\"wpex-row vcex-portfolio-grid wpex-clr entries gap-10\"><div class=\"portfolio-entry vcex-grid-item entry-has-details span_1_of_1 col col-1 wpex-text-left entry post-1807 type-portfolio has-media tag-245 tag-247 cat-719\"><div class=\"portfolio-entry-inner entry-inner wpex-first-mt-0 wpex-last-mb-0 wpex-clr vc_custom_1740639900967\"><div class=\"portfolio-entry-details entry-details wpex-p-0 wpex-first-mt-0 wpex-last-mb-0 wpex-clr\"><h3 class=\"portfolio-entry-title entry-title wpex-mb-5\"><a href=\"https:\/\/otegotextile.com\/pt-pt\/products\/militar-aeronaves-covers-tecidos\/\" title=\"Coberturas para avi\u00f5es militares\">Coberturas para avi\u00f5es militares<\/a><\/h3><\/div><\/div><\/div><div class=\"portfolio-entry vcex-grid-item entry-has-details span_1_of_1 col col-1 wpex-text-left entry post-1805 type-portfolio has-media tag-245 tag-247 cat-719\"><div class=\"portfolio-entry-inner entry-inner wpex-first-mt-0 wpex-last-mb-0 wpex-clr vc_custom_1740639900967\"><div class=\"portfolio-entry-details entry-details wpex-p-0 wpex-first-mt-0 wpex-last-mb-0 wpex-clr\"><h3 class=\"portfolio-entry-title entry-title wpex-mb-5\"><a href=\"https:\/\/otegotextile.com\/pt-pt\/products\/helicoptero-protetor-cobre-tecidos\/\" title=\"Coberturas para helic\u00f3pteros\">Coberturas para helic\u00f3pteros<\/a><\/h3><\/div><\/div><\/div><div class=\"portfolio-entry vcex-grid-item entry-has-details span_1_of_1 col col-1 wpex-text-left entry post-1799 type-portfolio has-media tag-245 tag-247 cat-719\"><div class=\"portfolio-entry-inner entry-inner wpex-first-mt-0 wpex-last-mb-0 wpex-clr vc_custom_1740639900967\"><div class=\"portfolio-entry-details entry-details wpex-p-0 wpex-first-mt-0 wpex-last-mb-0 wpex-clr\"><h3 class=\"portfolio-entry-title entry-title wpex-mb-5\"><a href=\"https:\/\/otegotextile.com\/pt-pt\/products\/aeronaves-ligacao-entrada-descarga-tampas\/\" title=\"Coberturas para a admiss\u00e3o e escape dos avi\u00f5es\">Coberturas para a admiss\u00e3o e escape dos avi\u00f5es<\/a><\/h3><\/div><\/div><\/div><\/div><\/div>[\/vc_column][vc_column width=&#8221;1\/3&#8243; css=&#8221;.vc_custom_1740639625227{padding-top: 15px !important;padding-bottom: 15px !important;background-color: #ffffff !important;border-radius: 10px !important;}&#8221;][vc_single_image image=&#8221;13006&#8243; alignment=&#8221;center&#8221; css=&#8221;&#8221; el_class=&#8221;product-banner&#8221;][vc_empty_space height=&#8221;20&#8243;]<style>.wpex-post-cards.vcex_69e3cc16339cd .wpex-post-cards-loop .wpex-card-title{font-size:var(--wpex-text-xl);}<\/style><div class=\"wpex-post-cards wpex-post-cards-title_1 vcex_69e3cc16339cd wpex-relative\"><div class=\"wpex-post-cards-inner\"><div class=\"wpex-post-cards-loop wpex-post-cards-list wpex-grid wpex-grid-cols-1 wpex-gap-15\"><div class=\"wpex-post-cards-entry post-1816 type-portfolio tag-246 tag-245 cat-716\"><div class=\"wpex-card wpex-card-title_1 product-title\"><h2 class=\"wpex-card-title wpex-heading\"><a href=\"https:\/\/otegotextile.com\/pt-pt\/products\/tecnicas-revestidas-tecidos-flexiveis-ductings\/\">Canaliza\u00e7\u00f5es flex\u00edveis<\/a><\/h2><\/div><\/div><\/div><\/div><\/div>[vc_empty_space height=&#8221;20&#8243;]<div class=\"vcex-module vcex-portfolio-grid-wrap wpex-clr\"><div class=\"wpex-row vcex-portfolio-grid wpex-clr entries gap-10\"><div class=\"portfolio-entry vcex-grid-item entry-has-details span_1_of_1 col col-1 wpex-text-left entry post-1818 type-portfolio has-media tag-246 tag-245 cat-722\"><div class=\"portfolio-entry-inner entry-inner wpex-first-mt-0 wpex-last-mb-0 wpex-clr vc_custom_1740639962402\"><div class=\"portfolio-entry-details entry-details wpex-p-0 wpex-first-mt-0 wpex-last-mb-0 wpex-clr\"><h3 class=\"portfolio-entry-title entry-title wpex-mb-5\"><a href=\"https:\/\/otegotextile.com\/pt-pt\/products\/retardador-chama-dutos-tecidos\/\" title=\"Tecido retardante de chamas para canaliza\u00e7\u00f5es\">Tecido retardante de chamas para canaliza\u00e7\u00f5es<\/a><\/h3><\/div><\/div><\/div><\/div><\/div>[\/vc_column][\/vc_row]\n<\/div>","protected":false},"excerpt":{"rendered":"<p>[vc_row css=&#8221;.vc_custom_1548149543115{padding-right: 10% !important;padding-left: 10% !important;background-image: url(http:\/\/otegotextile.com\/wp-content\/uploads\/2019\/01\/banniere-entreprise.jpg?id=1169) !important;background-position: center !important;background-repeat: no-repeat !important;background-size: cover !important;}&#8221;][vc_column][vc_empty_space height=&#8221;100px&#8221;][vc_column_text css=&#8221;&#8221; text_align=&#8221;left&#8221;] PRODUTOS [\/vc_column_text][vc_empty_space height=&#8221;100px&#8221;][\/vc_column][\/vc_row][vc_row css=&#8221;.vc_custom_1543338630826{padding-right: 10% !important;padding-left: 10% !important;}&#8221;][vc_column][vc_empty_space height=&#8221;10px&#8221;][vc_column_text] [\/vc_column_text][\/vc_column][\/vc_row][vc_row][vc_column][vc_empty_space][\/vc_column][\/vc_row][vc_row content_placement=&#8221;top&#8221; gap=&#8221;10&#8243; equal_height=&#8221;yes&#8221;&hellip;<\/p>\n","protected":false},"author":7,"featured_media":0,"parent":0,"menu_order":0,"comment_status":"closed","ping_status":"closed","template":"","meta":{"footnotes":"","_links_to":"","_links_to_target":""},"class_list":["post-1873","page","type-page","status-publish","hentry","entry","has-media"],"yoast_head":"<!-- This site is optimized with the Yoast SEO plugin v27.2 - https:\/\/yoast.com\/product\/yoast-seo-wordpress\/ -->\n<title>Produtos - Otego<\/title>\n<meta name=\"robots\" content=\"index, follow, max-snippet:-1, max-image-preview:large, max-video-preview:-1\" \/>\n<link rel=\"canonical\" href=\"https:\/\/otegotextile.com\/pt-pt\/produtos\/\" \/>\n<meta property=\"og:locale\" content=\"pt_PT\" \/>\n<meta property=\"og:type\" content=\"article\" \/>\n<meta property=\"og:title\" content=\"Produtos - Otego\" \/>\n<meta property=\"og:description\" content=\"[vc_row css=&#8221;.vc_custom_1548149543115{padding-right: 10% !important;padding-left: 10% !important;background-image: url(http:\/\/otegotextile.com\/wp-content\/uploads\/2019\/01\/banniere-entreprise.jpg?id=1169) !important;background-position: center !important;background-repeat: no-repeat !important;background-size: cover !important;}&#8221;][vc_column][vc_empty_space height=&#8221;100px&#8221;][vc_column_text css=&#8221;&#8221; text_align=&#8221;left&#8221;] PRODUTOS [\/vc_column_text][vc_empty_space height=&#8221;100px&#8221;][\/vc_column][\/vc_row][vc_row css=&#8221;.vc_custom_1543338630826{padding-right: 10% !important;padding-left: 10% !important;}&#8221;][vc_column][vc_empty_space height=&#8221;10px&#8221;][vc_column_text] [\/vc_column_text][\/vc_column][\/vc_row][vc_row][vc_column][vc_empty_space][\/vc_column][\/vc_row][vc_row content_placement=&#8221;top&#8221; gap=&#8221;10&#8243; equal_height=&#8221;yes&#8221;&hellip;\" \/>\n<meta property=\"og:url\" content=\"https:\/\/otegotextile.com\/pt-pt\/produtos\/\" \/>\n<meta property=\"og:site_name\" content=\"Otego\" \/>\n<meta property=\"article:publisher\" content=\"https:\/\/www.facebook.com\/OtegoTextile\" \/>\n<meta property=\"article:modified_time\" content=\"2025-02-27T08:41:32+00:00\" \/>\n<meta property=\"og:image\" content=\"https:\/\/otegotextile.com\/wp-content\/uploads\/2020\/11\/slider2-dickson-ptl-2.jpg\" \/>\n\t<meta property=\"og:image:width\" content=\"1920\" \/>\n\t<meta property=\"og:image:height\" content=\"640\" \/>\n\t<meta property=\"og:image:type\" content=\"image\/jpeg\" \/>\n<meta name=\"twitter:card\" content=\"summary_large_image\" \/>\n<meta name=\"twitter:label1\" content=\"Tempo estimado de leitura\" \/>\n\t<meta name=\"twitter:data1\" content=\"4 minutos\" \/>\n<script type=\"application\/ld+json\" class=\"yoast-schema-graph\">{\"@context\":\"https:\/\/schema.org\",\"@graph\":[{\"@type\":\"WebPage\",\"@id\":\"https:\/\/otegotextile.com\/pt-pt\/produtos\/\",\"url\":\"https:\/\/otegotextile.com\/pt-pt\/produtos\/\",\"name\":\"Produtos - Otego\",\"isPartOf\":{\"@id\":\"https:\/\/otegotextile.com\/pt-pt\/#website\"},\"datePublished\":\"2019-04-02T10:26:16+00:00\",\"dateModified\":\"2025-02-27T08:41:32+00:00\",\"inLanguage\":\"pt-PT\",\"potentialAction\":[{\"@type\":\"ReadAction\",\"target\":[\"https:\/\/otegotextile.com\/pt-pt\/produtos\/\"]}]},{\"@type\":\"WebSite\",\"@id\":\"https:\/\/otegotextile.com\/pt-pt\/#website\",\"url\":\"https:\/\/otegotextile.com\/pt-pt\/\",\"name\":\"Otego\",\"description\":\"Improve Safety &amp; Productivity for Our Customers Worldwide\",\"publisher\":{\"@id\":\"https:\/\/otegotextile.com\/pt-pt\/#organization\"},\"potentialAction\":[{\"@type\":\"SearchAction\",\"target\":{\"@type\":\"EntryPoint\",\"urlTemplate\":\"https:\/\/otegotextile.com\/pt-pt\/?s={search_term_string}\"},\"query-input\":{\"@type\":\"PropertyValueSpecification\",\"valueRequired\":true,\"valueName\":\"search_term_string\"}}],\"inLanguage\":\"pt-PT\"},{\"@type\":\"Organization\",\"@id\":\"https:\/\/otegotextile.com\/pt-pt\/#organization\",\"name\":\"OTEGO\",\"url\":\"https:\/\/otegotextile.com\/pt-pt\/\",\"logo\":{\"@type\":\"ImageObject\",\"inLanguage\":\"pt-PT\",\"@id\":\"https:\/\/otegotextile.com\/pt-pt\/#\/schema\/logo\/image\/\",\"url\":\"https:\/\/otegotextile.com\/wp-content\/uploads\/2020\/12\/Default-Thumbnails.png\",\"contentUrl\":\"https:\/\/otegotextile.com\/wp-content\/uploads\/2020\/12\/Default-Thumbnails.png\",\"width\":2000,\"height\":1000,\"caption\":\"OTEGO\"},\"image\":{\"@id\":\"https:\/\/otegotextile.com\/pt-pt\/#\/schema\/logo\/image\/\"},\"sameAs\":[\"https:\/\/www.facebook.com\/OtegoTextile\",\"https:\/\/www.linkedin.com\/company\/otego-textile\",\"https:\/\/www.youtube.com\/channel\/UCatzolbDQhzYHFwYbdIaFGw\"]}]}<\/script>\n<!-- \/ Yoast SEO plugin. -->","yoast_head_json":{"title":"Produtos - Otego","robots":{"index":"index","follow":"follow","max-snippet":"max-snippet:-1","max-image-preview":"max-image-preview:large","max-video-preview":"max-video-preview:-1"},"canonical":"https:\/\/otegotextile.com\/pt-pt\/produtos\/","og_locale":"pt_PT","og_type":"article","og_title":"Produtos - Otego","og_description":"[vc_row css=&#8221;.vc_custom_1548149543115{padding-right: 10% !important;padding-left: 10% !important;background-image: url(http:\/\/otegotextile.com\/wp-content\/uploads\/2019\/01\/banniere-entreprise.jpg?id=1169) !important;background-position: center !important;background-repeat: no-repeat !important;background-size: cover !important;}&#8221;][vc_column][vc_empty_space height=&#8221;100px&#8221;][vc_column_text css=&#8221;&#8221; text_align=&#8221;left&#8221;] PRODUTOS [\/vc_column_text][vc_empty_space height=&#8221;100px&#8221;][\/vc_column][\/vc_row][vc_row css=&#8221;.vc_custom_1543338630826{padding-right: 10% !important;padding-left: 10% !important;}&#8221;][vc_column][vc_empty_space height=&#8221;10px&#8221;][vc_column_text] [\/vc_column_text][\/vc_column][\/vc_row][vc_row][vc_column][vc_empty_space][\/vc_column][\/vc_row][vc_row content_placement=&#8221;top&#8221; gap=&#8221;10&#8243; equal_height=&#8221;yes&#8221;&hellip;","og_url":"https:\/\/otegotextile.com\/pt-pt\/produtos\/","og_site_name":"Otego","article_publisher":"https:\/\/www.facebook.com\/OtegoTextile","article_modified_time":"2025-02-27T08:41:32+00:00","og_image":[{"width":1920,"height":640,"url":"https:\/\/otegotextile.com\/wp-content\/uploads\/2020\/11\/slider2-dickson-ptl-2.jpg","type":"image\/jpeg"}],"twitter_card":"summary_large_image","twitter_misc":{"Tempo estimado de leitura":"4 minutos"},"schema":{"@context":"https:\/\/schema.org","@graph":[{"@type":"WebPage","@id":"https:\/\/otegotextile.com\/pt-pt\/produtos\/","url":"https:\/\/otegotextile.com\/pt-pt\/produtos\/","name":"Produtos - Otego","isPartOf":{"@id":"https:\/\/otegotextile.com\/pt-pt\/#website"},"datePublished":"2019-04-02T10:26:16+00:00","dateModified":"2025-02-27T08:41:32+00:00","inLanguage":"pt-PT","potentialAction":[{"@type":"ReadAction","target":["https:\/\/otegotextile.com\/pt-pt\/produtos\/"]}]},{"@type":"WebSite","@id":"https:\/\/otegotextile.com\/pt-pt\/#website","url":"https:\/\/otegotextile.com\/pt-pt\/","name":"Otego","description":"Improve Safety &amp; Productivity for Our Customers Worldwide","publisher":{"@id":"https:\/\/otegotextile.com\/pt-pt\/#organization"},"potentialAction":[{"@type":"SearchAction","target":{"@type":"EntryPoint","urlTemplate":"https:\/\/otegotextile.com\/pt-pt\/?s={search_term_string}"},"query-input":{"@type":"PropertyValueSpecification","valueRequired":true,"valueName":"search_term_string"}}],"inLanguage":"pt-PT"},{"@type":"Organization","@id":"https:\/\/otegotextile.com\/pt-pt\/#organization","name":"OTEGO","url":"https:\/\/otegotextile.com\/pt-pt\/","logo":{"@type":"ImageObject","inLanguage":"pt-PT","@id":"https:\/\/otegotextile.com\/pt-pt\/#\/schema\/logo\/image\/","url":"https:\/\/otegotextile.com\/wp-content\/uploads\/2020\/12\/Default-Thumbnails.png","contentUrl":"https:\/\/otegotextile.com\/wp-content\/uploads\/2020\/12\/Default-Thumbnails.png","width":2000,"height":1000,"caption":"OTEGO"},"image":{"@id":"https:\/\/otegotextile.com\/pt-pt\/#\/schema\/logo\/image\/"},"sameAs":["https:\/\/www.facebook.com\/OtegoTextile","https:\/\/www.linkedin.com\/company\/otego-textile","https:\/\/www.youtube.com\/channel\/UCatzolbDQhzYHFwYbdIaFGw"]}]}},"_links":{"self":[{"href":"https:\/\/otegotextile.com\/pt-pt\/wp-json\/wp\/v2\/pages\/1873","targetHints":{"allow":["GET"]}}],"collection":[{"href":"https:\/\/otegotextile.com\/pt-pt\/wp-json\/wp\/v2\/pages"}],"about":[{"href":"https:\/\/otegotextile.com\/pt-pt\/wp-json\/wp\/v2\/types\/page"}],"author":[{"embeddable":true,"href":"https:\/\/otegotextile.com\/pt-pt\/wp-json\/wp\/v2\/users\/7"}],"replies":[{"embeddable":true,"href":"https:\/\/otegotextile.com\/pt-pt\/wp-json\/wp\/v2\/comments?post=1873"}],"version-history":[{"count":0,"href":"https:\/\/otegotextile.com\/pt-pt\/wp-json\/wp\/v2\/pages\/1873\/revisions"}],"wp:attachment":[{"href":"https:\/\/otegotextile.com\/pt-pt\/wp-json\/wp\/v2\/media?parent=1873"}],"curies":[{"name":"wp","href":"https:\/\/api.w.org\/{rel}","templated":true}]}}