{"id":9420,"date":"2021-02-17T09:17:02","date_gmt":"2021-02-17T08:17:02","guid":{"rendered":"https:\/\/otegotextile.com\/?page_id=9420"},"modified":"2021-08-18T09:11:41","modified_gmt":"2021-08-18T07:11:41","slug":"presse","status":"publish","type":"page","link":"https:\/\/otegotextile.com\/fr\/presse\/","title":{"rendered":"Presse"},"content":{"rendered":"<div class=\"wpb-content-wrapper\">[vc_row full_width=\u00a0\u00bbstretch_row\u00a0\u00bb content_placement=\u00a0\u00bbmiddle\u00a0\u00bb css=\u00a0\u00bb.vc_custom_1613549043044{background-image: url(https:\/\/otegotextile.com\/wp-content\/uploads\/2021\/02\/Press.jpg?id=9460) !important;background-position: center !important;background-repeat: no-repeat !important;background-size: cover !important;}\u00a0\u00bb min_height=\u00a0\u00bb260&Prime;][vc_column][vc_column_text]\n<h1>Presse<\/h1>\n<div id=\"gtx-trans\" style=\"position: absolute; left: -67px; top: -4.09375px;\">\n<div class=\"gtx-trans-icon\"><\/div>\n<\/div>\n[\/vc_column_text][\/vc_column][\/vc_row][vc_row content_placement=\u00a0\u00bbmiddle\u00a0\u00bb][vc_column][vc_empty_space height=\u00a0\u00bb10px\u00a0\u00bb][vc_column_text]\r\n<p id=\"breadcrumbs\"><\/p>\r\n\n<div id=\"gtx-trans\" style=\"position: absolute; left: 461px; top: 38px;\">\n<div class=\"gtx-trans-icon\"><\/div>\n<\/div>\n[\/vc_column_text][vc_empty_space height=\u00a0\u00bb30px\u00a0\u00bb][\/vc_column][\/vc_row][vc_row][vc_column][vc_column_text]\n<p style=\"text-align: center;\"><span style=\"font-size: 21px;\">Retrouvez toute notre actualit\u00e9 \u00e0 l&rsquo;\u00e9crit, en podcast et en vid\u00e9os, dans les m\u00e9dias de la presse fran\u00e7aise et partout dans le monde.<\/span><\/p>\n[\/vc_column_text][vc_separator color=\u00a0\u00bbblack\u00a0\u00bb css=\u00a0\u00bb.vc_custom_1613542684867{margin-top: 20px !important;margin-bottom: 20px !important;}\u00a0\u00bb][vc_column_text]\n\n<div class=\"su-posts su-posts-default-loop \">\n\n\t\n\t\t\t\t\t\n\t\t\t\n\t\t\t<div id=\"su-post-34414\" class=\"su-post \">\n\n\t\t\t\t\t\t\t\t\t<a class=\"su-post-thumbnail\" href=\"https:\/\/otegotextile.com\/fr\/news\/article-bref-eco-exporter-cest-aussi-construire-des-ponts-entre-les-cultures\/\"><img width=\"1000\" height=\"500\" src=\"https:\/\/otegotextile.com\/wp-content\/uploads\/2024\/05\/Brefeco_meanwhile_devoile_son_premier_robot.jpg\" class=\"attachment-post-thumbnail size-post-thumbnail wp-post-image\" alt=\"Logo de Bref Eco\" srcset=\"https:\/\/otegotextile.com\/wp-content\/uploads\/2024\/05\/Brefeco_meanwhile_devoile_son_premier_robot.jpg 1000w, https:\/\/otegotextile.com\/wp-content\/uploads\/2024\/05\/Brefeco_meanwhile_devoile_son_premier_robot-300x150.jpg 300w, https:\/\/otegotextile.com\/wp-content\/uploads\/2024\/05\/Brefeco_meanwhile_devoile_son_premier_robot-768x384.jpg 768w, https:\/\/otegotextile.com\/wp-content\/uploads\/2024\/05\/Brefeco_meanwhile_devoile_son_premier_robot-430x215.jpg 430w\" sizes=\"(max-width: 1000px) 100vw, 1000px\" \/><\/a>\n\t\t\t\t\n\t\t\t\t<h2 class=\"su-post-title\"><a href=\"https:\/\/otegotextile.com\/fr\/news\/article-bref-eco-exporter-cest-aussi-construire-des-ponts-entre-les-cultures\/\">Article &#8211; Bref Eco &#8211; Exporter, c\u2019est aussi construire des ponts entre les cultures\u00a0\u00bb<\/a><\/h2>\n\n\t\t\t\t<div class=\"su-post-meta\">\n\t\t\t\t\tPubli\u00e9: 22 mai 2024\t\t\t\t<\/div>\n\n\t\t\t\t<div class=\"su-post-excerpt\">\n\t\t\t\t\t<p>[vc_row][vc_column][vc_column_text]Dans une interview donn\u00e9e au magazine Bref Eco, Thierry Mosa, dirigeant de l\u2019entreprise lyonnaise Otego, partage ses strat\u00e9gies et r\u00e9ussites \u00e0 l&rsquo;international. Otego, qui exporte 85 % de ses tissus&hellip;<\/p>\n\t\t\t\t<\/div>\n\n\t\t\t\t\n\t\t\t<\/div>\n\n\t\t\t\t\t\n\t\t\t\n\t\t\t<div id=\"su-post-9557\" class=\"su-post \">\n\n\t\t\t\t\t\t\t\t\t<a class=\"su-post-thumbnail\" href=\"https:\/\/www.lemoci.com\/entreprises-otego-veut-encore-grandir-a-linternational\/\"><img width=\"260\" height=\"260\" src=\"https:\/\/otegotextile.com\/wp-content\/uploads\/2021\/03\/TW4AqiCm_400x400.png\" class=\"attachment-post-thumbnail size-post-thumbnail wp-post-image\" alt=\"\" srcset=\"https:\/\/otegotextile.com\/wp-content\/uploads\/2021\/03\/TW4AqiCm_400x400.png 260w, https:\/\/otegotextile.com\/wp-content\/uploads\/2021\/03\/TW4AqiCm_400x400-150x150.png 150w, https:\/\/otegotextile.com\/wp-content\/uploads\/2021\/03\/TW4AqiCm_400x400-125x125.png 125w\" sizes=\"(max-width: 260px) 100vw, 260px\" \/><\/a>\n\t\t\t\t\n\t\t\t\t<h2 class=\"su-post-title\"><a href=\"https:\/\/www.lemoci.com\/entreprises-otego-veut-encore-grandir-a-linternational\/\">ARTICLE &#8211; LE MOCI &#8211; ENTREPRISES : OTEGO VEUT ENCORE GRANDIR \u00c0 L\u2019INTERNATIONAL<\/a><\/h2>\n\n\t\t\t\t<div class=\"su-post-meta\">\n\t\t\t\t\tPubli\u00e9: 11 mars 2021\t\t\t\t<\/div>\n\n\t\t\t\t<div class=\"su-post-excerpt\">\n\t\t\t\t\t\t\t\t\t<\/div>\n\n\t\t\t\t\n\t\t\t<\/div>\n\n\t\t\t\t\t\n\t\t\t\n\t\t\t<div id=\"su-post-9554\" class=\"su-post \">\n\n\t\t\t\t\t\t\t\t\t<a class=\"su-post-thumbnail\" href=\"https:\/\/www.lejournaldesentreprises.com\/auvergne-rhone-alpes\/article\/comment-la-discrete-otego-conquis-linternational-1114859\"><img width=\"225\" height=\"225\" src=\"https:\/\/otegotextile.com\/wp-content\/uploads\/2021\/03\/telechargement.png\" class=\"attachment-post-thumbnail size-post-thumbnail wp-post-image\" alt=\"Le journal des entreprises OTEGO logo\" srcset=\"https:\/\/otegotextile.com\/wp-content\/uploads\/2021\/03\/telechargement.png 225w, https:\/\/otegotextile.com\/wp-content\/uploads\/2021\/03\/telechargement-150x150.png 150w, https:\/\/otegotextile.com\/wp-content\/uploads\/2021\/03\/telechargement-125x125.png 125w\" sizes=\"(max-width: 225px) 100vw, 225px\" \/><\/a>\n\t\t\t\t\n\t\t\t\t<h2 class=\"su-post-title\"><a href=\"https:\/\/www.lejournaldesentreprises.com\/auvergne-rhone-alpes\/article\/comment-la-discrete-otego-conquis-linternational-1114859\">ARTICLE \u2013 LE JOURNAL DES ENTERPRISES \u2013 COMMENT LA DISCRETE OTEGO A CONQUIS L&rsquo;INTERNATIONAL<\/a><\/h2>\n\n\t\t\t\t<div class=\"su-post-meta\">\n\t\t\t\t\tPubli\u00e9: 10 mars 2021\t\t\t\t<\/div>\n\n\t\t\t\t<div class=\"su-post-excerpt\">\n\t\t\t\t\t<p>Le Journal des Entreprises s&rsquo;est int\u00e9ress\u00e9 \u00e0 la mini\u00e8re dont OTEGO s&rsquo;est d\u00e9velopp\u00e9e \u00e0 l&rsquo;international en devenant sp\u00e9cialiste des textiles techniques sur des domaines pr\u00e9cis afin de cr\u00e9er une vraie&hellip;<\/p>\n\t\t\t\t<\/div>\n\n\t\t\t\t\n\t\t\t<\/div>\n\n\t\t\t\t\t\n\t\t\t\n\t\t\t<div id=\"su-post-9530\" class=\"su-post \">\n\n\t\t\t\t\t\t\t\t\t<a class=\"su-post-thumbnail\" href=\"https:\/\/www.le-tout-lyon.fr\/textiles-techniques-depuis-l-usine-de-dagneux-otego-a-tisse-une-toile-mondiale-13610.html\"><img width=\"200\" height=\"200\" src=\"https:\/\/otegotextile.com\/wp-content\/uploads\/2021\/02\/LTL.png\" class=\"attachment-post-thumbnail size-post-thumbnail wp-post-image\" alt=\"Le Tout Lyon Logo Article Otego\" srcset=\"https:\/\/otegotextile.com\/wp-content\/uploads\/2021\/02\/LTL.png 200w, https:\/\/otegotextile.com\/wp-content\/uploads\/2021\/02\/LTL-150x150.png 150w, https:\/\/otegotextile.com\/wp-content\/uploads\/2021\/02\/LTL-125x125.png 125w\" sizes=\"(max-width: 200px) 100vw, 200px\" \/><\/a>\n\t\t\t\t\n\t\t\t\t<h2 class=\"su-post-title\"><a href=\"https:\/\/www.le-tout-lyon.fr\/textiles-techniques-depuis-l-usine-de-dagneux-otego-a-tisse-une-toile-mondiale-13610.html\">Article &#8211; Le Tout Lyon &#8211; Textiles techniques : depuis l&rsquo;usine de Dagneux, Otego a tiss\u00e9 une toile mondiale<\/a><\/h2>\n\n\t\t\t\t<div class=\"su-post-meta\">\n\t\t\t\t\tPubli\u00e9: 10 f\u00e9vrier 2021\t\t\t\t<\/div>\n\n\t\t\t\t<div class=\"su-post-excerpt\">\n\t\t\t\t\t<p>Le Tout Lyon revient sur l&rsquo;histoire r\u00e9cente de PTL devenu OTEGO pour parler de son d\u00e9veloppement international depuis Lyon.<\/p>\n\t\t\t\t<\/div>\n\n\t\t\t\t\n\t\t\t<\/div>\n\n\t\t\t\t\t\n\t\t\t\n\t\t\t<div id=\"su-post-9449\" class=\"su-post \">\n\n\t\t\t\t\t\t\t\t\t<a class=\"su-post-thumbnail\" href=\"https:\/\/www.radioclassique.fr\/radio\/emissions\/la-matinale-economique\/territoires-dexcellence\/\"><img width=\"246\" height=\"246\" src=\"https:\/\/otegotextile.com\/wp-content\/uploads\/2021\/02\/Screenshot_2021-02-17-LEmission-Territoires-dExcellence-Reecoutez-le-podcast-Radio-Classique.png\" class=\"attachment-post-thumbnail size-post-thumbnail wp-post-image\" alt=\"Radio classique logo interview\" srcset=\"https:\/\/otegotextile.com\/wp-content\/uploads\/2021\/02\/Screenshot_2021-02-17-LEmission-Territoires-dExcellence-Reecoutez-le-podcast-Radio-Classique.png 246w, https:\/\/otegotextile.com\/wp-content\/uploads\/2021\/02\/Screenshot_2021-02-17-LEmission-Territoires-dExcellence-Reecoutez-le-podcast-Radio-Classique-150x150.png 150w, https:\/\/otegotextile.com\/wp-content\/uploads\/2021\/02\/Screenshot_2021-02-17-LEmission-Territoires-dExcellence-Reecoutez-le-podcast-Radio-Classique-125x125.png 125w\" sizes=\"(max-width: 246px) 100vw, 246px\" \/><\/a>\n\t\t\t\t\n\t\t\t\t<h2 class=\"su-post-title\"><a href=\"https:\/\/www.radioclassique.fr\/radio\/emissions\/la-matinale-economique\/territoires-dexcellence\/\">Interview &#8211; Radio Classique<\/a><\/h2>\n\n\t\t\t\t<div class=\"su-post-meta\">\n\t\t\t\t\tPubli\u00e9: 26 janvier 2021\t\t\t\t<\/div>\n\n\t\t\t\t<div class=\"su-post-excerpt\">\n\t\t\t\t\t<p>Radio Classique interviewe Thierry Mosa \u00e0 propos d&rsquo;OTEGO pendant l&rsquo;\u00e9mission \u00ab\u00a0Territoires d\u2019Excellence\u00a0\u00bb qui s&rsquo;int\u00e9resse au savoir-faire fran\u00e7ais.<\/p>\n\t\t\t\t<\/div>\n\n\t\t\t\t\n\t\t\t<\/div>\n\n\t\t\t\t\t\n\t\t\t\n\t\t\t<div id=\"su-post-9474\" class=\"su-post \">\n\n\t\t\t\t\t\t\t\t\t<a class=\"su-post-thumbnail\" href=\"https:\/\/www.lefigaro.fr\/decideurs\/parole-patron\/le-travail-demain-une-nouvelle-donne-20200527\"><img width=\"400\" height=\"400\" src=\"https:\/\/otegotextile.com\/wp-content\/uploads\/2021\/02\/L0KWKo11_400x400.jpg\" class=\"attachment-post-thumbnail size-post-thumbnail wp-post-image\" alt=\"logo Le figaro\" srcset=\"https:\/\/otegotextile.com\/wp-content\/uploads\/2021\/02\/L0KWKo11_400x400.jpg 400w, https:\/\/otegotextile.com\/wp-content\/uploads\/2021\/02\/L0KWKo11_400x400-300x300.jpg 300w, https:\/\/otegotextile.com\/wp-content\/uploads\/2021\/02\/L0KWKo11_400x400-150x150.jpg 150w, https:\/\/otegotextile.com\/wp-content\/uploads\/2021\/02\/L0KWKo11_400x400-125x125.jpg 125w\" sizes=\"(max-width: 400px) 100vw, 400px\" \/><\/a>\n\t\t\t\t\n\t\t\t\t<h2 class=\"su-post-title\"><a href=\"https:\/\/www.lefigaro.fr\/decideurs\/parole-patron\/le-travail-demain-une-nouvelle-donne-20200527\">Tribune &#8211; Le Figaro &#8211; Le travail demain: une nouvelle donne?<\/a><\/h2>\n\n\t\t\t\t<div class=\"su-post-meta\">\n\t\t\t\t\tPubli\u00e9: 27 mai 2020\t\t\t\t<\/div>\n\n\t\t\t\t<div class=\"su-post-excerpt\">\n\t\t\t\t\t<p>Dans une tribune publi\u00e9e au Figaro, Thierry Mosa se joint \u00e0 cinq chefs d&rsquo;entreprises pour repenser le travail apr\u00e8s la crise du COVID et \u00e9voquer les bouleversements internes auxquelles les&hellip;<\/p>\n\t\t\t\t<\/div>\n\n\t\t\t\t\n\t\t\t<\/div>\n\n\t\t\n\t\n<\/div>\n[\/vc_column_text][vc_empty_space height=\u00a0\u00bb30px\u00a0\u00bb][vc_raw_html]JTNDc3R5bGUlM0UlMEFpbWcuYXR0YWNobWVudC1wb3N0LXRodW1ibmFpbC5zaXplLXBvc3QtdGh1bWJuYWlsLndwLXBvc3QtaW1hZ2UlN0IlMEElMjAlMjAlMjAlMjBib3JkZXItcmFkaXVzJTNBJTIwMTBweCUzQiUwQSU3RCUwQSUzQyUyRnN0eWxlJTNF[\/vc_raw_html][\/vc_column][\/vc_row]\n<\/div>","protected":false},"excerpt":{"rendered":"<p>[vc_row full_width=\u00a0\u00bbstretch_row\u00a0\u00bb content_placement=\u00a0\u00bbmiddle\u00a0\u00bb css=\u00a0\u00bb.vc_custom_1613549043044{background-image: url(https:\/\/otegotextile.com\/wp-content\/uploads\/2021\/02\/Press.jpg?id=9460) !important;background-position: center !important;background-repeat: no-repeat !important;background-size: cover !important;}\u00a0\u00bb min_height=\u00a0\u00bb260&Prime;][vc_column][vc_column_text] Presse [\/vc_column_text][\/vc_column][\/vc_row][vc_row content_placement=\u00a0\u00bbmiddle\u00a0\u00bb][vc_column][vc_empty_space height=\u00a0\u00bb10px\u00a0\u00bb][vc_column_text] [\/vc_column_text][vc_empty_space height=\u00a0\u00bb30px\u00a0\u00bb][\/vc_column][\/vc_row][vc_row][vc_column][vc_column_text] Retrouvez toute notre actualit\u00e9 \u00e0 l&rsquo;\u00e9crit, en podcast et en vid\u00e9os,&hellip;<\/p>\n","protected":false},"author":7,"featured_media":9106,"parent":0,"menu_order":0,"comment_status":"closed","ping_status":"closed","template":"","meta":{"footnotes":"","_links_to":"","_links_to_target":""},"class_list":["post-9420","page","type-page","status-publish","has-post-thumbnail","hentry","entry","has-media"],"yoast_head":"<!-- This site is optimized with the Yoast SEO plugin v27.2 - https:\/\/yoast.com\/product\/yoast-seo-wordpress\/ -->\n<title>Presse - Otego<\/title>\n<meta name=\"description\" content=\"Retrouvez toute notre actualit\u00e9 \u00e0 l&#039;\u00e9crit, en podcast et en vid\u00e9os, dans les m\u00e9dias de la presse fran\u00e7aise et partout dans le monde.\" \/>\n<meta name=\"robots\" content=\"index, follow, max-snippet:-1, max-image-preview:large, max-video-preview:-1\" \/>\n<link rel=\"canonical\" href=\"https:\/\/otegotextile.com\/fr\/presse\/\" \/>\n<meta property=\"og:locale\" content=\"fr_FR\" \/>\n<meta property=\"og:type\" content=\"article\" \/>\n<meta property=\"og:title\" content=\"Presse - Otego\" \/>\n<meta property=\"og:description\" content=\"Retrouvez toute notre actualit\u00e9 \u00e0 l&#039;\u00e9crit, en podcast et en vid\u00e9os, dans les m\u00e9dias de la presse fran\u00e7aise et partout dans le monde.\" \/>\n<meta property=\"og:url\" content=\"https:\/\/otegotextile.com\/fr\/presse\/\" \/>\n<meta property=\"og:site_name\" content=\"Otego\" \/>\n<meta property=\"article:publisher\" content=\"https:\/\/www.facebook.com\/OtegoTextile\" \/>\n<meta property=\"article:modified_time\" content=\"2021-08-18T07:11:41+00:00\" \/>\n<meta property=\"og:image\" content=\"https:\/\/otegotextile.com\/wp-content\/uploads\/2021\/01\/Logo-Fleche.png\" \/>\n\t<meta property=\"og:image:width\" content=\"3000\" \/>\n\t<meta property=\"og:image:height\" content=\"3000\" \/>\n\t<meta property=\"og:image:type\" content=\"image\/png\" \/>\n<meta name=\"twitter:card\" content=\"summary_large_image\" \/>\n<meta name=\"twitter:label1\" content=\"Dur\u00e9e de lecture estim\u00e9e\" \/>\n\t<meta name=\"twitter:data1\" content=\"1 minute\" \/>\n<script type=\"application\/ld+json\" class=\"yoast-schema-graph\">{\"@context\":\"https:\/\/schema.org\",\"@graph\":[{\"@type\":\"WebPage\",\"@id\":\"https:\/\/otegotextile.com\/fr\/presse\/\",\"url\":\"https:\/\/otegotextile.com\/fr\/presse\/\",\"name\":\"Presse - Otego\",\"isPartOf\":{\"@id\":\"https:\/\/otegotextile.com\/fr\/#website\"},\"primaryImageOfPage\":{\"@id\":\"https:\/\/otegotextile.com\/fr\/presse\/#primaryimage\"},\"image\":{\"@id\":\"https:\/\/otegotextile.com\/fr\/presse\/#primaryimage\"},\"thumbnailUrl\":\"https:\/\/otegotextile.com\/wp-content\/uploads\/2021\/01\/Logo-Fleche.png\",\"datePublished\":\"2021-02-17T08:17:02+00:00\",\"dateModified\":\"2021-08-18T07:11:41+00:00\",\"description\":\"Retrouvez toute notre actualit\u00e9 \u00e0 l'\u00e9crit, en podcast et en vid\u00e9os, dans les m\u00e9dias de la presse fran\u00e7aise et partout dans le monde.\",\"inLanguage\":\"fr-FR\",\"potentialAction\":[{\"@type\":\"ReadAction\",\"target\":[\"https:\/\/otegotextile.com\/fr\/presse\/\"]}]},{\"@type\":\"ImageObject\",\"inLanguage\":\"fr-FR\",\"@id\":\"https:\/\/otegotextile.com\/fr\/presse\/#primaryimage\",\"url\":\"https:\/\/otegotextile.com\/wp-content\/uploads\/2021\/01\/Logo-Fleche.png\",\"contentUrl\":\"https:\/\/otegotextile.com\/wp-content\/uploads\/2021\/01\/Logo-Fleche.png\",\"width\":3000,\"height\":3000,\"caption\":\"logo otego textile arrow\"},{\"@type\":\"WebSite\",\"@id\":\"https:\/\/otegotextile.com\/fr\/#website\",\"url\":\"https:\/\/otegotextile.com\/fr\/\",\"name\":\"Otego\",\"description\":\"Improve Safety &amp; Productivity for Our Customers Worldwide\",\"publisher\":{\"@id\":\"https:\/\/otegotextile.com\/fr\/#organization\"},\"potentialAction\":[{\"@type\":\"SearchAction\",\"target\":{\"@type\":\"EntryPoint\",\"urlTemplate\":\"https:\/\/otegotextile.com\/fr\/?s={search_term_string}\"},\"query-input\":{\"@type\":\"PropertyValueSpecification\",\"valueRequired\":true,\"valueName\":\"search_term_string\"}}],\"inLanguage\":\"fr-FR\"},{\"@type\":\"Organization\",\"@id\":\"https:\/\/otegotextile.com\/fr\/#organization\",\"name\":\"OTEGO\",\"url\":\"https:\/\/otegotextile.com\/fr\/\",\"logo\":{\"@type\":\"ImageObject\",\"inLanguage\":\"fr-FR\",\"@id\":\"https:\/\/otegotextile.com\/fr\/#\/schema\/logo\/image\/\",\"url\":\"https:\/\/otegotextile.com\/wp-content\/uploads\/2020\/12\/Default-Thumbnails.png\",\"contentUrl\":\"https:\/\/otegotextile.com\/wp-content\/uploads\/2020\/12\/Default-Thumbnails.png\",\"width\":2000,\"height\":1000,\"caption\":\"OTEGO\"},\"image\":{\"@id\":\"https:\/\/otegotextile.com\/fr\/#\/schema\/logo\/image\/\"},\"sameAs\":[\"https:\/\/www.facebook.com\/OtegoTextile\",\"https:\/\/www.linkedin.com\/company\/otego-textile\",\"https:\/\/www.youtube.com\/channel\/UCatzolbDQhzYHFwYbdIaFGw\"]}]}<\/script>\n<!-- \/ Yoast SEO plugin. -->","yoast_head_json":{"title":"Presse - Otego","description":"Retrouvez toute notre actualit\u00e9 \u00e0 l'\u00e9crit, en podcast et en vid\u00e9os, dans les m\u00e9dias de la presse fran\u00e7aise et partout dans le monde.","robots":{"index":"index","follow":"follow","max-snippet":"max-snippet:-1","max-image-preview":"max-image-preview:large","max-video-preview":"max-video-preview:-1"},"canonical":"https:\/\/otegotextile.com\/fr\/presse\/","og_locale":"fr_FR","og_type":"article","og_title":"Presse - Otego","og_description":"Retrouvez toute notre actualit\u00e9 \u00e0 l'\u00e9crit, en podcast et en vid\u00e9os, dans les m\u00e9dias de la presse fran\u00e7aise et partout dans le monde.","og_url":"https:\/\/otegotextile.com\/fr\/presse\/","og_site_name":"Otego","article_publisher":"https:\/\/www.facebook.com\/OtegoTextile","article_modified_time":"2021-08-18T07:11:41+00:00","og_image":[{"width":3000,"height":3000,"url":"https:\/\/otegotextile.com\/wp-content\/uploads\/2021\/01\/Logo-Fleche.png","type":"image\/png"}],"twitter_card":"summary_large_image","twitter_misc":{"Dur\u00e9e de lecture estim\u00e9e":"1 minute"},"schema":{"@context":"https:\/\/schema.org","@graph":[{"@type":"WebPage","@id":"https:\/\/otegotextile.com\/fr\/presse\/","url":"https:\/\/otegotextile.com\/fr\/presse\/","name":"Presse - Otego","isPartOf":{"@id":"https:\/\/otegotextile.com\/fr\/#website"},"primaryImageOfPage":{"@id":"https:\/\/otegotextile.com\/fr\/presse\/#primaryimage"},"image":{"@id":"https:\/\/otegotextile.com\/fr\/presse\/#primaryimage"},"thumbnailUrl":"https:\/\/otegotextile.com\/wp-content\/uploads\/2021\/01\/Logo-Fleche.png","datePublished":"2021-02-17T08:17:02+00:00","dateModified":"2021-08-18T07:11:41+00:00","description":"Retrouvez toute notre actualit\u00e9 \u00e0 l'\u00e9crit, en podcast et en vid\u00e9os, dans les m\u00e9dias de la presse fran\u00e7aise et partout dans le monde.","inLanguage":"fr-FR","potentialAction":[{"@type":"ReadAction","target":["https:\/\/otegotextile.com\/fr\/presse\/"]}]},{"@type":"ImageObject","inLanguage":"fr-FR","@id":"https:\/\/otegotextile.com\/fr\/presse\/#primaryimage","url":"https:\/\/otegotextile.com\/wp-content\/uploads\/2021\/01\/Logo-Fleche.png","contentUrl":"https:\/\/otegotextile.com\/wp-content\/uploads\/2021\/01\/Logo-Fleche.png","width":3000,"height":3000,"caption":"logo otego textile arrow"},{"@type":"WebSite","@id":"https:\/\/otegotextile.com\/fr\/#website","url":"https:\/\/otegotextile.com\/fr\/","name":"Otego","description":"Improve Safety &amp; Productivity for Our Customers Worldwide","publisher":{"@id":"https:\/\/otegotextile.com\/fr\/#organization"},"potentialAction":[{"@type":"SearchAction","target":{"@type":"EntryPoint","urlTemplate":"https:\/\/otegotextile.com\/fr\/?s={search_term_string}"},"query-input":{"@type":"PropertyValueSpecification","valueRequired":true,"valueName":"search_term_string"}}],"inLanguage":"fr-FR"},{"@type":"Organization","@id":"https:\/\/otegotextile.com\/fr\/#organization","name":"OTEGO","url":"https:\/\/otegotextile.com\/fr\/","logo":{"@type":"ImageObject","inLanguage":"fr-FR","@id":"https:\/\/otegotextile.com\/fr\/#\/schema\/logo\/image\/","url":"https:\/\/otegotextile.com\/wp-content\/uploads\/2020\/12\/Default-Thumbnails.png","contentUrl":"https:\/\/otegotextile.com\/wp-content\/uploads\/2020\/12\/Default-Thumbnails.png","width":2000,"height":1000,"caption":"OTEGO"},"image":{"@id":"https:\/\/otegotextile.com\/fr\/#\/schema\/logo\/image\/"},"sameAs":["https:\/\/www.facebook.com\/OtegoTextile","https:\/\/www.linkedin.com\/company\/otego-textile","https:\/\/www.youtube.com\/channel\/UCatzolbDQhzYHFwYbdIaFGw"]}]}},"_links":{"self":[{"href":"https:\/\/otegotextile.com\/fr\/wp-json\/wp\/v2\/pages\/9420","targetHints":{"allow":["GET"]}}],"collection":[{"href":"https:\/\/otegotextile.com\/fr\/wp-json\/wp\/v2\/pages"}],"about":[{"href":"https:\/\/otegotextile.com\/fr\/wp-json\/wp\/v2\/types\/page"}],"author":[{"embeddable":true,"href":"https:\/\/otegotextile.com\/fr\/wp-json\/wp\/v2\/users\/7"}],"replies":[{"embeddable":true,"href":"https:\/\/otegotextile.com\/fr\/wp-json\/wp\/v2\/comments?post=9420"}],"version-history":[{"count":0,"href":"https:\/\/otegotextile.com\/fr\/wp-json\/wp\/v2\/pages\/9420\/revisions"}],"wp:featuredmedia":[{"embeddable":true,"href":"https:\/\/otegotextile.com\/fr\/wp-json\/wp\/v2\/media\/9106"}],"wp:attachment":[{"href":"https:\/\/otegotextile.com\/fr\/wp-json\/wp\/v2\/media?parent=9420"}],"curies":[{"name":"wp","href":"https:\/\/api.w.org\/{rel}","templated":true}]}}