{"id":37766,"date":"2025-03-03T03:22:09","date_gmt":"2025-03-03T02:22:09","guid":{"rendered":"https:\/\/otegotextile.com\/oteplace\/"},"modified":"2025-05-16T09:49:50","modified_gmt":"2025-05-16T07:49:50","slug":"oteplace","status":"publish","type":"page","link":"https:\/\/otegotextile.com\/fr\/oteplace\/","title":{"rendered":"Oteplace, la protection par les experts"},"content":{"rendered":"<div class=\"wpb-content-wrapper\">[vc_row css=\u00a0\u00bb.vc_custom_1721631063878{padding-right: 10% !important;padding-left: 10% !important;background-image: url(https:\/\/otegotextile.com\/wp-content\/uploads\/2024\/07\/Untitled-design-8.png?id=34777) !important;background-position: center !important;background-repeat: no-repeat !important;background-size: cover !important;}\u00a0\u00bb][vc_column][vc_empty_space height=\u00a0\u00bb100px\u00a0\u00bb][vc_column_text text_align=\u00a0\u00bbleft\u00a0\u00bb]\n<h1>OTEPLACE :<br \/>\nVotre partenaire<\/h1>\n<h1>en protection<\/h1>\n[\/vc_column_text][vc_empty_space height=\u00a0\u00bb100px\u00a0\u00bb][\/vc_column][\/vc_row][vc_row css=\u00a0\u00bb.vc_custom_1543338630826{padding-right: 10% !important;padding-left: 10% !important;}\u00a0\u00bb][vc_column][vc_empty_space height=\u00a0\u00bb10px\u00a0\u00bb][vc_column_text]\n\r\n<p id=\"breadcrumbs\"><\/p>\r\n\n[\/vc_column_text][vc_empty_space height=\u00a0\u00bb40px\u00a0\u00bb][\/vc_column][\/vc_row][vc_row column_spacing=\u00a0\u00bb50&Prime; equal_height=\u00a0\u00bbyes\u00a0\u00bb max_width=\u00a0\u00bb80&Prime; css=\u00a0\u00bb.vc_custom_1678344869558{padding-right: 10% !important;padding-left: 10% !important;}\u00a0\u00bb][vc_column width=\u00a0\u00bb1\/6&Prime;][\/vc_column][vc_column width=\u00a0\u00bb2\/3&Prime;][vc_single_image image=\u00a0\u00bb34659&Prime;][vc_column_text]\n<h2 style=\"text-align: center;\">QU&rsquo;EST-CE QU&rsquo;OTEPLACE?<\/h2>\n[\/vc_column_text][vc_empty_space height=\u00a0\u00bb20px\u00a0\u00bb][vc_column_text css=\u00a0\u00bb\u00a0\u00bb]\n<div class=\"w-full border-b border-black\/10 dark:border-gray-900\/50 text-gray-800 dark:text-gray-100 group bg-gray-50 dark:bg-[#444654]\">\n<div class=\"text-base gap-4 md:gap-6 m-auto md:max-w-2xl lg:max-w-2xl xl:max-w-3xl p-4 md:py-6 flex lg:px-0\">\n<div class=\"relative flex w-[calc(100%-50px)] flex-col gap-1 md:gap-3 lg:w-[calc(100%-115px)]\">\n<div class=\"flex flex-grow flex-col gap-3\">\n<div class=\"min-h-[20px] flex flex-col items-start gap-4 whitespace-pre-wrap\">\n<div class=\"markdown prose w-full break-words dark:prose-invert light\">\n<p class=\"p1\"><a href=\"http:\/\/www.oteplace.com\" target=\"_blank\" rel=\"noopener\">Oteplace<\/a>, cr\u00e9\u00e9 par OTEGO, est une plateforme en ligne simplifiant l\u2019approvisionnement en EPI. Que vous soyez une entreprise ayant des besoins sp\u00e9cifiques en mati\u00e8re de s\u00e9curit\u00e9 ou un fabricant d&rsquo;\u00e9quipements de s\u00e9curit\u00e9, Oteplace met en relation les bons partenaires : <strong data-start=\"556\" data-end=\"602\">les acheteurs d&rsquo;EPI avec les vendeurs qualifi\u00e9s<\/strong> qui peuvent r\u00e9pondre \u00e0 leurs exigences exactes.<\/p>\n<p>&nbsp;<\/p>\n<\/div>\n<div class=\"markdown prose w-full break-words dark:prose-invert light\">\n<p class=\"\" data-start=\"643\" data-end=\"815\">Cette initiative refl\u00e8te l\u2019engagement d\u2019OTEGO \u00e0 rendre la protection certifi\u00e9e de qualit\u00e9 accessible \u00e0 tous, tout en renfor\u00e7ant les connexions sectorielles.<\/p>\n<\/div>\n<\/div>\n<\/div>\n<\/div>\n<\/div>\n<\/div>\n[\/vc_column_text][\/vc_column][vc_column width=\u00a0\u00bb1\/6&Prime;][\/vc_column][\/vc_row][vc_row][vc_column width=\u00a0\u00bb1\/6&Prime;][vc_empty_space][\/vc_column][vc_column width=\u00a0\u00bb2\/3&Prime;][vc_column_text css=\u00a0\u00bb\u00a0\u00bb]\n<h2 style=\"text-align: center;\">COMMENT \u00c7A MARCHE ?<\/h2>\n[\/vc_column_text][vc_empty_space][vc_column_text css=\u00a0\u00bb\u00a0\u00bb]Oteplace utilise un <a href=\"http:\/\/www.oteplace.com\/rfq\" target=\"_blank\" rel=\"noopener\"><strong data-start=\"861\" data-end=\"888\">demande de devis (RFQ)<\/strong><\/a> pour rationaliser votre recherche. Dites-nous simplement ce dont vous avez besoin &#8211; nous<strong data-start=\"950\" data-end=\"1000\">r\u00e9pondrons \u00e0 votre demande avec des fournisseurs v\u00e9rifi\u00e9s<\/strong> capables de fournir la bonne solution de s\u00e9curit\u00e9.<\/p>\n<p><br data-start=\"1049\" data-end=\"1052\">Des gilets rafra\u00eechissants aux tissus ignifug\u00e9s, en passant par les \u00e9crans faciaux et lunettes de s\u00e9curit\u00e9, nous vous aidons \u00e0 trouver ce qu\u2019il vous faut.[\/vc_column_text][vc_empty_space][\/vc_column][vc_column width=\u00a0\u00bb1\/6&Prime;][vc_empty_space][\/vc_column][\/vc_row][vc_row][vc_column width=\u00a0\u00bb1\/6&Prime;][vc_empty_space][\/vc_column][vc_column width=\u00a0\u00bb2\/3&Prime;][vc_column_text css=\u00a0\u00bb\u00a0\u00bb]\n<h2 style=\"text-align: center;\">NOS ENGAGEMENTS<\/h2>\n[\/vc_column_text][vc_empty_space height=\u00a0\u00bb40px\u00a0\u00bb][vc_empty_space height=\u00a0\u00bb10px\u00a0\u00bb][vc_single_image image=\u00a0\u00bb34638&Prime; alignment=\u00a0\u00bbcenter\u00a0\u00bb][vc_empty_space height=\u00a0\u00bb30px\u00a0\u00bb][vc_column_text css=\u00a0\u00bb\u00a0\u00bb]\n<p style=\"text-align: left;\">Chez Oteplace, notre r\u00e9putation repose sur trois valeurs fondamentales :<\/p>\n<p style=\"text-align: left;\"><strong>Qualit\u00e9 : <\/strong>tous nos produits proviennent de fabricants reconnus et certifi\u00e9s \u00e0 l\u2019international, garantissant s\u00e9curit\u00e9 et performance.<\/p>\n<p style=\"text-align: left;\"><strong>Simplicit\u00e9 : <\/strong>notre plateforme facilite les demandes de devis, les comparaisons et les mises en relation rapides.<\/p>\n<p style=\"text-align: left;\"><strong>Innovation : <\/strong>nous mettons en avant les technologies de s\u00e9curit\u00e9 de demain pour anticiper vos besoins.<\/p>\n[\/vc_column_text][vc_empty_space height=\u00a0\u00bb60px\u00a0\u00bb][\/vc_column][vc_column width=\u00a0\u00bb1\/6&Prime;][vc_empty_space][\/vc_column][\/vc_row][vc_row][vc_column width=\u00a0\u00bb1\/6&Prime;][\/vc_column][vc_column width=\u00a0\u00bb1\/6&Prime;][vc_single_image image=\u00a0\u00bb34710&Prime; alignment=\u00a0\u00bbcenter\u00a0\u00bb onclick=\u00a0\u00bbcustom_link\u00a0\u00bb img_link_target=\u00a0\u00bb_blank\u00a0\u00bb css=\u00a0\u00bb\u00a0\u00bb link=\u00a0\u00bbhttps:\/\/www.oteplace.com\/company\/victoire-et-compagnie\/product\/safety-cap-all-season-polyester-all-season-polyester?mtm_campaign=Otego-Service-Oteplace-Safety%20Cap&amp;mtm_source=Wordpress\u00a0\u00bb][vc_empty_space height=\u00a0\u00bb60px\u00a0\u00bb][\/vc_column][vc_column width=\u00a0\u00bb1\/6&Prime;][vc_single_image image=\u00a0\u00bb34720&Prime; alignment=\u00a0\u00bbcenter\u00a0\u00bb onclick=\u00a0\u00bbcustom_link\u00a0\u00bb img_link_target=\u00a0\u00bb_blank\u00a0\u00bb css=\u00a0\u00bb\u00a0\u00bb link=\u00a0\u00bbhttps:\/\/www.oteplace.com\/company\/pervormance-international-gmbh\/product\/e-cooline-powercool-sx3-shirtvest-cooling-vest-27101330?mtm_campaign=Otego-Service-Oteplace-Cooling%20Vest&amp;mtm_source=Wordpress\u00a0\u00bb][vc_empty_space height=\u00a0\u00bb60px\u00a0\u00bb][\/vc_column][vc_column width=\u00a0\u00bb1\/6&Prime;][vc_single_image image=\u00a0\u00bb34730&Prime; alignment=\u00a0\u00bbcenter\u00a0\u00bb onclick=\u00a0\u00bbcustom_link\u00a0\u00bb img_link_target=\u00a0\u00bb_blank\u00a0\u00bb css=\u00a0\u00bb\u00a0\u00bb link=\u00a0\u00bbhttps:\/\/www.oteplace.com\/company\/maxxpro-international-inc\/product\/pack-impact-and-ballistic-resistant-safety-protective-glasses-with-clear-lenses-safety-eyewear-ps840?mtm_campaign=Otego-Service-Oteplace-Safety%20Glasses&amp;mtm_source=Wordpress\u00a0\u00bb][vc_empty_space height=\u00a0\u00bb60px\u00a0\u00bb][\/vc_column][vc_column width=\u00a0\u00bb1\/6&Prime;][vc_single_image image=\u00a0\u00bb34740&Prime; alignment=\u00a0\u00bbcenter\u00a0\u00bb onclick=\u00a0\u00bbcustom_link\u00a0\u00bb img_link_target=\u00a0\u00bb_blank\u00a0\u00bb css=\u00a0\u00bb\u00a0\u00bb link=\u00a0\u00bbhttps:\/\/www.oteplace.com\/company\/seong-kwang-tech\/product\/fire-fighting-equipment-kfi-22-3?mtm_campaign=Otego-Service-Oteplace-FirefightingSuit&amp;mtm_source=Wordpress\u00a0\u00bb][vc_empty_space height=\u00a0\u00bb60px\u00a0\u00bb][\/vc_column][vc_column width=\u00a0\u00bb1\/6&Prime;][\/vc_column][\/vc_row][vc_row][vc_column][vc_column_text css=\u00a0\u00bb.vc_custom_1721716315016{margin-bottom: 15px !important;}\u00a0\u00bb]\n<p class=\"p1\" style=\"text-align: center;\"><span style=\"color: #50768e; font-size: 24px;\">ENVIE DE REJOINDRE NOTRE COMMUNAUT\u00c9 ?<\/span><\/p>\n[\/vc_column_text][vc_column_text css=\u00a0\u00bb.vc_custom_1744881034676{margin-bottom: 15px !important;}\u00a0\u00bb]\n<h5 style=\"text-align: center;\" data-start=\"122\" data-end=\"222\">Que vous soyez fabricant ou acheteur d\u2019EPI, rejoignez Oteplace pour vous connecter, collaborer et trouver les solutions adapt\u00e9es \u00e0 vos besoins !<\/h5>\n[\/vc_column_text][vc_btn title=\u00a0\u00bbINSCRIVEZ-VOUS ICI\u00a0\u00bb style=\u00a0\u00bbcustom\u00a0\u00bb custom_background=\u00a0\u00bb#ff8c00&Prime; custom_text=\u00a0\u00bb#ffffff\u00a0\u00bb shape=\u00a0\u00bbsquare\u00a0\u00bb align=\u00a0\u00bbcenter\u00a0\u00bb css=\u00a0\u00bb\u00a0\u00bb link=\u00a0\u00bburl:https%3A%2F%2Fwww.oteplace.com%2Fregister%3Fmtm_campaign%3DOtego-Service-Oteplace-Registration%26mtm_source%3DWordpress|\u00a0\u00bb el_class=\u00a0\u00bbuppercase\u00a0\u00bb][\/vc_column][\/vc_row][vc_row][vc_column][\/vc_column][\/vc_row][vc_row][vc_column][vc_column_text]\n[\/vc_column_text][\/vc_column][\/vc_row]\n<\/div>","protected":false},"excerpt":{"rendered":"<p>[vc_row css=\u00a0\u00bb.vc_custom_1721631063878{padding-right: 10% !important;padding-left: 10% !important;background-image: url(https:\/\/otegotextile.com\/wp-content\/uploads\/2024\/07\/Untitled-design-8.png?id=34777) !important;background-position: center !important;background-repeat: no-repeat !important;background-size: cover !important;}\u00a0\u00bb][vc_column][vc_empty_space height=\u00a0\u00bb100px\u00a0\u00bb][vc_column_text text_align=\u00a0\u00bbleft\u00a0\u00bb] OTEPLACE : Votre partenaire en protection [\/vc_column_text][vc_empty_space height=\u00a0\u00bb100px\u00a0\u00bb][\/vc_column][\/vc_row][vc_row css=\u00a0\u00bb.vc_custom_1543338630826{padding-right: 10% !important;padding-left: 10% !important;}\u00a0\u00bb][vc_column][vc_empty_space height=\u00a0\u00bb10px\u00a0\u00bb][vc_column_text]&hellip;<\/p>\n","protected":false},"author":18,"featured_media":0,"parent":0,"menu_order":0,"comment_status":"closed","ping_status":"closed","template":"","meta":{"footnotes":"","_links_to":"","_links_to_target":""},"class_list":["post-37766","page","type-page","status-publish","hentry","entry","no-media"],"yoast_head":"<!-- This site is optimized with the Yoast SEO plugin v27.2 - https:\/\/yoast.com\/product\/yoast-seo-wordpress\/ -->\n<title>Oteplace, la protection par les experts - Otego<\/title>\n<meta name=\"description\" content=\"Oteplace met en relation acheteurs et fabricants d\u2019EPI fiables \u00e0 l\u2019\u00e9chelle mondiale. Soumettez une demande de devis et trouvez les bons fournisseurs.\" \/>\n<meta name=\"robots\" content=\"index, follow, max-snippet:-1, max-image-preview:large, max-video-preview:-1\" \/>\n<link rel=\"canonical\" href=\"https:\/\/otegotextile.com\/fr\/oteplace\/\" \/>\n<meta property=\"og:locale\" content=\"fr_FR\" \/>\n<meta property=\"og:type\" content=\"article\" \/>\n<meta property=\"og:title\" content=\"Oteplace, la protection par les experts - Otego\" \/>\n<meta property=\"og:description\" content=\"Oteplace met en relation acheteurs et fabricants d\u2019EPI fiables \u00e0 l\u2019\u00e9chelle mondiale. Soumettez une demande de devis et trouvez les bons fournisseurs.\" \/>\n<meta property=\"og:url\" content=\"https:\/\/otegotextile.com\/fr\/oteplace\/\" \/>\n<meta property=\"og:site_name\" content=\"Otego\" \/>\n<meta property=\"article:publisher\" content=\"https:\/\/www.facebook.com\/OtegoTextile\" \/>\n<meta property=\"article:modified_time\" content=\"2025-05-16T07:49:50+00:00\" \/>\n<meta property=\"og:image\" content=\"https:\/\/otegotextile.com\/wp-content\/uploads\/2020\/11\/slider2-dickson-ptl-2.jpg\" \/>\n\t<meta property=\"og:image:width\" content=\"1920\" \/>\n\t<meta property=\"og:image:height\" content=\"640\" \/>\n\t<meta property=\"og:image:type\" content=\"image\/jpeg\" \/>\n<meta name=\"twitter:card\" content=\"summary_large_image\" \/>\n<meta name=\"twitter:label1\" content=\"Dur\u00e9e de lecture estim\u00e9e\" \/>\n\t<meta name=\"twitter:data1\" content=\"4 minutes\" \/>\n<script type=\"application\/ld+json\" class=\"yoast-schema-graph\">{\"@context\":\"https:\/\/schema.org\",\"@graph\":[{\"@type\":\"WebPage\",\"@id\":\"https:\/\/otegotextile.com\/fr\/oteplace\/\",\"url\":\"https:\/\/otegotextile.com\/fr\/oteplace\/\",\"name\":\"Oteplace, la protection par les experts - Otego\",\"isPartOf\":{\"@id\":\"https:\/\/otegotextile.com\/fr\/#website\"},\"datePublished\":\"2025-03-03T02:22:09+00:00\",\"dateModified\":\"2025-05-16T07:49:50+00:00\",\"description\":\"Oteplace met en relation acheteurs et fabricants d\u2019EPI fiables \u00e0 l\u2019\u00e9chelle mondiale. Soumettez une demande de devis et trouvez les bons fournisseurs.\",\"inLanguage\":\"fr-FR\",\"potentialAction\":[{\"@type\":\"ReadAction\",\"target\":[\"https:\/\/otegotextile.com\/fr\/oteplace\/\"]}]},{\"@type\":\"WebSite\",\"@id\":\"https:\/\/otegotextile.com\/fr\/#website\",\"url\":\"https:\/\/otegotextile.com\/fr\/\",\"name\":\"Otego\",\"description\":\"Improve Safety &amp; Productivity for Our Customers Worldwide\",\"publisher\":{\"@id\":\"https:\/\/otegotextile.com\/fr\/#organization\"},\"potentialAction\":[{\"@type\":\"SearchAction\",\"target\":{\"@type\":\"EntryPoint\",\"urlTemplate\":\"https:\/\/otegotextile.com\/fr\/?s={search_term_string}\"},\"query-input\":{\"@type\":\"PropertyValueSpecification\",\"valueRequired\":true,\"valueName\":\"search_term_string\"}}],\"inLanguage\":\"fr-FR\"},{\"@type\":\"Organization\",\"@id\":\"https:\/\/otegotextile.com\/fr\/#organization\",\"name\":\"OTEGO\",\"url\":\"https:\/\/otegotextile.com\/fr\/\",\"logo\":{\"@type\":\"ImageObject\",\"inLanguage\":\"fr-FR\",\"@id\":\"https:\/\/otegotextile.com\/fr\/#\/schema\/logo\/image\/\",\"url\":\"https:\/\/otegotextile.com\/wp-content\/uploads\/2020\/12\/Default-Thumbnails.png\",\"contentUrl\":\"https:\/\/otegotextile.com\/wp-content\/uploads\/2020\/12\/Default-Thumbnails.png\",\"width\":2000,\"height\":1000,\"caption\":\"OTEGO\"},\"image\":{\"@id\":\"https:\/\/otegotextile.com\/fr\/#\/schema\/logo\/image\/\"},\"sameAs\":[\"https:\/\/www.facebook.com\/OtegoTextile\",\"https:\/\/www.linkedin.com\/company\/otego-textile\",\"https:\/\/www.youtube.com\/channel\/UCatzolbDQhzYHFwYbdIaFGw\"]}]}<\/script>\n<!-- \/ Yoast SEO plugin. -->","yoast_head_json":{"title":"Oteplace, la protection par les experts - Otego","description":"Oteplace met en relation acheteurs et fabricants d\u2019EPI fiables \u00e0 l\u2019\u00e9chelle mondiale. Soumettez une demande de devis et trouvez les bons fournisseurs.","robots":{"index":"index","follow":"follow","max-snippet":"max-snippet:-1","max-image-preview":"max-image-preview:large","max-video-preview":"max-video-preview:-1"},"canonical":"https:\/\/otegotextile.com\/fr\/oteplace\/","og_locale":"fr_FR","og_type":"article","og_title":"Oteplace, la protection par les experts - Otego","og_description":"Oteplace met en relation acheteurs et fabricants d\u2019EPI fiables \u00e0 l\u2019\u00e9chelle mondiale. Soumettez une demande de devis et trouvez les bons fournisseurs.","og_url":"https:\/\/otegotextile.com\/fr\/oteplace\/","og_site_name":"Otego","article_publisher":"https:\/\/www.facebook.com\/OtegoTextile","article_modified_time":"2025-05-16T07:49:50+00:00","og_image":[{"width":1920,"height":640,"url":"https:\/\/otegotextile.com\/wp-content\/uploads\/2020\/11\/slider2-dickson-ptl-2.jpg","type":"image\/jpeg"}],"twitter_card":"summary_large_image","twitter_misc":{"Dur\u00e9e de lecture estim\u00e9e":"4 minutes"},"schema":{"@context":"https:\/\/schema.org","@graph":[{"@type":"WebPage","@id":"https:\/\/otegotextile.com\/fr\/oteplace\/","url":"https:\/\/otegotextile.com\/fr\/oteplace\/","name":"Oteplace, la protection par les experts - Otego","isPartOf":{"@id":"https:\/\/otegotextile.com\/fr\/#website"},"datePublished":"2025-03-03T02:22:09+00:00","dateModified":"2025-05-16T07:49:50+00:00","description":"Oteplace met en relation acheteurs et fabricants d\u2019EPI fiables \u00e0 l\u2019\u00e9chelle mondiale. Soumettez une demande de devis et trouvez les bons fournisseurs.","inLanguage":"fr-FR","potentialAction":[{"@type":"ReadAction","target":["https:\/\/otegotextile.com\/fr\/oteplace\/"]}]},{"@type":"WebSite","@id":"https:\/\/otegotextile.com\/fr\/#website","url":"https:\/\/otegotextile.com\/fr\/","name":"Otego","description":"Improve Safety &amp; Productivity for Our Customers Worldwide","publisher":{"@id":"https:\/\/otegotextile.com\/fr\/#organization"},"potentialAction":[{"@type":"SearchAction","target":{"@type":"EntryPoint","urlTemplate":"https:\/\/otegotextile.com\/fr\/?s={search_term_string}"},"query-input":{"@type":"PropertyValueSpecification","valueRequired":true,"valueName":"search_term_string"}}],"inLanguage":"fr-FR"},{"@type":"Organization","@id":"https:\/\/otegotextile.com\/fr\/#organization","name":"OTEGO","url":"https:\/\/otegotextile.com\/fr\/","logo":{"@type":"ImageObject","inLanguage":"fr-FR","@id":"https:\/\/otegotextile.com\/fr\/#\/schema\/logo\/image\/","url":"https:\/\/otegotextile.com\/wp-content\/uploads\/2020\/12\/Default-Thumbnails.png","contentUrl":"https:\/\/otegotextile.com\/wp-content\/uploads\/2020\/12\/Default-Thumbnails.png","width":2000,"height":1000,"caption":"OTEGO"},"image":{"@id":"https:\/\/otegotextile.com\/fr\/#\/schema\/logo\/image\/"},"sameAs":["https:\/\/www.facebook.com\/OtegoTextile","https:\/\/www.linkedin.com\/company\/otego-textile","https:\/\/www.youtube.com\/channel\/UCatzolbDQhzYHFwYbdIaFGw"]}]}},"_links":{"self":[{"href":"https:\/\/otegotextile.com\/fr\/wp-json\/wp\/v2\/pages\/37766","targetHints":{"allow":["GET"]}}],"collection":[{"href":"https:\/\/otegotextile.com\/fr\/wp-json\/wp\/v2\/pages"}],"about":[{"href":"https:\/\/otegotextile.com\/fr\/wp-json\/wp\/v2\/types\/page"}],"author":[{"embeddable":true,"href":"https:\/\/otegotextile.com\/fr\/wp-json\/wp\/v2\/users\/18"}],"replies":[{"embeddable":true,"href":"https:\/\/otegotextile.com\/fr\/wp-json\/wp\/v2\/comments?post=37766"}],"version-history":[{"count":0,"href":"https:\/\/otegotextile.com\/fr\/wp-json\/wp\/v2\/pages\/37766\/revisions"}],"wp:attachment":[{"href":"https:\/\/otegotextile.com\/fr\/wp-json\/wp\/v2\/media?parent=37766"}],"curies":[{"name":"wp","href":"https:\/\/api.w.org\/{rel}","templated":true}]}}