{"id":31894,"date":"2023-03-09T08:08:34","date_gmt":"2023-03-09T07:08:34","guid":{"rendered":"https:\/\/otegotextile.com\/egalite-femmes-hommes\/"},"modified":"2026-03-02T10:48:04","modified_gmt":"2026-03-02T09:48:04","slug":"egalite-femmes-hommes","status":"publish","type":"page","link":"https:\/\/otegotextile.com\/fr\/egalite-femmes-hommes\/","title":{"rendered":"\u00c9galit\u00e9 Femmes-Hommes"},"content":{"rendered":"<div class=\"wpb-content-wrapper\">[vc_row css=\u00a0\u00bb.vc_custom_1611214566201{padding-right: 10% !important;padding-left: 10% !important;background-image: url(https:\/\/otegotextile.com\/wp-content\/uploads\/2020\/12\/banniere-entreprise.png?id=8750) !important;background-position: center !important;background-repeat: no-repeat !important;background-size: cover !important;}\u00a0\u00bb][vc_column][vc_empty_space height=\u00a0\u00bb100px\u00a0\u00bb][vc_column_text text_align=\u00a0\u00bbleft\u00a0\u00bb]\n<h1>Index \u00c9galit\u00e9<br \/>\n\u00c9GALIT\u00c9<br \/>\nINDICE<\/h1>\n[\/vc_column_text][vc_empty_space height=\u00a0\u00bb100px\u00a0\u00bb][\/vc_column][\/vc_row][vc_row css=\u00a0\u00bb.vc_custom_1543338630826{padding-right: 10% !important;padding-left: 10% !important;}\u00a0\u00bb][vc_column][vc_empty_space height=\u00a0\u00bb10px\u00a0\u00bb][vc_column_text]\n\r\n<p id=\"breadcrumbs\"><\/p>\r\n\n[\/vc_column_text][vc_empty_space height=\u00a0\u00bb40px\u00a0\u00bb][\/vc_column][\/vc_row][vc_row column_spacing=\u00a0\u00bb50&Prime; equal_height=\u00a0\u00bbyes\u00a0\u00bb max_width=\u00a0\u00bb80&Prime; css=\u00a0\u00bb.vc_custom_1678344869558{padding-right: 10% !important;padding-left: 10% !important;}\u00a0\u00bb][vc_column][vc_column_text]\n<h2 style=\"text-align: center;\">Nos engagements pour l&rsquo;\u00e9galit\u00e9 femmes-hommes<\/h2>\n[\/vc_column_text][vc_empty_space height=\u00a0\u00bb20px\u00a0\u00bb][vc_column_text]\n<div class=\"w-full border-b border-black\/10 dark:border-gray-900\/50 text-gray-800 dark:text-gray-100 group bg-gray-50 dark:bg-[#444654]\">\n<div class=\"text-base gap-4 md:gap-6 m-auto md:max-w-2xl lg:max-w-2xl xl:max-w-3xl p-4 md:py-6 flex lg:px-0\">\n<div class=\"relative flex w-[calc(100%-50px)] flex-col gap-1 md:gap-3 lg:w-[calc(100%-115px)]\">\n<div class=\"flex flex-grow flex-col gap-3\">\n<div class=\"min-h-[20px] flex flex-col items-start gap-4 whitespace-pre-wrap\">\n<div class=\"markdown prose w-full break-words dark:prose-invert light\">\n<p style=\"text-align: center;\">Chez OTEGO, nous constituons nos \u00e9quipes en nous basant uniquement sur les <strong data-start=\"304\" data-end=\"337\">comp\u00e9tences et les qualit\u00e9s personnelles, et <\/strong>non sur le sexe. Nous favorisons activement l\u2019ambition, soutenons le d\u00e9veloppement professionnel par la formation et le partage des connaissances, et garantissons l\u2019\u00e9galit\u00e9 salariale et la reconnaissance pour tous.<\/p>\n<p>&nbsp;<\/p>\n<\/div>\n<p style=\"text-align: center;\">Chaque ann\u00e9e, nous \u00e9valuons nos efforts \u00e0 l&rsquo;aide de l&rsquo;<strong>index de l&rsquo;\u00e9galit\u00e9 entre les femmes et les hommes<\/strong>, une r\u00e9f\u00e9rence cl\u00e9 pour mesurer nos progr\u00e8s en mati\u00e8re d&rsquo;\u00e9galit\u00e9 professionnelle.<\/p>\n<\/div>\n<\/div>\n<\/div>\n<\/div>\n<\/div>\n[\/vc_column_text][vc_empty_space height=\u00a0\u00bb10px\u00a0\u00bb][\/vc_column][\/vc_row][vc_row][vc_column width=\u00a0\u00bb1\/4&Prime;][\/vc_column][vc_column width=\u00a0\u00bb1\/2&Prime;][vc_single_image image=\u00a0\u00bb31870&Prime; css=\u00a0\u00bb.vc_custom_1678344955950{border-radius: 10px !important;}\u00a0\u00bb][vc_column_text css=\u00a0\u00bb\u00a0\u00bb]\n<h2 style=\"text-align: center;\">R\u00e9sultats 2026 de l\u2019Indice d\u2019\u00e9galit\u00e9 professionnelle<br \/>\n(Donn\u00e9es 2025) :<\/h2>\n<div class=\"su-list\" style=\"margin-left:0px\">\n<ul style=\"font-size: 20px;\">\n<li><i class=\"sui sui-balance-scale\" style=\"color:#50768E\"><\/i> Score total : 35\/45<\/li>\n<li><i class=\"sui sui-balance-scale\" style=\"color:#50768E\"><\/i> Indicateur d\u2019\u00e9cart de r\u00e9mun\u00e9ration : Non calculable \/ 40<\/li>\n<li><i class=\"sui sui-balance-scale\" style=\"color:#50768E\"><\/i> Indicateur d\u2019\u00e9galit\u00e9 des augmentations\/promotion : 25 \/ 35<\/li>\n<li><i class=\"sui sui-balance-scale\" style=\"color:#50768E\"><\/i> Retour de cong\u00e9 maternit\u00e9 : Non calculable \/ 15<\/li>\n<li><i class=\"sui sui-balance-scale\" style=\"color:#50768E\"><\/i> Salari\u00e9s les mieux r\u00e9mun\u00e9r\u00e9s : 10 \/ 10<\/li>\n<\/ul>\n<\/div>[\/vc_column_text][\/vc_column][vc_column width=\u00a0\u00bb1\/4&Prime;][\/vc_column][\/vc_row][vc_row max_width=\u00a0\u00bb60&Prime;][vc_column][vc_empty_space height=\u00a0\u00bb60px\u00a0\u00bb][vc_separator color=\u00a0\u00bbcustom\u00a0\u00bb border_width=\u00a0\u00bb10&Prime; el_width=\u00a0\u00bb10&Prime; css=\u00a0\u00bb.vc_custom_1605698306129{margin-bottom: 40px !important;}\u00a0\u00bb accent_color=\u00a0\u00bb#50768e\u00a0\u00bb][vc_column_text css=\u00a0\u00bb.vc_custom_1678342160767{margin-bottom: 15px !important;}\u00a0\u00bb]\n<p style=\"text-align: center;\">POUR PLUS D&rsquo;INFORMATION<\/p>\n[\/vc_column_text][vc_btn title=\u00a0\u00bbNous contacter\u00a0\u00bb style=\u00a0\u00bbcustom\u00a0\u00bb custom_background=\u00a0\u00bb#50768e\u00a0\u00bb custom_text=\u00a0\u00bb#ffffff\u00a0\u00bb shape=\u00a0\u00bbsquare\u00a0\u00bb size=\u00a0\u00bblg\u00a0\u00bb align=\u00a0\u00bbcenter\u00a0\u00bb link=\u00a0\u00bburl:https%3A%2F%2Fotegotextile.com%2Ffr%2Fnous-contacter%2F|\u00a0\u00bb el_class=\u00a0\u00bbuppercase\u00a0\u00bb][vc_empty_space height=\u00a0\u00bb60px\u00a0\u00bb][\/vc_column][\/vc_row][vc_row full_width=\u00a0\u00bbstretch_row\u00a0\u00bb css=\u00a0\u00bb.vc_custom_1605698202004{padding-right: 5% !important;padding-left: 5% !important;background-color: #2f3238 !important;}\u00a0\u00bb][vc_column][vc_column_text]\n<h2><strong>NOS <span class=\"white-text\">SOLUTIONS<\/span> <img loading=\"lazy\" decoding=\"async\" class=\"alignnone size-full wp-image-7117\" src=\"http:\/\/otegotextile.com\/wp-content\/uploads\/2020\/11\/trame-bleue-3.png\" alt=\"\" width=\"20\" height=\"25\" \/><\/strong><\/h2>\n<p>SOLUTIONS[\/vc_column_text][vc_empty_space height=\u00a0\u00bb50px\u00a0\u00bb]<div class=\"vcex-module vcex-portfolio-grid-wrap wpex-clr\"><div class=\"wpex-row vcex-portfolio-grid wpex-clr entries gap-50 match-height-grid\"><div class=\"portfolio-entry vcex-grid-item span_1_of_6 col col-1 entry post-2121 type-portfolio has-media tag-245 tag-248 cat-688\"><div class=\"portfolio-entry-inner entry-inner wpex-first-mt-0 wpex-last-mb-0 wpex-clr\"><div class=\"portfolio-entry-media entry-media wpex-relative overlay-parent overlay-parent-title-excerpt-hover overlay-h wpex-overflow-hidden overlay-ms\"><a href=\"https:\/\/otegotextile.com\/fr\/products\/bande-etancheite-thermosoudable-coutures\/\" title=\"Bande d&rsquo;\u00e9tanch\u00e9it\u00e9 thermosoudable pour coutures\" class=\"portfolio-entry-media-link\"><img loading=\"lazy\" class=\"portfolio-entry-img wpex-align-middle\" decoding=\"async\" src=\"https:\/\/otegotextile.com\/wp-content\/uploads\/2019\/02\/waterproof-seam-sealing-150x150.jpg\" alt=\"\" srcset=\"https:\/\/otegotextile.com\/wp-content\/uploads\/2019\/02\/waterproof-seam-sealing-150x150.jpg 150w, https:\/\/otegotextile.com\/wp-content\/uploads\/2019\/02\/waterproof-seam-sealing-300x300.jpg 300w, https:\/\/otegotextile.com\/wp-content\/uploads\/2019\/02\/waterproof-seam-sealing-125x125.jpg 125w, https:\/\/otegotextile.com\/wp-content\/uploads\/2019\/02\/waterproof-seam-sealing.jpg 600w\" width=\"150\" height=\"150\">\n<div class=\"overlay-title-excerpt-hover overlay-hide theme-overlay wpex-absolute wpex-inset-0 wpex-transition-all wpex-duration-300 wpex-overflow-hidden wpex-flex wpex-items-center wpex-justify-center wpex-text-center\">\n\t<div class=\"overlay-bg wpex-bg-black wpex-absolute wpex-inset-0 wpex-opacity-70\"><\/div>\n\t<div class=\"overlay-content overlay-scale wpex-relative wpex-text-white wpex-p-15 wpex-duration-300 wpex-transition-transform wpex-clr\">\n\t\t<div class=\"overlay-title wpex-text-lg\">Bande d&rsquo;\u00e9tanch\u00e9it\u00e9 thermosoudable pour coutures<\/div>\n\t\t\t<\/div>\n<\/div><\/a><\/div><\/div><\/div><div class=\"portfolio-entry vcex-grid-item span_1_of_6 col col-2 entry post-2113 type-portfolio has-media tag-243 tag-244 cat-688 translation_priority-524\"><div class=\"portfolio-entry-inner entry-inner wpex-first-mt-0 wpex-last-mb-0 wpex-clr\"><div class=\"portfolio-entry-media entry-media wpex-relative overlay-parent overlay-parent-title-excerpt-hover overlay-h wpex-overflow-hidden overlay-ms\"><a href=\"https:\/\/otegotextile.com\/fr\/products\/intercalaires-industrie-pneu-caoutchouc\/\" title=\"Intercalaires\" class=\"portfolio-entry-media-link\"><img loading=\"lazy\" class=\"portfolio-entry-img wpex-align-middle\" decoding=\"async\" src=\"https:\/\/otegotextile.com\/wp-content\/uploads\/2019\/02\/release-liners-150x150.jpg\" alt=\"\" srcset=\"https:\/\/otegotextile.com\/wp-content\/uploads\/2019\/02\/release-liners-150x150.jpg 150w, https:\/\/otegotextile.com\/wp-content\/uploads\/2019\/02\/release-liners-300x300.jpg 300w, https:\/\/otegotextile.com\/wp-content\/uploads\/2019\/02\/release-liners-125x125.jpg 125w, https:\/\/otegotextile.com\/wp-content\/uploads\/2019\/02\/release-liners.jpg 600w\" width=\"150\" height=\"150\">\n<div class=\"overlay-title-excerpt-hover overlay-hide theme-overlay wpex-absolute wpex-inset-0 wpex-transition-all wpex-duration-300 wpex-overflow-hidden wpex-flex wpex-items-center wpex-justify-center wpex-text-center\">\n\t<div class=\"overlay-bg wpex-bg-black wpex-absolute wpex-inset-0 wpex-opacity-70\"><\/div>\n\t<div class=\"overlay-content overlay-scale wpex-relative wpex-text-white wpex-p-15 wpex-duration-300 wpex-transition-transform wpex-clr\">\n\t\t<div class=\"overlay-title wpex-text-lg\">Intercalaires<\/div>\n\t\t\t<\/div>\n<\/div><\/a><\/div><\/div><\/div><div class=\"portfolio-entry vcex-grid-item span_1_of_6 col col-3 entry post-2107 type-portfolio has-media tag-249 tag-250 cat-688\"><div class=\"portfolio-entry-inner entry-inner wpex-first-mt-0 wpex-last-mb-0 wpex-clr\"><div class=\"portfolio-entry-media entry-media wpex-relative overlay-parent overlay-parent-title-excerpt-hover overlay-h wpex-overflow-hidden overlay-ms\"><a href=\"https:\/\/otegotextile.com\/fr\/products\/textile-resistant-hautes-temperatures\/\" title=\"Tissus aluminis\u00e9s pour la protection contre la chaleur\" class=\"portfolio-entry-media-link\"><img loading=\"lazy\" class=\"portfolio-entry-img wpex-align-middle\" decoding=\"async\" src=\"https:\/\/otegotextile.com\/wp-content\/uploads\/2019\/02\/heat-protection-150x150.jpg\" alt=\"\" srcset=\"https:\/\/otegotextile.com\/wp-content\/uploads\/2019\/02\/heat-protection-150x150.jpg 150w, https:\/\/otegotextile.com\/wp-content\/uploads\/2019\/02\/heat-protection-300x300.jpg 300w, https:\/\/otegotextile.com\/wp-content\/uploads\/2019\/02\/heat-protection-125x125.jpg 125w, https:\/\/otegotextile.com\/wp-content\/uploads\/2019\/02\/heat-protection.jpg 600w\" width=\"150\" height=\"150\">\n<div class=\"overlay-title-excerpt-hover overlay-hide theme-overlay wpex-absolute wpex-inset-0 wpex-transition-all wpex-duration-300 wpex-overflow-hidden wpex-flex wpex-items-center wpex-justify-center wpex-text-center\">\n\t<div class=\"overlay-bg wpex-bg-black wpex-absolute wpex-inset-0 wpex-opacity-70\"><\/div>\n\t<div class=\"overlay-content overlay-scale wpex-relative wpex-text-white wpex-p-15 wpex-duration-300 wpex-transition-transform wpex-clr\">\n\t\t<div class=\"overlay-title wpex-text-lg\">Tissus aluminis\u00e9s pour la protection contre la chaleur<\/div>\n\t\t\t<\/div>\n<\/div><\/a><\/div><\/div><\/div><div class=\"portfolio-entry vcex-grid-item span_1_of_6 col col-4 entry post-2099 type-portfolio has-media tag-246 tag-245 cat-688\"><div class=\"portfolio-entry-inner entry-inner wpex-first-mt-0 wpex-last-mb-0 wpex-clr\"><div class=\"portfolio-entry-media entry-media wpex-relative overlay-parent overlay-parent-title-excerpt-hover overlay-h wpex-overflow-hidden overlay-ms\"><a href=\"https:\/\/otegotextile.com\/fr\/products\/tissu-technique-enduit-tuyau-ventilation\/\" title=\"Tissus Techniques Enduits pour Tuyaux Flexibles\" class=\"portfolio-entry-media-link\"><img loading=\"lazy\" class=\"portfolio-entry-img wpex-align-middle\" decoding=\"async\" src=\"https:\/\/otegotextile.com\/wp-content\/uploads\/2019\/02\/flexible-ducting-150x150.jpg\" alt=\"\" srcset=\"https:\/\/otegotextile.com\/wp-content\/uploads\/2019\/02\/flexible-ducting-150x150.jpg 150w, https:\/\/otegotextile.com\/wp-content\/uploads\/2019\/02\/flexible-ducting-300x300.jpg 300w, https:\/\/otegotextile.com\/wp-content\/uploads\/2019\/02\/flexible-ducting-125x125.jpg 125w, https:\/\/otegotextile.com\/wp-content\/uploads\/2019\/02\/flexible-ducting.jpg 600w\" width=\"150\" height=\"150\">\n<div class=\"overlay-title-excerpt-hover overlay-hide theme-overlay wpex-absolute wpex-inset-0 wpex-transition-all wpex-duration-300 wpex-overflow-hidden wpex-flex wpex-items-center wpex-justify-center wpex-text-center\">\n\t<div class=\"overlay-bg wpex-bg-black wpex-absolute wpex-inset-0 wpex-opacity-70\"><\/div>\n\t<div class=\"overlay-content overlay-scale wpex-relative wpex-text-white wpex-p-15 wpex-duration-300 wpex-transition-transform wpex-clr\">\n\t\t<div class=\"overlay-title wpex-text-lg\">Tissus Techniques Enduits pour Tuyaux Flexibles<\/div>\n\t\t\t<\/div>\n<\/div><\/a><\/div><\/div><\/div><div class=\"portfolio-entry vcex-grid-item span_1_of_6 col col-5 entry post-2093 type-portfolio has-media tag-26 tag-245 cat-688\"><div class=\"portfolio-entry-inner entry-inner wpex-first-mt-0 wpex-last-mb-0 wpex-clr\"><div class=\"portfolio-entry-media entry-media wpex-relative overlay-parent overlay-parent-title-excerpt-hover overlay-h wpex-overflow-hidden overlay-ms\"><a href=\"https:\/\/otegotextile.com\/fr\/products\/tissu-enduit-protection-machines\/\" title=\"Tissu enduit pour soufflet de protection\" class=\"portfolio-entry-media-link\"><img loading=\"lazy\" class=\"portfolio-entry-img wpex-align-middle\" decoding=\"async\" src=\"https:\/\/otegotextile.com\/wp-content\/uploads\/2019\/02\/bellow-fabrics-150x150.jpg\" alt=\"\" srcset=\"https:\/\/otegotextile.com\/wp-content\/uploads\/2019\/02\/bellow-fabrics-150x150.jpg 150w, https:\/\/otegotextile.com\/wp-content\/uploads\/2019\/02\/bellow-fabrics-300x300.jpg 300w, https:\/\/otegotextile.com\/wp-content\/uploads\/2019\/02\/bellow-fabrics-125x125.jpg 125w, https:\/\/otegotextile.com\/wp-content\/uploads\/2019\/02\/bellow-fabrics.jpg 600w\" width=\"150\" height=\"150\">\n<div class=\"overlay-title-excerpt-hover overlay-hide theme-overlay wpex-absolute wpex-inset-0 wpex-transition-all wpex-duration-300 wpex-overflow-hidden wpex-flex wpex-items-center wpex-justify-center wpex-text-center\">\n\t<div class=\"overlay-bg wpex-bg-black wpex-absolute wpex-inset-0 wpex-opacity-70\"><\/div>\n\t<div class=\"overlay-content overlay-scale wpex-relative wpex-text-white wpex-p-15 wpex-duration-300 wpex-transition-transform wpex-clr\">\n\t\t<div class=\"overlay-title wpex-text-lg\">Tissu enduit pour soufflet de protection<\/div>\n\t\t\t<\/div>\n<\/div><\/a><\/div><\/div><\/div><div class=\"portfolio-entry vcex-grid-item span_1_of_6 col col-6 entry post-2082 type-portfolio has-media tag-245 tag-247 cat-688\"><div class=\"portfolio-entry-inner entry-inner wpex-first-mt-0 wpex-last-mb-0 wpex-clr\"><div class=\"portfolio-entry-media entry-media wpex-relative overlay-parent overlay-parent-title-excerpt-hover overlay-h wpex-overflow-hidden overlay-ms\"><a href=\"https:\/\/otegotextile.com\/fr\/products\/tissus-housses-protection-aeronautique\/\" title=\"Housse de protection pour l&rsquo;a\u00e9ronautique\" class=\"portfolio-entry-media-link\"><img loading=\"lazy\" class=\"portfolio-entry-img wpex-align-middle\" decoding=\"async\" src=\"https:\/\/otegotextile.com\/wp-content\/uploads\/2019\/02\/protective-aircraft-150x150.jpg\" alt=\"\" srcset=\"https:\/\/otegotextile.com\/wp-content\/uploads\/2019\/02\/protective-aircraft-150x150.jpg 150w, https:\/\/otegotextile.com\/wp-content\/uploads\/2019\/02\/protective-aircraft-300x300.jpg 300w, https:\/\/otegotextile.com\/wp-content\/uploads\/2019\/02\/protective-aircraft-125x125.jpg 125w, https:\/\/otegotextile.com\/wp-content\/uploads\/2019\/02\/protective-aircraft.jpg 600w\" width=\"150\" height=\"150\">\n<div class=\"overlay-title-excerpt-hover overlay-hide theme-overlay wpex-absolute wpex-inset-0 wpex-transition-all wpex-duration-300 wpex-overflow-hidden wpex-flex wpex-items-center wpex-justify-center wpex-text-center\">\n\t<div class=\"overlay-bg wpex-bg-black wpex-absolute wpex-inset-0 wpex-opacity-70\"><\/div>\n\t<div class=\"overlay-content overlay-scale wpex-relative wpex-text-white wpex-p-15 wpex-duration-300 wpex-transition-transform wpex-clr\">\n\t\t<div class=\"overlay-title wpex-text-lg\">Housse de protection pour l&rsquo;a\u00e9ronautique<\/div>\n\t\t\t<\/div>\n<\/div><\/a><\/div><\/div><\/div><\/div><\/div>[\/vc_column][\/vc_row]\n<\/div>","protected":false},"excerpt":{"rendered":"<p>[vc_row css=\u00a0\u00bb.vc_custom_1611214566201{padding-right: 10% !important;padding-left: 10% !important;background-image: url(https:\/\/otegotextile.com\/wp-content\/uploads\/2020\/12\/banniere-entreprise.png?id=8750) !important;background-position: center !important;background-repeat: no-repeat !important;background-size: cover !important;}\u00a0\u00bb][vc_column][vc_empty_space height=\u00a0\u00bb100px\u00a0\u00bb][vc_column_text text_align=\u00a0\u00bbleft\u00a0\u00bb] Index \u00c9galit\u00e9 \u00c9GALIT\u00c9 INDICE [\/vc_column_text][vc_empty_space height=\u00a0\u00bb100px\u00a0\u00bb][\/vc_column][\/vc_row][vc_row css=\u00a0\u00bb.vc_custom_1543338630826{padding-right: 10% !important;padding-left: 10% !important;}\u00a0\u00bb][vc_column][vc_empty_space height=\u00a0\u00bb10px\u00a0\u00bb][vc_column_text] [\/vc_column_text][vc_empty_space height=\u00a0\u00bb40px\u00a0\u00bb][\/vc_column][\/vc_row][vc_row&hellip;<\/p>\n","protected":false},"author":7,"featured_media":0,"parent":0,"menu_order":0,"comment_status":"closed","ping_status":"closed","template":"","meta":{"footnotes":"","_links_to":"","_links_to_target":""},"class_list":["post-31894","page","type-page","status-publish","hentry","entry","has-media"],"yoast_head":"<!-- This site is optimized with the Yoast SEO plugin v27.2 - https:\/\/yoast.com\/product\/yoast-seo-wordpress\/ -->\n<title>\u00c9galit\u00e9 Femmes-Hommes - Otego<\/title>\n<meta name=\"description\" content=\"D\u00e9couvrez comment OTEGO soutient l\u2019\u00e9galit\u00e9 des sexes gr\u00e2ce \u00e0 l\u2019\u00e9galit\u00e9 salariale, des politiques inclusives et un score \u00e9lev\u00e9 \u00e0 l\u2019Indice 2025.\" \/>\n<meta name=\"robots\" content=\"index, follow, max-snippet:-1, max-image-preview:large, max-video-preview:-1\" \/>\n<link rel=\"canonical\" href=\"https:\/\/otegotextile.com\/fr\/egalite-femmes-hommes\/\" \/>\n<meta property=\"og:locale\" content=\"fr_FR\" \/>\n<meta property=\"og:type\" content=\"article\" \/>\n<meta property=\"og:title\" content=\"\u00c9galit\u00e9 Femmes-Hommes - Otego\" \/>\n<meta property=\"og:description\" content=\"D\u00e9couvrez comment OTEGO soutient l\u2019\u00e9galit\u00e9 des sexes gr\u00e2ce \u00e0 l\u2019\u00e9galit\u00e9 salariale, des politiques inclusives et un score \u00e9lev\u00e9 \u00e0 l\u2019Indice 2025.\" \/>\n<meta property=\"og:url\" content=\"https:\/\/otegotextile.com\/fr\/egalite-femmes-hommes\/\" \/>\n<meta property=\"og:site_name\" content=\"Otego\" \/>\n<meta property=\"article:publisher\" content=\"https:\/\/www.facebook.com\/OtegoTextile\" \/>\n<meta property=\"article:modified_time\" content=\"2026-03-02T09:48:04+00:00\" \/>\n<meta property=\"og:image\" content=\"http:\/\/otegotextile.com\/wp-content\/uploads\/2020\/11\/trame-bleue-3.png\" \/>\n<meta name=\"twitter:card\" content=\"summary_large_image\" \/>\n<meta name=\"twitter:label1\" content=\"Dur\u00e9e de lecture estim\u00e9e\" \/>\n\t<meta name=\"twitter:data1\" content=\"2 minutes\" \/>\n<script type=\"application\/ld+json\" class=\"yoast-schema-graph\">{\"@context\":\"https:\/\/schema.org\",\"@graph\":[{\"@type\":\"WebPage\",\"@id\":\"https:\/\/otegotextile.com\/fr\/egalite-femmes-hommes\/\",\"url\":\"https:\/\/otegotextile.com\/fr\/egalite-femmes-hommes\/\",\"name\":\"\u00c9galit\u00e9 Femmes-Hommes - Otego\",\"isPartOf\":{\"@id\":\"https:\/\/otegotextile.com\/fr\/#website\"},\"primaryImageOfPage\":{\"@id\":\"https:\/\/otegotextile.com\/fr\/egalite-femmes-hommes\/#primaryimage\"},\"image\":{\"@id\":\"https:\/\/otegotextile.com\/fr\/egalite-femmes-hommes\/#primaryimage\"},\"thumbnailUrl\":\"http:\/\/otegotextile.com\/wp-content\/uploads\/2020\/11\/trame-bleue-3.png\",\"datePublished\":\"2023-03-09T07:08:34+00:00\",\"dateModified\":\"2026-03-02T09:48:04+00:00\",\"description\":\"D\u00e9couvrez comment OTEGO soutient l\u2019\u00e9galit\u00e9 des sexes gr\u00e2ce \u00e0 l\u2019\u00e9galit\u00e9 salariale, des politiques inclusives et un score \u00e9lev\u00e9 \u00e0 l\u2019Indice 2025.\",\"inLanguage\":\"fr-FR\",\"potentialAction\":[{\"@type\":\"ReadAction\",\"target\":[\"https:\/\/otegotextile.com\/fr\/egalite-femmes-hommes\/\"]}]},{\"@type\":\"ImageObject\",\"inLanguage\":\"fr-FR\",\"@id\":\"https:\/\/otegotextile.com\/fr\/egalite-femmes-hommes\/#primaryimage\",\"url\":\"http:\/\/otegotextile.com\/wp-content\/uploads\/2020\/11\/trame-bleue-3.png\",\"contentUrl\":\"http:\/\/otegotextile.com\/wp-content\/uploads\/2020\/11\/trame-bleue-3.png\"},{\"@type\":\"WebSite\",\"@id\":\"https:\/\/otegotextile.com\/fr\/#website\",\"url\":\"https:\/\/otegotextile.com\/fr\/\",\"name\":\"Otego\",\"description\":\"Improve Safety &amp; Productivity for Our Customers Worldwide\",\"publisher\":{\"@id\":\"https:\/\/otegotextile.com\/fr\/#organization\"},\"potentialAction\":[{\"@type\":\"SearchAction\",\"target\":{\"@type\":\"EntryPoint\",\"urlTemplate\":\"https:\/\/otegotextile.com\/fr\/?s={search_term_string}\"},\"query-input\":{\"@type\":\"PropertyValueSpecification\",\"valueRequired\":true,\"valueName\":\"search_term_string\"}}],\"inLanguage\":\"fr-FR\"},{\"@type\":\"Organization\",\"@id\":\"https:\/\/otegotextile.com\/fr\/#organization\",\"name\":\"OTEGO\",\"url\":\"https:\/\/otegotextile.com\/fr\/\",\"logo\":{\"@type\":\"ImageObject\",\"inLanguage\":\"fr-FR\",\"@id\":\"https:\/\/otegotextile.com\/fr\/#\/schema\/logo\/image\/\",\"url\":\"https:\/\/otegotextile.com\/wp-content\/uploads\/2020\/12\/Default-Thumbnails.png\",\"contentUrl\":\"https:\/\/otegotextile.com\/wp-content\/uploads\/2020\/12\/Default-Thumbnails.png\",\"width\":2000,\"height\":1000,\"caption\":\"OTEGO\"},\"image\":{\"@id\":\"https:\/\/otegotextile.com\/fr\/#\/schema\/logo\/image\/\"},\"sameAs\":[\"https:\/\/www.facebook.com\/OtegoTextile\",\"https:\/\/www.linkedin.com\/company\/otego-textile\",\"https:\/\/www.youtube.com\/channel\/UCatzolbDQhzYHFwYbdIaFGw\"]}]}<\/script>\n<!-- \/ Yoast SEO plugin. -->","yoast_head_json":{"title":"\u00c9galit\u00e9 Femmes-Hommes - Otego","description":"D\u00e9couvrez comment OTEGO soutient l\u2019\u00e9galit\u00e9 des sexes gr\u00e2ce \u00e0 l\u2019\u00e9galit\u00e9 salariale, des politiques inclusives et un score \u00e9lev\u00e9 \u00e0 l\u2019Indice 2025.","robots":{"index":"index","follow":"follow","max-snippet":"max-snippet:-1","max-image-preview":"max-image-preview:large","max-video-preview":"max-video-preview:-1"},"canonical":"https:\/\/otegotextile.com\/fr\/egalite-femmes-hommes\/","og_locale":"fr_FR","og_type":"article","og_title":"\u00c9galit\u00e9 Femmes-Hommes - Otego","og_description":"D\u00e9couvrez comment OTEGO soutient l\u2019\u00e9galit\u00e9 des sexes gr\u00e2ce \u00e0 l\u2019\u00e9galit\u00e9 salariale, des politiques inclusives et un score \u00e9lev\u00e9 \u00e0 l\u2019Indice 2025.","og_url":"https:\/\/otegotextile.com\/fr\/egalite-femmes-hommes\/","og_site_name":"Otego","article_publisher":"https:\/\/www.facebook.com\/OtegoTextile","article_modified_time":"2026-03-02T09:48:04+00:00","og_image":[{"url":"http:\/\/otegotextile.com\/wp-content\/uploads\/2020\/11\/trame-bleue-3.png","type":"","width":"","height":""}],"twitter_card":"summary_large_image","twitter_misc":{"Dur\u00e9e de lecture estim\u00e9e":"2 minutes"},"schema":{"@context":"https:\/\/schema.org","@graph":[{"@type":"WebPage","@id":"https:\/\/otegotextile.com\/fr\/egalite-femmes-hommes\/","url":"https:\/\/otegotextile.com\/fr\/egalite-femmes-hommes\/","name":"\u00c9galit\u00e9 Femmes-Hommes - Otego","isPartOf":{"@id":"https:\/\/otegotextile.com\/fr\/#website"},"primaryImageOfPage":{"@id":"https:\/\/otegotextile.com\/fr\/egalite-femmes-hommes\/#primaryimage"},"image":{"@id":"https:\/\/otegotextile.com\/fr\/egalite-femmes-hommes\/#primaryimage"},"thumbnailUrl":"http:\/\/otegotextile.com\/wp-content\/uploads\/2020\/11\/trame-bleue-3.png","datePublished":"2023-03-09T07:08:34+00:00","dateModified":"2026-03-02T09:48:04+00:00","description":"D\u00e9couvrez comment OTEGO soutient l\u2019\u00e9galit\u00e9 des sexes gr\u00e2ce \u00e0 l\u2019\u00e9galit\u00e9 salariale, des politiques inclusives et un score \u00e9lev\u00e9 \u00e0 l\u2019Indice 2025.","inLanguage":"fr-FR","potentialAction":[{"@type":"ReadAction","target":["https:\/\/otegotextile.com\/fr\/egalite-femmes-hommes\/"]}]},{"@type":"ImageObject","inLanguage":"fr-FR","@id":"https:\/\/otegotextile.com\/fr\/egalite-femmes-hommes\/#primaryimage","url":"http:\/\/otegotextile.com\/wp-content\/uploads\/2020\/11\/trame-bleue-3.png","contentUrl":"http:\/\/otegotextile.com\/wp-content\/uploads\/2020\/11\/trame-bleue-3.png"},{"@type":"WebSite","@id":"https:\/\/otegotextile.com\/fr\/#website","url":"https:\/\/otegotextile.com\/fr\/","name":"Otego","description":"Improve Safety &amp; Productivity for Our Customers Worldwide","publisher":{"@id":"https:\/\/otegotextile.com\/fr\/#organization"},"potentialAction":[{"@type":"SearchAction","target":{"@type":"EntryPoint","urlTemplate":"https:\/\/otegotextile.com\/fr\/?s={search_term_string}"},"query-input":{"@type":"PropertyValueSpecification","valueRequired":true,"valueName":"search_term_string"}}],"inLanguage":"fr-FR"},{"@type":"Organization","@id":"https:\/\/otegotextile.com\/fr\/#organization","name":"OTEGO","url":"https:\/\/otegotextile.com\/fr\/","logo":{"@type":"ImageObject","inLanguage":"fr-FR","@id":"https:\/\/otegotextile.com\/fr\/#\/schema\/logo\/image\/","url":"https:\/\/otegotextile.com\/wp-content\/uploads\/2020\/12\/Default-Thumbnails.png","contentUrl":"https:\/\/otegotextile.com\/wp-content\/uploads\/2020\/12\/Default-Thumbnails.png","width":2000,"height":1000,"caption":"OTEGO"},"image":{"@id":"https:\/\/otegotextile.com\/fr\/#\/schema\/logo\/image\/"},"sameAs":["https:\/\/www.facebook.com\/OtegoTextile","https:\/\/www.linkedin.com\/company\/otego-textile","https:\/\/www.youtube.com\/channel\/UCatzolbDQhzYHFwYbdIaFGw"]}]}},"_links":{"self":[{"href":"https:\/\/otegotextile.com\/fr\/wp-json\/wp\/v2\/pages\/31894","targetHints":{"allow":["GET"]}}],"collection":[{"href":"https:\/\/otegotextile.com\/fr\/wp-json\/wp\/v2\/pages"}],"about":[{"href":"https:\/\/otegotextile.com\/fr\/wp-json\/wp\/v2\/types\/page"}],"author":[{"embeddable":true,"href":"https:\/\/otegotextile.com\/fr\/wp-json\/wp\/v2\/users\/7"}],"replies":[{"embeddable":true,"href":"https:\/\/otegotextile.com\/fr\/wp-json\/wp\/v2\/comments?post=31894"}],"version-history":[{"count":0,"href":"https:\/\/otegotextile.com\/fr\/wp-json\/wp\/v2\/pages\/31894\/revisions"}],"wp:attachment":[{"href":"https:\/\/otegotextile.com\/fr\/wp-json\/wp\/v2\/media?parent=31894"}],"curies":[{"name":"wp","href":"https:\/\/api.w.org\/{rel}","templated":true}]}}