{"id":38603,"date":"2025-05-16T09:45:40","date_gmt":"2025-05-16T07:45:40","guid":{"rendered":"https:\/\/otegotextile.com\/oteplace-seguridad-creada-por-expertos\/"},"modified":"2025-05-16T09:45:41","modified_gmt":"2025-05-16T07:45:41","slug":"oteplace-seguridad-creada-por-expertos","status":"publish","type":"page","link":"https:\/\/otegotextile.com\/es\/oteplace-seguridad-creada-por-expertos\/","title":{"rendered":"Oteplace, Seguridad creada por expertos"},"content":{"rendered":"<div class=\"wpb-content-wrapper\">[vc_row css=\u00bb.vc_custom_1721631063878{padding-right: 10% !important;padding-left: 10% !important;background-image: url(https:\/\/otegotextile.com\/wp-content\/uploads\/2024\/07\/Untitled-design-8.png?id=34777) !important;background-position: center !important;background-repeat: no-repeat !important;background-size: cover !important;}\u00bb][vc_column][vc_empty_space height=\u00bb100px\u00bb][vc_column_text text_align=\u00bbleft\u00bb]\n<h1>OTEPLACE:<br \/>\nSu socio<\/h1>\n<h1>en protecci\u00f3n<\/h1>\n[\/vc_column_text][vc_empty_space height=\u00bb100px\u00bb][\/vc_column][\/vc_row][vc_row css=\u00bb.vc_custom_1543338630826{padding-right: 10% !important;padding-left: 10% !important;}\u00bb][vc_column][vc_empty_space height=\u00bb10px\u00bb][vc_column_text]\n\r\n<p id=\"breadcrumbs\"><\/p>\r\n\n[\/vc_column_text][vc_empty_space height=\u00bb40px\u00bb][\/vc_column][\/vc_row][vc_row column_spacing=\u00bb50&#8243; equal_height=\u00bbyes\u00bb max_width=\u00bb80&#8243; css=\u00bb.vc_custom_1678344869558{padding-right: 10% !important;padding-left: 10% !important;}\u00bb][vc_column width=\u00bb1\/6&#8243;][\/vc_column][vc_column width=\u00bb2\/3&#8243;][vc_single_image image=\u00bb34665&#8243;][vc_column_text]\n<h2 style=\"text-align: center;\">\u00bfQU\u00c9 ES OTEPLACE?<\/h2>\n[\/vc_column_text][vc_empty_space height=\u00bb20px\u00bb][vc_column_text css=\u00bb\u00bb]\n<div class=\"w-full border-b border-black\/10 dark:border-gray-900\/50 text-gray-800 dark:text-gray-100 group bg-gray-50 dark:bg-[#444654]\">\n<div class=\"text-base gap-4 md:gap-6 m-auto md:max-w-2xl lg:max-w-2xl xl:max-w-3xl p-4 md:py-6 flex lg:px-0\">\n<div class=\"relative flex w-[calc(100%-50px)] flex-col gap-1 md:gap-3 lg:w-[calc(100%-115px)]\">\n<div class=\"flex flex-grow flex-col gap-3\">\n<div class=\"min-h-[20px] flex flex-col items-start gap-4 whitespace-pre-wrap\">\n<div class=\"markdown prose w-full break-words dark:prose-invert light\">\n<p class=\"p1\"><a href=\"http:\/\/www.oteplace.com\" target=\"_blank\" rel=\"noopener\">Oteplace<\/a>, creado por OTEGO, es una plataforma en l\u00ednea para facilitar la compra de EPI. Tanto si se trata de una empresa con necesidades de seguridad espec\u00edficas como de un fabricante de equipos de seguridad, Oteplace conecta a los socios adecuados: <strong data-start=\"556\" data-end=\"602\">pone en contacto a los compradores de EPI con los vendedores cualificados<\/strong> que pueden satisfacer sus requisitos exactos.<\/p>\n<p>&nbsp;<\/p>\n<\/div>\n<div class=\"markdown prose w-full break-words dark:prose-invert light\">\n<p class=\"\" data-start=\"643\" data-end=\"815\">Esta iniciativa refleja el compromiso de OTEGO con la accesibilidad global a protecci\u00f3n de calidad y conexiones industriales.<\/p>\n<\/div>\n<\/div>\n<\/div>\n<\/div>\n<\/div>\n<\/div>\n[\/vc_column_text][\/vc_column][vc_column width=\u00bb1\/6&#8243;][\/vc_column][\/vc_row][vc_row][vc_column width=\u00bb1\/6&#8243;][vc_empty_space][\/vc_column][vc_column width=\u00bb2\/3&#8243;][vc_column_text css=\u00bb\u00bb]\n<h2 style=\"text-align: center;\">\u00bfC\u00d3MO FUNCIONA?<\/h2>\n[\/vc_column_text][vc_empty_space][vc_column_text css=\u00bb\u00bb]Oteplace utiliza un <a href=\"http:\/\/www.oteplace.com\/rfq\" target=\"_blank\" rel=\"noopener\"><strong data-start=\"861\" data-end=\"888\">solicitud de presupuesto (RFQ)<\/strong><\/a> para agilizar su b\u00fasqueda. D\u00edganos lo que necesita: pondremos<strong data-start=\"950\" data-end=\"1000\">su solicitud en contacto con proveedores verificados<\/strong> capaces de ofrecerle la soluci\u00f3n de seguridad adecuada.<\/p>\n<p><br data-start=\"1049\" data-end=\"1052\">Desde chalecos refrigerantes hasta tejidos ign\u00edfugos, caretas y gafas de seguridad, le ayudamos a encontrar exactamente lo que necesita.[\/vc_column_text][vc_empty_space][\/vc_column][vc_column width=\u00bb1\/6&#8243;][vc_empty_space][\/vc_column][\/vc_row][vc_row][vc_column width=\u00bb1\/6&#8243;][vc_empty_space][\/vc_column][vc_column width=\u00bb2\/3&#8243;][vc_column_text css=\u00bb\u00bb]\n<h2 style=\"text-align: center;\">NUESTROS COMPROMISOS<\/h2>\n[\/vc_column_text][vc_empty_space height=\u00bb40px\u00bb][vc_empty_space height=\u00bb10px\u00bb][vc_single_image image=\u00bb34644&#8243; alignment=\u00bbcenter\u00bb][vc_empty_space height=\u00bb30px\u00bb][vc_column_text css=\u00bb\u00bb]\n<p style=\"text-align: left;\">En Oteplace, nuestra reputaci\u00f3n se basa en tres valores fundamentales:<\/p>\n<p style=\"text-align: left;\"><strong>Calidad:<\/strong> todos los productos provienen de fabricantes certificados y confiables a nivel mundial.<\/p>\n<p style=\"text-align: left;\"><strong>Comodidad:<\/strong> solicite cotizaciones, compare y contacte proveedores f\u00e1cilmente en nuestra plataforma.<\/p>\n<p style=\"text-align: left;\"><strong>Innovaci\u00f3n: <\/strong>destacamos tecnolog\u00edas emergentes de seguridad y soluciones de pr\u00f3xima generaci\u00f3n.<\/p>\n[\/vc_column_text][vc_empty_space height=\u00bb60px\u00bb][\/vc_column][vc_column width=\u00bb1\/6&#8243;][vc_empty_space][\/vc_column][\/vc_row][vc_row][vc_column width=\u00bb1\/6&#8243;][\/vc_column][vc_column width=\u00bb1\/6&#8243;][vc_single_image image=\u00bb34716&#8243; alignment=\u00bbcenter\u00bb onclick=\u00bbcustom_link\u00bb img_link_target=\u00bb_blank\u00bb css=\u00bb\u00bb link=\u00bbhttps:\/\/www.oteplace.com\/company\/victoire-et-compagnie\/product\/safety-cap-all-season-polyester-all-season-polyester?mtm_campaign=Otego-Service-Oteplace-Safety%20Cap&amp;mtm_source=Wordpress\u00bb][vc_empty_space height=\u00bb60px\u00bb][\/vc_column][vc_column width=\u00bb1\/6&#8243;][vc_single_image image=\u00bb34726&#8243; alignment=\u00bbcenter\u00bb onclick=\u00bbcustom_link\u00bb img_link_target=\u00bb_blank\u00bb css=\u00bb\u00bb link=\u00bbhttps:\/\/www.oteplace.com\/company\/pervormance-international-gmbh\/product\/e-cooline-powercool-sx3-shirtvest-cooling-vest-27101330?mtm_campaign=Otego-Service-Oteplace-Cooling%20Vest&amp;mtm_source=Wordpress\u00bb][vc_empty_space height=\u00bb60px\u00bb][\/vc_column][vc_column width=\u00bb1\/6&#8243;][vc_single_image image=\u00bb34736&#8243; alignment=\u00bbcenter\u00bb onclick=\u00bbcustom_link\u00bb img_link_target=\u00bb_blank\u00bb css=\u00bb\u00bb link=\u00bbhttps:\/\/www.oteplace.com\/company\/maxxpro-international-inc\/product\/pack-impact-and-ballistic-resistant-safety-protective-glasses-with-clear-lenses-safety-eyewear-ps840?mtm_campaign=Otego-Service-Oteplace-Safety%20Glasses&amp;mtm_source=Wordpress\u00bb][vc_empty_space height=\u00bb60px\u00bb][\/vc_column][vc_column width=\u00bb1\/6&#8243;][vc_single_image image=\u00bb34746&#8243; alignment=\u00bbcenter\u00bb onclick=\u00bbcustom_link\u00bb img_link_target=\u00bb_blank\u00bb css=\u00bb\u00bb link=\u00bbhttps:\/\/www.oteplace.com\/company\/seong-kwang-tech\/product\/fire-fighting-equipment-kfi-22-3?mtm_campaign=Otego-Service-Oteplace-FirefightingSuit&amp;mtm_source=Wordpress\u00bb][vc_empty_space height=\u00bb60px\u00bb][\/vc_column][vc_column width=\u00bb1\/6&#8243;][\/vc_column][\/vc_row][vc_row][vc_column][vc_column_text css=\u00bb.vc_custom_1721716315016{margin-bottom: 15px !important;}\u00bb]\n<p class=\"p1\" style=\"text-align: center;\"><span style=\"color: #50768e; font-size: 24px;\">\u00bfINTERESADO EN UNIRSE A NUESTRA COMUNIDAD?<\/span><\/p>\n[\/vc_column_text][vc_column_text css=\u00bb.vc_custom_1744881034676{margin-bottom: 15px !important;}\u00bb]\n<h5 style=\"text-align: center;\" data-start=\"122\" data-end=\"222\">Ya sea que usted sea fabricante o comprador de EPI, \u00fanase a Oteplace para conectarse, colaborar y encontrar las soluciones adecuadas.<\/h5>\n[\/vc_column_text][vc_btn title=\u00bbREG\u00cdSTRESE AQU\u00cd\u00bb style=\u00bbcustom\u00bb custom_background=\u00bb#ff8c00&#8243; custom_text=\u00bb#ffffff\u00bb shape=\u00bbsquare\u00bb align=\u00bbcenter\u00bb css=\u00bb\u00bb link=\u00bburl:https%3A%2F%2Fwww.oteplace.com%2Fregister%3Fmtm_campaign%3DOtego-Service-Oteplace-Registration%26mtm_source%3DWordpress|\u00bb el_class=\u00bbuppercase\u00bb][\/vc_column][\/vc_row][vc_row][vc_column][\/vc_column][\/vc_row][vc_row][vc_column][vc_column_text]\n[\/vc_column_text][\/vc_column][\/vc_row]\n<\/div>","protected":false},"excerpt":{"rendered":"<p>[vc_row css=\u00bb.vc_custom_1721631063878{padding-right: 10% !important;padding-left: 10% !important;background-image: url(https:\/\/otegotextile.com\/wp-content\/uploads\/2024\/07\/Untitled-design-8.png?id=34777) !important;background-position: center !important;background-repeat: no-repeat !important;background-size: cover !important;}\u00bb][vc_column][vc_empty_space height=\u00bb100px\u00bb][vc_column_text text_align=\u00bbleft\u00bb] OTEPLACE: Su socio en protecci\u00f3n [\/vc_column_text][vc_empty_space height=\u00bb100px\u00bb][\/vc_column][\/vc_row][vc_row css=\u00bb.vc_custom_1543338630826{padding-right: 10% !important;padding-left: 10% !important;}\u00bb][vc_column][vc_empty_space height=\u00bb10px\u00bb][vc_column_text] [\/vc_column_text][vc_empty_space&hellip;<\/p>\n","protected":false},"author":18,"featured_media":0,"parent":0,"menu_order":0,"comment_status":"closed","ping_status":"closed","template":"","meta":{"footnotes":"","_links_to":"","_links_to_target":""},"class_list":["post-38603","page","type-page","status-publish","hentry","entry","no-media"],"yoast_head":"<!-- This site is optimized with the Yoast SEO plugin v27.2 - https:\/\/yoast.com\/product\/yoast-seo-wordpress\/ -->\n<title>Oteplace, Seguridad creada por expertos - Otego<\/title>\n<meta name=\"description\" content=\"Oteplace conecta a compradores de EPI con fabricantes confiables en todo el mundo. Env\u00ede una solicitud de cotizaci\u00f3n y con\u00e9ctese con proveedores.\" \/>\n<meta name=\"robots\" content=\"index, follow, max-snippet:-1, max-image-preview:large, max-video-preview:-1\" \/>\n<link rel=\"canonical\" href=\"https:\/\/otegotextile.com\/es\/oteplace-seguridad-creada-por-expertos\/\" \/>\n<meta property=\"og:locale\" content=\"es_ES\" \/>\n<meta property=\"og:type\" content=\"article\" \/>\n<meta property=\"og:title\" content=\"Oteplace, Seguridad creada por expertos - Otego\" \/>\n<meta property=\"og:description\" content=\"Oteplace conecta a compradores de EPI con fabricantes confiables en todo el mundo. Env\u00ede una solicitud de cotizaci\u00f3n y con\u00e9ctese con proveedores.\" \/>\n<meta property=\"og:url\" content=\"https:\/\/otegotextile.com\/es\/oteplace-seguridad-creada-por-expertos\/\" \/>\n<meta property=\"og:site_name\" content=\"Otego\" \/>\n<meta property=\"article:publisher\" content=\"https:\/\/www.facebook.com\/OtegoTextile\" \/>\n<meta property=\"article:modified_time\" content=\"2025-05-16T07:45:41+00:00\" \/>\n<meta property=\"og:image\" content=\"https:\/\/otegotextile.com\/wp-content\/uploads\/2020\/11\/slider2-dickson-ptl-2.jpg\" \/>\n\t<meta property=\"og:image:width\" content=\"1920\" \/>\n\t<meta property=\"og:image:height\" content=\"640\" \/>\n\t<meta property=\"og:image:type\" content=\"image\/jpeg\" \/>\n<meta name=\"twitter:card\" content=\"summary_large_image\" \/>\n<meta name=\"twitter:label1\" content=\"Tiempo de lectura\" \/>\n\t<meta name=\"twitter:data1\" content=\"4 minutos\" \/>\n<script type=\"application\/ld+json\" class=\"yoast-schema-graph\">{\"@context\":\"https:\/\/schema.org\",\"@graph\":[{\"@type\":\"WebPage\",\"@id\":\"https:\/\/otegotextile.com\/es\/oteplace-seguridad-creada-por-expertos\/\",\"url\":\"https:\/\/otegotextile.com\/es\/oteplace-seguridad-creada-por-expertos\/\",\"name\":\"Oteplace, Seguridad creada por expertos - Otego\",\"isPartOf\":{\"@id\":\"https:\/\/otegotextile.com\/es\/#website\"},\"datePublished\":\"2025-05-16T07:45:40+00:00\",\"dateModified\":\"2025-05-16T07:45:41+00:00\",\"description\":\"Oteplace conecta a compradores de EPI con fabricantes confiables en todo el mundo. Env\u00ede una solicitud de cotizaci\u00f3n y con\u00e9ctese con proveedores.\",\"inLanguage\":\"es\",\"potentialAction\":[{\"@type\":\"ReadAction\",\"target\":[\"https:\/\/otegotextile.com\/es\/oteplace-seguridad-creada-por-expertos\/\"]}]},{\"@type\":\"WebSite\",\"@id\":\"https:\/\/otegotextile.com\/es\/#website\",\"url\":\"https:\/\/otegotextile.com\/es\/\",\"name\":\"Otego\",\"description\":\"Improve Safety &amp; Productivity for Our Customers Worldwide\",\"publisher\":{\"@id\":\"https:\/\/otegotextile.com\/es\/#organization\"},\"potentialAction\":[{\"@type\":\"SearchAction\",\"target\":{\"@type\":\"EntryPoint\",\"urlTemplate\":\"https:\/\/otegotextile.com\/es\/?s={search_term_string}\"},\"query-input\":{\"@type\":\"PropertyValueSpecification\",\"valueRequired\":true,\"valueName\":\"search_term_string\"}}],\"inLanguage\":\"es\"},{\"@type\":\"Organization\",\"@id\":\"https:\/\/otegotextile.com\/es\/#organization\",\"name\":\"OTEGO\",\"url\":\"https:\/\/otegotextile.com\/es\/\",\"logo\":{\"@type\":\"ImageObject\",\"inLanguage\":\"es\",\"@id\":\"https:\/\/otegotextile.com\/es\/#\/schema\/logo\/image\/\",\"url\":\"https:\/\/otegotextile.com\/wp-content\/uploads\/2020\/12\/Default-Thumbnails.png\",\"contentUrl\":\"https:\/\/otegotextile.com\/wp-content\/uploads\/2020\/12\/Default-Thumbnails.png\",\"width\":2000,\"height\":1000,\"caption\":\"OTEGO\"},\"image\":{\"@id\":\"https:\/\/otegotextile.com\/es\/#\/schema\/logo\/image\/\"},\"sameAs\":[\"https:\/\/www.facebook.com\/OtegoTextile\",\"https:\/\/www.linkedin.com\/company\/otego-textile\",\"https:\/\/www.youtube.com\/channel\/UCatzolbDQhzYHFwYbdIaFGw\"]}]}<\/script>\n<!-- \/ Yoast SEO plugin. -->","yoast_head_json":{"title":"Oteplace, Seguridad creada por expertos - Otego","description":"Oteplace conecta a compradores de EPI con fabricantes confiables en todo el mundo. Env\u00ede una solicitud de cotizaci\u00f3n y con\u00e9ctese con proveedores.","robots":{"index":"index","follow":"follow","max-snippet":"max-snippet:-1","max-image-preview":"max-image-preview:large","max-video-preview":"max-video-preview:-1"},"canonical":"https:\/\/otegotextile.com\/es\/oteplace-seguridad-creada-por-expertos\/","og_locale":"es_ES","og_type":"article","og_title":"Oteplace, Seguridad creada por expertos - Otego","og_description":"Oteplace conecta a compradores de EPI con fabricantes confiables en todo el mundo. Env\u00ede una solicitud de cotizaci\u00f3n y con\u00e9ctese con proveedores.","og_url":"https:\/\/otegotextile.com\/es\/oteplace-seguridad-creada-por-expertos\/","og_site_name":"Otego","article_publisher":"https:\/\/www.facebook.com\/OtegoTextile","article_modified_time":"2025-05-16T07:45:41+00:00","og_image":[{"width":1920,"height":640,"url":"https:\/\/otegotextile.com\/wp-content\/uploads\/2020\/11\/slider2-dickson-ptl-2.jpg","type":"image\/jpeg"}],"twitter_card":"summary_large_image","twitter_misc":{"Tiempo de lectura":"4 minutos"},"schema":{"@context":"https:\/\/schema.org","@graph":[{"@type":"WebPage","@id":"https:\/\/otegotextile.com\/es\/oteplace-seguridad-creada-por-expertos\/","url":"https:\/\/otegotextile.com\/es\/oteplace-seguridad-creada-por-expertos\/","name":"Oteplace, Seguridad creada por expertos - Otego","isPartOf":{"@id":"https:\/\/otegotextile.com\/es\/#website"},"datePublished":"2025-05-16T07:45:40+00:00","dateModified":"2025-05-16T07:45:41+00:00","description":"Oteplace conecta a compradores de EPI con fabricantes confiables en todo el mundo. Env\u00ede una solicitud de cotizaci\u00f3n y con\u00e9ctese con proveedores.","inLanguage":"es","potentialAction":[{"@type":"ReadAction","target":["https:\/\/otegotextile.com\/es\/oteplace-seguridad-creada-por-expertos\/"]}]},{"@type":"WebSite","@id":"https:\/\/otegotextile.com\/es\/#website","url":"https:\/\/otegotextile.com\/es\/","name":"Otego","description":"Improve Safety &amp; Productivity for Our Customers Worldwide","publisher":{"@id":"https:\/\/otegotextile.com\/es\/#organization"},"potentialAction":[{"@type":"SearchAction","target":{"@type":"EntryPoint","urlTemplate":"https:\/\/otegotextile.com\/es\/?s={search_term_string}"},"query-input":{"@type":"PropertyValueSpecification","valueRequired":true,"valueName":"search_term_string"}}],"inLanguage":"es"},{"@type":"Organization","@id":"https:\/\/otegotextile.com\/es\/#organization","name":"OTEGO","url":"https:\/\/otegotextile.com\/es\/","logo":{"@type":"ImageObject","inLanguage":"es","@id":"https:\/\/otegotextile.com\/es\/#\/schema\/logo\/image\/","url":"https:\/\/otegotextile.com\/wp-content\/uploads\/2020\/12\/Default-Thumbnails.png","contentUrl":"https:\/\/otegotextile.com\/wp-content\/uploads\/2020\/12\/Default-Thumbnails.png","width":2000,"height":1000,"caption":"OTEGO"},"image":{"@id":"https:\/\/otegotextile.com\/es\/#\/schema\/logo\/image\/"},"sameAs":["https:\/\/www.facebook.com\/OtegoTextile","https:\/\/www.linkedin.com\/company\/otego-textile","https:\/\/www.youtube.com\/channel\/UCatzolbDQhzYHFwYbdIaFGw"]}]}},"_links":{"self":[{"href":"https:\/\/otegotextile.com\/es\/wp-json\/wp\/v2\/pages\/38603","targetHints":{"allow":["GET"]}}],"collection":[{"href":"https:\/\/otegotextile.com\/es\/wp-json\/wp\/v2\/pages"}],"about":[{"href":"https:\/\/otegotextile.com\/es\/wp-json\/wp\/v2\/types\/page"}],"author":[{"embeddable":true,"href":"https:\/\/otegotextile.com\/es\/wp-json\/wp\/v2\/users\/18"}],"replies":[{"embeddable":true,"href":"https:\/\/otegotextile.com\/es\/wp-json\/wp\/v2\/comments?post=38603"}],"version-history":[{"count":0,"href":"https:\/\/otegotextile.com\/es\/wp-json\/wp\/v2\/pages\/38603\/revisions"}],"wp:attachment":[{"href":"https:\/\/otegotextile.com\/es\/wp-json\/wp\/v2\/media?parent=38603"}],"curies":[{"name":"wp","href":"https:\/\/api.w.org\/{rel}","templated":true}]}}