{"id":38604,"date":"2025-05-16T09:53:06","date_gmt":"2025-05-16T07:53:06","guid":{"rendered":"https:\/\/otegotextile.com\/oteplace-sicherheit-von-experten\/"},"modified":"2025-05-16T09:53:07","modified_gmt":"2025-05-16T07:53:07","slug":"oteplace-sicherheit-von-experten","status":"publish","type":"page","link":"https:\/\/otegotextile.com\/de\/oteplace-sicherheit-von-experten\/","title":{"rendered":"Oteplace \u2013 Sicherheit von Experten"},"content":{"rendered":"<div class=\"wpb-content-wrapper\">[vc_row css=&#8220;.vc_custom_1721631063878{padding-right: 10% !important;padding-left: 10% !important;background-image: url(https:\/\/otegotextile.com\/wp-content\/uploads\/2024\/07\/Untitled-design-8.png?id=34777) !important;background-position: center !important;background-repeat: no-repeat !important;background-size: cover !important;}&#8220;][vc_column][vc_empty_space height=&#8220;100px&#8220;][vc_column_text text_align=&#8220;left&#8220;]\n<h1>OTEPLACE:<br \/>\nIhr Partner<\/h1>\n<h1>im Schutz<\/h1>\n[\/vc_column_text][vc_empty_space height=&#8220;100px&#8220;][\/vc_column][\/vc_row][vc_row css=&#8220;.vc_custom_1543338630826{padding-right: 10% !important;padding-left: 10% !important;}&#8220;][vc_column][vc_empty_space height=&#8220;10px&#8220;][vc_column_text]\n\r\n<p id=\"breadcrumbs\"><\/p>\r\n\n[\/vc_column_text][vc_empty_space height=&#8220;40px&#8220;][\/vc_column][\/vc_row][vc_row column_spacing=&#8220;50&#8243; equal_height=&#8220;yes&#8220; max_width=&#8220;80&#8243; css=&#8220;.vc_custom_1678344869558{padding-right: 10% !important;padding-left: 10% !important;}&#8220;][vc_column width=&#8220;1\/6&#8243;][\/vc_column][vc_column width=&#8220;2\/3&#8243;][vc_single_image image=&#8220;34660&#8243;][vc_column_text]\n<h2 style=\"text-align: center;\">WAS IST OTEPLACE?<\/h2>\n[\/vc_column_text][vc_empty_space height=&#8220;20px&#8220;][vc_column_text css=&#8220;&#8220;]\n<div class=\"w-full border-b border-black\/10 dark:border-gray-900\/50 text-gray-800 dark:text-gray-100 group bg-gray-50 dark:bg-[#444654]\">\n<div class=\"text-base gap-4 md:gap-6 m-auto md:max-w-2xl lg:max-w-2xl xl:max-w-3xl p-4 md:py-6 flex lg:px-0\">\n<div class=\"relative flex w-[calc(100%-50px)] flex-col gap-1 md:gap-3 lg:w-[calc(100%-115px)]\">\n<div class=\"flex flex-grow flex-col gap-3\">\n<div class=\"min-h-[20px] flex flex-col items-start gap-4 whitespace-pre-wrap\">\n<div class=\"markdown prose w-full break-words dark:prose-invert light\">\n<p class=\"p1\"><a href=\"http:\/\/www.oteplace.com\" target=\"_blank\" rel=\"noopener\">Oteplace<\/a>, entwickelt von OTEGO, ist eine Online-Plattform zur Vereinfachung des PSA-Einkaufs. Egal, ob Sie ein Unternehmen mit spezifischen Sicherheitsbed\u00fcrfnissen oder ein Hersteller von Sicherheitsausr\u00fcstung sind, Oteplace bringt die richtigen Partner zusammen: Es <strong data-start=\"556\" data-end=\"602\">bringt PSA-K\u00e4ufer mit qualifizierten Anbietern zusammen<\/strong>, die ihre Anforderungen genau erf\u00fcllen k\u00f6nnen.<\/p>\n<p>&nbsp;<\/p>\n<\/div>\n<div class=\"markdown prose w-full break-words dark:prose-invert light\">\n<p class=\"\" data-start=\"643\" data-end=\"815\">Diese Initiative zeigt OTEGOs Engagement, zertifizierten Schutz f\u00fcr alle zug\u00e4nglich zu machen und globale Partnerschaften zu f\u00f6rdern.<\/p>\n<\/div>\n<\/div>\n<\/div>\n<\/div>\n<\/div>\n<\/div>\n[\/vc_column_text][\/vc_column][vc_column width=&#8220;1\/6&#8243;][\/vc_column][\/vc_row][vc_row][vc_column width=&#8220;1\/6&#8243;][vc_empty_space][\/vc_column][vc_column width=&#8220;2\/3&#8243;][vc_column_text css=&#8220;&#8220;]\n<h2 style=\"text-align: center;\">WIE FUNKTIONIERT ES?<\/h2>\n[\/vc_column_text][vc_empty_space][vc_column_text css=&#8220;&#8220;]Oteplace verwendet eine <a href=\"http:\/\/www.oteplace.com\/rfq\" target=\"_blank\" rel=\"noopener\"><strong data-start=\"861\" data-end=\"888\">Anfrage f\u00fcr Angebote (RFQ)<\/strong><\/a> System, um Ihre Suche zu vereinfachen. Sagen Sie uns einfach, was Sie brauchen &#8211; wir<strong data-start=\"950\" data-end=\"1000\">werden Ihre Anfrage mit gepr\u00fcften Anbietern abgleichen<\/strong>, die in der Lage sind, die richtige Sicherheitsl\u00f6sung zu liefern.<\/p>\n<p><br data-start=\"1049\" data-end=\"1052\">Von K\u00fchlwesten und flammhemmenden Stoffen bis zu Gesichtsschutz und Schutzbrillen \u2013 wir helfen Ihnen, genau das zu finden, was Sie brauchen.[\/vc_column_text][vc_empty_space][\/vc_column][vc_column width=&#8220;1\/6&#8243;][vc_empty_space][\/vc_column][\/vc_row][vc_row][vc_column width=&#8220;1\/6&#8243;][vc_empty_space][\/vc_column][vc_column width=&#8220;2\/3&#8243;][vc_column_text css=&#8220;&#8220;]\n<h2 style=\"text-align: center;\">UNSERE VERPFLICHTUNGEN<\/h2>\n[\/vc_column_text][vc_empty_space height=&#8220;40px&#8220;][vc_empty_space height=&#8220;10px&#8220;][vc_single_image image=&#8220;34639&#8243; alignment=&#8220;center&#8220;][vc_empty_space height=&#8220;30px&#8220;][vc_column_text css=&#8220;&#8220;]\n<p style=\"text-align: left;\">Bei Oteplace beruht unser Ruf auf drei Grundwerten:<\/p>\n<p style=\"text-align: left;\"><strong>Qualit\u00e4t: <\/strong>Alle Produkte stammen von weltweit gepr\u00fcften, zertifizierten Herstellern \u2013 f\u00fcr Sicherheit und Leistung.<\/p>\n<p style=\"text-align: left;\"><strong>Komfort: <\/strong>\u00dcber unser Portal k\u00f6nnen Sie schnell Angebote einholen, vergleichen und passende Anbieter finden.<\/p>\n<p style=\"text-align: left;\"><strong>Innovation: <\/strong>Wir pr\u00e4sentieren neue Sicherheitstechnologien und moderne L\u00f6sungen.<\/p>\n[\/vc_column_text][vc_empty_space height=&#8220;60px&#8220;][\/vc_column][vc_column width=&#8220;1\/6&#8243;][vc_empty_space][\/vc_column][\/vc_row][vc_row][vc_column width=&#8220;1\/6&#8243;][\/vc_column][vc_column width=&#8220;1\/6&#8243;][vc_single_image image=&#8220;34711&#8243; alignment=&#8220;center&#8220; onclick=&#8220;custom_link&#8220; img_link_target=&#8220;_blank&#8220; css=&#8220;&#8220; link=&#8220;https:\/\/www.oteplace.com\/company\/victoire-et-compagnie\/product\/safety-cap-all-season-polyester-all-season-polyester?mtm_campaign=Otego-Service-Oteplace-Safety%20Cap&amp;mtm_source=Wordpress&#8220;][vc_empty_space height=&#8220;60px&#8220;][\/vc_column][vc_column width=&#8220;1\/6&#8243;][vc_single_image image=&#8220;34721&#8243; alignment=&#8220;center&#8220; onclick=&#8220;custom_link&#8220; img_link_target=&#8220;_blank&#8220; css=&#8220;&#8220; link=&#8220;https:\/\/www.oteplace.com\/company\/pervormance-international-gmbh\/product\/e-cooline-powercool-sx3-shirtvest-cooling-vest-27101330?mtm_campaign=Otego-Service-Oteplace-Cooling%20Vest&amp;mtm_source=Wordpress&#8220;][vc_empty_space height=&#8220;60px&#8220;][\/vc_column][vc_column width=&#8220;1\/6&#8243;][vc_single_image image=&#8220;34731&#8243; alignment=&#8220;center&#8220; onclick=&#8220;custom_link&#8220; img_link_target=&#8220;_blank&#8220; css=&#8220;&#8220; link=&#8220;https:\/\/www.oteplace.com\/company\/maxxpro-international-inc\/product\/pack-impact-and-ballistic-resistant-safety-protective-glasses-with-clear-lenses-safety-eyewear-ps840?mtm_campaign=Otego-Service-Oteplace-Safety%20Glasses&amp;mtm_source=Wordpress&#8220;][vc_empty_space height=&#8220;60px&#8220;][\/vc_column][vc_column width=&#8220;1\/6&#8243;][vc_single_image image=&#8220;34741&#8243; alignment=&#8220;center&#8220; onclick=&#8220;custom_link&#8220; img_link_target=&#8220;_blank&#8220; css=&#8220;&#8220; link=&#8220;https:\/\/www.oteplace.com\/company\/seong-kwang-tech\/product\/fire-fighting-equipment-kfi-22-3?mtm_campaign=Otego-Service-Oteplace-FirefightingSuit&amp;mtm_source=Wordpress&#8220;][vc_empty_space height=&#8220;60px&#8220;][\/vc_column][vc_column width=&#8220;1\/6&#8243;][\/vc_column][\/vc_row][vc_row][vc_column][vc_column_text css=&#8220;.vc_custom_1721716315016{margin-bottom: 15px !important;}&#8220;]\n<p class=\"p1\" style=\"text-align: center;\"><span style=\"color: #50768e; font-size: 24px;\">INTERESSIERT, UNSERER COMMUNITY BEIZUTRETEN?<\/span><\/p>\n[\/vc_column_text][vc_column_text css=&#8220;.vc_custom_1744881034676{margin-bottom: 15px !important;}&#8220;]\n<h5 style=\"text-align: center;\" data-start=\"122\" data-end=\"222\">Ob Sie Hersteller oder K\u00e4ufer von PSA sind \u2013 treten Sie Oteplace bei, um sich zu vernetzen, zusammenzuarbeiten und die passenden L\u00f6sungen zu finden!<\/h5>\n[\/vc_column_text][vc_btn title=&#8220;HIER REGISTRIEREN&#8220; style=&#8220;custom&#8220; custom_background=&#8220;#ff8c00&#8243; custom_text=&#8220;#ffffff&#8220; shape=&#8220;square&#8220; align=&#8220;center&#8220; css=&#8220;&#8220; link=&#8220;url:https%3A%2F%2Fwww.oteplace.com%2Fregister%3Fmtm_campaign%3DOtego-Service-Oteplace-Registration%26mtm_source%3DWordpress|&#8220; el_class=&#8220;uppercase&#8220;][\/vc_column][\/vc_row][vc_row][vc_column][\/vc_column][\/vc_row][vc_row][vc_column][vc_column_text]\n[\/vc_column_text][\/vc_column][\/vc_row]\n<\/div>","protected":false},"excerpt":{"rendered":"<p>[vc_row css=&#8220;.vc_custom_1721631063878{padding-right: 10% !important;padding-left: 10% !important;background-image: url(https:\/\/otegotextile.com\/wp-content\/uploads\/2024\/07\/Untitled-design-8.png?id=34777) !important;background-position: center !important;background-repeat: no-repeat !important;background-size: cover !important;}&#8220;][vc_column][vc_empty_space height=&#8220;100px&#8220;][vc_column_text text_align=&#8220;left&#8220;] OTEPLACE: Ihr Partner im Schutz [\/vc_column_text][vc_empty_space height=&#8220;100px&#8220;][\/vc_column][\/vc_row][vc_row css=&#8220;.vc_custom_1543338630826{padding-right: 10% !important;padding-left: 10% !important;}&#8220;][vc_column][vc_empty_space height=&#8220;10px&#8220;][vc_column_text] [\/vc_column_text][vc_empty_space&hellip;<\/p>\n","protected":false},"author":18,"featured_media":0,"parent":0,"menu_order":0,"comment_status":"closed","ping_status":"closed","template":"","meta":{"footnotes":"","_links_to":"","_links_to_target":""},"class_list":["post-38604","page","type-page","status-publish","hentry","entry","no-media"],"yoast_head":"<!-- This site is optimized with the Yoast SEO plugin v27.2 - https:\/\/yoast.com\/product\/yoast-seo-wordpress\/ -->\n<title>Oteplace \u2013 Sicherheit von Experten - Otego<\/title>\n<meta name=\"description\" content=\"Oteplace verbindet PSA-K\u00e4ufer mit zuverl\u00e4ssigen Herstellern weltweit. Senden Sie eine RFQ-Anfrage und erhalten Sie passende Angebote.\" \/>\n<meta name=\"robots\" content=\"index, follow, max-snippet:-1, max-image-preview:large, max-video-preview:-1\" \/>\n<link rel=\"canonical\" href=\"https:\/\/otegotextile.com\/de\/oteplace-sicherheit-von-experten\/\" \/>\n<meta property=\"og:locale\" content=\"de_DE\" \/>\n<meta property=\"og:type\" content=\"article\" \/>\n<meta property=\"og:title\" content=\"Oteplace \u2013 Sicherheit von Experten - Otego\" \/>\n<meta property=\"og:description\" content=\"Oteplace verbindet PSA-K\u00e4ufer mit zuverl\u00e4ssigen Herstellern weltweit. Senden Sie eine RFQ-Anfrage und erhalten Sie passende Angebote.\" \/>\n<meta property=\"og:url\" content=\"https:\/\/otegotextile.com\/de\/oteplace-sicherheit-von-experten\/\" \/>\n<meta property=\"og:site_name\" content=\"Otego\" \/>\n<meta property=\"article:publisher\" content=\"https:\/\/www.facebook.com\/OtegoTextile\" \/>\n<meta property=\"article:modified_time\" content=\"2025-05-16T07:53:07+00:00\" \/>\n<meta property=\"og:image\" content=\"https:\/\/otegotextile.com\/wp-content\/uploads\/2020\/11\/slider2-dickson-ptl-2.jpg\" \/>\n\t<meta property=\"og:image:width\" content=\"1920\" \/>\n\t<meta property=\"og:image:height\" content=\"640\" \/>\n\t<meta property=\"og:image:type\" content=\"image\/jpeg\" \/>\n<meta name=\"twitter:card\" content=\"summary_large_image\" \/>\n<meta name=\"twitter:label1\" content=\"Gesch\u00e4tzte Lesezeit\" \/>\n\t<meta name=\"twitter:data1\" content=\"4\u00a0Minuten\" \/>\n<script type=\"application\/ld+json\" class=\"yoast-schema-graph\">{\"@context\":\"https:\/\/schema.org\",\"@graph\":[{\"@type\":\"WebPage\",\"@id\":\"https:\/\/otegotextile.com\/de\/oteplace-sicherheit-von-experten\/\",\"url\":\"https:\/\/otegotextile.com\/de\/oteplace-sicherheit-von-experten\/\",\"name\":\"Oteplace \u2013 Sicherheit von Experten - Otego\",\"isPartOf\":{\"@id\":\"https:\/\/otegotextile.com\/de\/#website\"},\"datePublished\":\"2025-05-16T07:53:06+00:00\",\"dateModified\":\"2025-05-16T07:53:07+00:00\",\"description\":\"Oteplace verbindet PSA-K\u00e4ufer mit zuverl\u00e4ssigen Herstellern weltweit. Senden Sie eine RFQ-Anfrage und erhalten Sie passende Angebote.\",\"inLanguage\":\"de\",\"potentialAction\":[{\"@type\":\"ReadAction\",\"target\":[\"https:\/\/otegotextile.com\/de\/oteplace-sicherheit-von-experten\/\"]}]},{\"@type\":\"WebSite\",\"@id\":\"https:\/\/otegotextile.com\/de\/#website\",\"url\":\"https:\/\/otegotextile.com\/de\/\",\"name\":\"Otego\",\"description\":\"Improve Safety &amp; Productivity for Our Customers Worldwide\",\"publisher\":{\"@id\":\"https:\/\/otegotextile.com\/de\/#organization\"},\"potentialAction\":[{\"@type\":\"SearchAction\",\"target\":{\"@type\":\"EntryPoint\",\"urlTemplate\":\"https:\/\/otegotextile.com\/de\/?s={search_term_string}\"},\"query-input\":{\"@type\":\"PropertyValueSpecification\",\"valueRequired\":true,\"valueName\":\"search_term_string\"}}],\"inLanguage\":\"de\"},{\"@type\":\"Organization\",\"@id\":\"https:\/\/otegotextile.com\/de\/#organization\",\"name\":\"OTEGO\",\"url\":\"https:\/\/otegotextile.com\/de\/\",\"logo\":{\"@type\":\"ImageObject\",\"inLanguage\":\"de\",\"@id\":\"https:\/\/otegotextile.com\/de\/#\/schema\/logo\/image\/\",\"url\":\"https:\/\/otegotextile.com\/wp-content\/uploads\/2020\/12\/Default-Thumbnails.png\",\"contentUrl\":\"https:\/\/otegotextile.com\/wp-content\/uploads\/2020\/12\/Default-Thumbnails.png\",\"width\":2000,\"height\":1000,\"caption\":\"OTEGO\"},\"image\":{\"@id\":\"https:\/\/otegotextile.com\/de\/#\/schema\/logo\/image\/\"},\"sameAs\":[\"https:\/\/www.facebook.com\/OtegoTextile\",\"https:\/\/www.linkedin.com\/company\/otego-textile\",\"https:\/\/www.youtube.com\/channel\/UCatzolbDQhzYHFwYbdIaFGw\"]}]}<\/script>\n<!-- \/ Yoast SEO plugin. -->","yoast_head_json":{"title":"Oteplace \u2013 Sicherheit von Experten - Otego","description":"Oteplace verbindet PSA-K\u00e4ufer mit zuverl\u00e4ssigen Herstellern weltweit. Senden Sie eine RFQ-Anfrage und erhalten Sie passende Angebote.","robots":{"index":"index","follow":"follow","max-snippet":"max-snippet:-1","max-image-preview":"max-image-preview:large","max-video-preview":"max-video-preview:-1"},"canonical":"https:\/\/otegotextile.com\/de\/oteplace-sicherheit-von-experten\/","og_locale":"de_DE","og_type":"article","og_title":"Oteplace \u2013 Sicherheit von Experten - Otego","og_description":"Oteplace verbindet PSA-K\u00e4ufer mit zuverl\u00e4ssigen Herstellern weltweit. Senden Sie eine RFQ-Anfrage und erhalten Sie passende Angebote.","og_url":"https:\/\/otegotextile.com\/de\/oteplace-sicherheit-von-experten\/","og_site_name":"Otego","article_publisher":"https:\/\/www.facebook.com\/OtegoTextile","article_modified_time":"2025-05-16T07:53:07+00:00","og_image":[{"width":1920,"height":640,"url":"https:\/\/otegotextile.com\/wp-content\/uploads\/2020\/11\/slider2-dickson-ptl-2.jpg","type":"image\/jpeg"}],"twitter_card":"summary_large_image","twitter_misc":{"Gesch\u00e4tzte Lesezeit":"4\u00a0Minuten"},"schema":{"@context":"https:\/\/schema.org","@graph":[{"@type":"WebPage","@id":"https:\/\/otegotextile.com\/de\/oteplace-sicherheit-von-experten\/","url":"https:\/\/otegotextile.com\/de\/oteplace-sicherheit-von-experten\/","name":"Oteplace \u2013 Sicherheit von Experten - Otego","isPartOf":{"@id":"https:\/\/otegotextile.com\/de\/#website"},"datePublished":"2025-05-16T07:53:06+00:00","dateModified":"2025-05-16T07:53:07+00:00","description":"Oteplace verbindet PSA-K\u00e4ufer mit zuverl\u00e4ssigen Herstellern weltweit. Senden Sie eine RFQ-Anfrage und erhalten Sie passende Angebote.","inLanguage":"de","potentialAction":[{"@type":"ReadAction","target":["https:\/\/otegotextile.com\/de\/oteplace-sicherheit-von-experten\/"]}]},{"@type":"WebSite","@id":"https:\/\/otegotextile.com\/de\/#website","url":"https:\/\/otegotextile.com\/de\/","name":"Otego","description":"Improve Safety &amp; Productivity for Our Customers Worldwide","publisher":{"@id":"https:\/\/otegotextile.com\/de\/#organization"},"potentialAction":[{"@type":"SearchAction","target":{"@type":"EntryPoint","urlTemplate":"https:\/\/otegotextile.com\/de\/?s={search_term_string}"},"query-input":{"@type":"PropertyValueSpecification","valueRequired":true,"valueName":"search_term_string"}}],"inLanguage":"de"},{"@type":"Organization","@id":"https:\/\/otegotextile.com\/de\/#organization","name":"OTEGO","url":"https:\/\/otegotextile.com\/de\/","logo":{"@type":"ImageObject","inLanguage":"de","@id":"https:\/\/otegotextile.com\/de\/#\/schema\/logo\/image\/","url":"https:\/\/otegotextile.com\/wp-content\/uploads\/2020\/12\/Default-Thumbnails.png","contentUrl":"https:\/\/otegotextile.com\/wp-content\/uploads\/2020\/12\/Default-Thumbnails.png","width":2000,"height":1000,"caption":"OTEGO"},"image":{"@id":"https:\/\/otegotextile.com\/de\/#\/schema\/logo\/image\/"},"sameAs":["https:\/\/www.facebook.com\/OtegoTextile","https:\/\/www.linkedin.com\/company\/otego-textile","https:\/\/www.youtube.com\/channel\/UCatzolbDQhzYHFwYbdIaFGw"]}]}},"_links":{"self":[{"href":"https:\/\/otegotextile.com\/de\/wp-json\/wp\/v2\/pages\/38604","targetHints":{"allow":["GET"]}}],"collection":[{"href":"https:\/\/otegotextile.com\/de\/wp-json\/wp\/v2\/pages"}],"about":[{"href":"https:\/\/otegotextile.com\/de\/wp-json\/wp\/v2\/types\/page"}],"author":[{"embeddable":true,"href":"https:\/\/otegotextile.com\/de\/wp-json\/wp\/v2\/users\/18"}],"replies":[{"embeddable":true,"href":"https:\/\/otegotextile.com\/de\/wp-json\/wp\/v2\/comments?post=38604"}],"version-history":[{"count":0,"href":"https:\/\/otegotextile.com\/de\/wp-json\/wp\/v2\/pages\/38604\/revisions"}],"wp:attachment":[{"href":"https:\/\/otegotextile.com\/de\/wp-json\/wp\/v2\/media?parent=38604"}],"curies":[{"name":"wp","href":"https:\/\/api.w.org\/{rel}","templated":true}]}}