{"id":38591,"date":"2025-05-16T08:58:24","date_gmt":"2025-05-16T06:58:24","guid":{"rendered":"https:\/\/otegotextile.com\/geschlechtergleichstellung\/"},"modified":"2025-05-16T08:58:25","modified_gmt":"2025-05-16T06:58:25","slug":"geschlechtergleichstellung","status":"publish","type":"page","link":"https:\/\/otegotextile.com\/de\/geschlechtergleichstellung\/","title":{"rendered":"Geschlechtergleichstellung"},"content":{"rendered":"<div class=\"wpb-content-wrapper\">[vc_row css=&#8220;.vc_custom_1611214566201{padding-right: 10% !important;padding-left: 10% !important;background-image: url(https:\/\/otegotextile.com\/wp-content\/uploads\/2020\/12\/banniere-entreprise.png?id=8750) !important;background-position: center !important;background-repeat: no-repeat !important;background-size: cover !important;}&#8220;][vc_column][vc_empty_space height=&#8220;100px&#8220;][vc_column_text text_align=&#8220;left&#8220;]\n<h1>GESCHLECHT<br \/>\nGLEICHHEIT<br \/>\nINDEX<\/h1>\n[\/vc_column_text][vc_empty_space height=&#8220;100px&#8220;][\/vc_column][\/vc_row][vc_row css=&#8220;.vc_custom_1543338630826{padding-right: 10% !important;padding-left: 10% !important;}&#8220;][vc_column][vc_empty_space height=&#8220;10px&#8220;][vc_column_text]\n\r\n<p id=\"breadcrumbs\"><\/p>\r\n\n[\/vc_column_text][vc_empty_space height=&#8220;40px&#8220;][\/vc_column][\/vc_row][vc_row column_spacing=&#8220;50&#8243; equal_height=&#8220;yes&#8220; max_width=&#8220;80&#8243; css=&#8220;.vc_custom_1678344869558{padding-right: 10% !important;padding-left: 10% !important;}&#8220;][vc_column][vc_column_text]\n<h2 style=\"text-align: center;\">Unser Engagement f\u00fcr die Gleichstellung der Geschlechter<\/h2>\n[\/vc_column_text][vc_empty_space height=&#8220;20px&#8220;][vc_column_text]\n<div class=\"w-full border-b border-black\/10 dark:border-gray-900\/50 text-gray-800 dark:text-gray-100 group bg-gray-50 dark:bg-[#444654]\">\n<div class=\"text-base gap-4 md:gap-6 m-auto md:max-w-2xl lg:max-w-2xl xl:max-w-3xl p-4 md:py-6 flex lg:px-0\">\n<div class=\"relative flex w-[calc(100%-50px)] flex-col gap-1 md:gap-3 lg:w-[calc(100%-115px)]\">\n<div class=\"flex flex-grow flex-col gap-3\">\n<div class=\"min-h-[20px] flex flex-col items-start gap-4 whitespace-pre-wrap\">\n<div class=\"markdown prose w-full break-words dark:prose-invert light\">\n<p style=\"text-align: center;\">Bei OTEGO bilden wir unsere Teams ausschlie\u00dflich auf der Grundlage von <strong data-start=\"304\" data-end=\"337\">F\u00e4higkeiten und pers\u00f6nlichen Qualit\u00e4ten, <\/strong>nicht auf der Grundlage des Geschlechts. Wir f\u00f6rdern aktiv Ehrgeiz, unterst\u00fctzen die berufliche Entwicklung durch Schulung und Wissensaustausch und stellen gleiche Bezahlung und Anerkennung sicher.<\/p>\n<p>&nbsp;<\/p>\n<\/div>\n<p style=\"text-align: center;\">Jedes Jahr bewerten wir unsere Bem\u00fchungen anhand des <strong>Gender Equality Index<\/strong>, einem wichtigen Ma\u00dfstab f\u00fcr die Messung unserer Fortschritte bei der beruflichen Gleichstellung.<\/p>\n<\/div>\n<\/div>\n<\/div>\n<\/div>\n<\/div>\n[\/vc_column_text][vc_empty_space height=&#8220;10px&#8220;][\/vc_column][\/vc_row][vc_row][vc_column width=&#8220;1\/4&#8243;][\/vc_column][vc_column width=&#8220;1\/2&#8243;][vc_single_image image=&#8220;31871&#8243; css=&#8220;.vc_custom_1678344955950{border-radius: 10px !important;}&#8220;][vc_column_text]\n<h2 style=\"text-align: center;\">Unsere Ergebnisse 2025 zum Gender Equality Index<br \/>\n(Daten von 2024):<\/h2>\n<div class=\"su-list\" style=\"margin-left:0px\">\n<ul style=\"font-size: 20px;\">\n<li><i class=\"sui sui-balance-scale\" style=\"color:#50768E\"><\/i> Gesamtpunktzahl: 50 \/ 60<\/li>\n<li><i class=\"sui sui-balance-scale\" style=\"color:#50768E\"><\/i> Indikator f\u00fcr Gehaltsunterschiede: Nicht berechenbar \/ 40<\/li>\n<li><i class=\"sui sui-balance-scale\" style=\"color:#50768E\"><\/i> Indikator f\u00fcr Bef\u00f6rderungs-\/Gleichstellungsrate: 25 \/ 35<\/li>\n<li><i class=\"sui sui-balance-scale\" style=\"color:#50768E\"><\/i> R\u00fcckkehr aus Mutterschaftsurlaub: 15 \/ 15<\/li>\n<li><i class=\"sui sui-balance-scale\" style=\"color:#50768E\"><\/i> H\u00f6chstbezahlte Mitarbeitende: 10 \/ 10<\/li>\n<\/ul>\n<\/div>[\/vc_column_text][\/vc_column][vc_column width=&#8220;1\/4&#8243;][\/vc_column][\/vc_row][vc_row max_width=&#8220;60&#8243;][vc_column][vc_empty_space height=&#8220;60px&#8220;][vc_separator color=&#8220;custom&#8220; border_width=&#8220;10&#8243; el_width=&#8220;10&#8243; accent_color=&#8220;#50768e&#8220; css=&#8220;.vc_custom_1605698306129{margin-bottom: 40px !important;}&#8220;][vc_column_text css=&#8220;.vc_custom_1678342160767{margin-bottom: 15px !important;}&#8220;]\n<p style=\"text-align: center;\">F\u00dcR WEITERE INFORMATIONEN<\/p>\n[\/vc_column_text][vc_btn title=&#8220;Kontaktieren Sie uns&#8220; style=&#8220;custom&#8220; custom_background=&#8220;#50768e&#8220; custom_text=&#8220;#ffffff&#8220; shape=&#8220;square&#8220; size=&#8220;lg&#8220; align=&#8220;center&#8220; link=&#8220;url:https%3A%2F%2Fotegotextile.com%2Fde%2Fkontakt%2F|&#8220; el_class=&#8220;uppercase&#8220;][vc_empty_space height=&#8220;60px&#8220;][\/vc_column][\/vc_row][vc_row full_width=&#8220;stretch_row&#8220; css=&#8220;.vc_custom_1605698202004{padding-right: 5% !important;padding-left: 5% !important;background-color: #2f3238 !important;}&#8220;][vc_column][vc_column_text]\n<h2><strong>UNSERE <span class=\"white-text\">L\u00d6SUNGEN<\/span> <img loading=\"lazy\" decoding=\"async\" class=\"alignnone size-full wp-image-7117\" src=\"http:\/\/otegotextile.com\/wp-content\/uploads\/2020\/11\/trame-bleue-3.png\" alt=\"\" width=\"20\" height=\"25\"><\/strong><\/h2>\n<p>L\u00f6sungen[\/vc_column_text][vc_empty_space height=&#8220;50px&#8220;]<div class=\"vcex-module vcex-portfolio-grid-wrap wpex-clr\"><div class=\"wpex-row vcex-portfolio-grid wpex-clr entries gap-50 match-height-grid\"><div class=\"portfolio-entry vcex-grid-item span_1_of_6 col col-1 entry post-1720 type-portfolio has-media tag-245 tag-248 cat-695\"><div class=\"portfolio-entry-inner entry-inner wpex-first-mt-0 wpex-last-mb-0 wpex-clr\"><div class=\"portfolio-entry-media entry-media wpex-relative overlay-parent overlay-parent-title-excerpt-hover overlay-h wpex-overflow-hidden overlay-ms\"><a href=\"https:\/\/otegotextile.com\/de\/products\/wasserdichte-nagtabdichtungsbaender\/\" title=\"Wasserdichte Nagtabdichtungsb\u00e4nder\" class=\"portfolio-entry-media-link\"><img loading=\"lazy\" class=\"portfolio-entry-img wpex-align-middle\" decoding=\"async\" src=\"https:\/\/otegotextile.com\/wp-content\/uploads\/2019\/02\/waterproof-seam-sealing-150x150.jpg\" alt=\"\" srcset=\"https:\/\/otegotextile.com\/wp-content\/uploads\/2019\/02\/waterproof-seam-sealing-150x150.jpg 150w, https:\/\/otegotextile.com\/wp-content\/uploads\/2019\/02\/waterproof-seam-sealing-300x300.jpg 300w, https:\/\/otegotextile.com\/wp-content\/uploads\/2019\/02\/waterproof-seam-sealing-125x125.jpg 125w, https:\/\/otegotextile.com\/wp-content\/uploads\/2019\/02\/waterproof-seam-sealing.jpg 600w\" width=\"150\" height=\"150\">\n<div class=\"overlay-title-excerpt-hover overlay-hide theme-overlay wpex-absolute wpex-inset-0 wpex-transition-all wpex-duration-300 wpex-overflow-hidden wpex-flex wpex-items-center wpex-justify-center wpex-text-center\">\n\t<div class=\"overlay-bg wpex-bg-black wpex-absolute wpex-inset-0 wpex-opacity-70\"><\/div>\n\t<div class=\"overlay-content overlay-scale wpex-relative wpex-text-white wpex-p-15 wpex-duration-300 wpex-transition-transform wpex-clr\">\n\t\t<div class=\"overlay-title wpex-text-lg\">Wasserdichte Nagtabdichtungsb\u00e4nder<\/div>\n\t\t\t<\/div>\n<\/div><\/a><\/div><\/div><\/div><div class=\"portfolio-entry vcex-grid-item span_1_of_6 col col-2 entry post-1710 type-portfolio has-media tag-243 tag-244 cat-695 translation_priority-525\"><div class=\"portfolio-entry-inner entry-inner wpex-first-mt-0 wpex-last-mb-0 wpex-clr\"><div class=\"portfolio-entry-media entry-media wpex-relative overlay-parent overlay-parent-title-excerpt-hover overlay-h wpex-overflow-hidden overlay-ms\"><a href=\"https:\/\/otegotextile.com\/de\/products\/mitlaeufer\/\" title=\"Mitl\u00e4ufer\" class=\"portfolio-entry-media-link\"><img loading=\"lazy\" class=\"portfolio-entry-img wpex-align-middle\" decoding=\"async\" src=\"https:\/\/otegotextile.com\/wp-content\/uploads\/2019\/02\/release-liners-150x150.jpg\" alt=\"\" srcset=\"https:\/\/otegotextile.com\/wp-content\/uploads\/2019\/02\/release-liners-150x150.jpg 150w, https:\/\/otegotextile.com\/wp-content\/uploads\/2019\/02\/release-liners-300x300.jpg 300w, https:\/\/otegotextile.com\/wp-content\/uploads\/2019\/02\/release-liners-125x125.jpg 125w, https:\/\/otegotextile.com\/wp-content\/uploads\/2019\/02\/release-liners.jpg 600w\" width=\"150\" height=\"150\">\n<div class=\"overlay-title-excerpt-hover overlay-hide theme-overlay wpex-absolute wpex-inset-0 wpex-transition-all wpex-duration-300 wpex-overflow-hidden wpex-flex wpex-items-center wpex-justify-center wpex-text-center\">\n\t<div class=\"overlay-bg wpex-bg-black wpex-absolute wpex-inset-0 wpex-opacity-70\"><\/div>\n\t<div class=\"overlay-content overlay-scale wpex-relative wpex-text-white wpex-p-15 wpex-duration-300 wpex-transition-transform wpex-clr\">\n\t\t<div class=\"overlay-title wpex-text-lg\">Mitl\u00e4ufer<\/div>\n\t\t\t<\/div>\n<\/div><\/a><\/div><\/div><\/div><div class=\"portfolio-entry vcex-grid-item span_1_of_6 col col-3 entry post-1704 type-portfolio has-media tag-249 tag-250 cat-695\"><div class=\"portfolio-entry-inner entry-inner wpex-first-mt-0 wpex-last-mb-0 wpex-clr\"><div class=\"portfolio-entry-media entry-media wpex-relative overlay-parent overlay-parent-title-excerpt-hover overlay-h wpex-overflow-hidden overlay-ms\"><a href=\"https:\/\/otegotextile.com\/de\/products\/hitzeschutzgewebe\/\" title=\"Hitzeschutzgewebe\" class=\"portfolio-entry-media-link\"><img loading=\"lazy\" class=\"portfolio-entry-img wpex-align-middle\" decoding=\"async\" src=\"https:\/\/otegotextile.com\/wp-content\/uploads\/2019\/02\/heat-protection-150x150.jpg\" alt=\"\" srcset=\"https:\/\/otegotextile.com\/wp-content\/uploads\/2019\/02\/heat-protection-150x150.jpg 150w, https:\/\/otegotextile.com\/wp-content\/uploads\/2019\/02\/heat-protection-300x300.jpg 300w, https:\/\/otegotextile.com\/wp-content\/uploads\/2019\/02\/heat-protection-125x125.jpg 125w, https:\/\/otegotextile.com\/wp-content\/uploads\/2019\/02\/heat-protection.jpg 600w\" width=\"150\" height=\"150\">\n<div class=\"overlay-title-excerpt-hover overlay-hide theme-overlay wpex-absolute wpex-inset-0 wpex-transition-all wpex-duration-300 wpex-overflow-hidden wpex-flex wpex-items-center wpex-justify-center wpex-text-center\">\n\t<div class=\"overlay-bg wpex-bg-black wpex-absolute wpex-inset-0 wpex-opacity-70\"><\/div>\n\t<div class=\"overlay-content overlay-scale wpex-relative wpex-text-white wpex-p-15 wpex-duration-300 wpex-transition-transform wpex-clr\">\n\t\t<div class=\"overlay-title wpex-text-lg\">Hitzeschutzgewebe<\/div>\n\t\t\t<\/div>\n<\/div><\/a><\/div><\/div><\/div><div class=\"portfolio-entry vcex-grid-item span_1_of_6 col col-4 entry post-1699 type-portfolio has-media tag-246 tag-245 cat-695\"><div class=\"portfolio-entry-inner entry-inner wpex-first-mt-0 wpex-last-mb-0 wpex-clr\"><div class=\"portfolio-entry-media entry-media wpex-relative overlay-parent overlay-parent-title-excerpt-hover overlay-h wpex-overflow-hidden overlay-ms\"><a href=\"https:\/\/otegotextile.com\/de\/products\/flexible-leitungen\/\" title=\"Flexible Leitungen\" class=\"portfolio-entry-media-link\"><img loading=\"lazy\" class=\"portfolio-entry-img wpex-align-middle\" decoding=\"async\" src=\"https:\/\/otegotextile.com\/wp-content\/uploads\/2019\/02\/flexible-ducting-150x150.jpg\" alt=\"\" srcset=\"https:\/\/otegotextile.com\/wp-content\/uploads\/2019\/02\/flexible-ducting-150x150.jpg 150w, https:\/\/otegotextile.com\/wp-content\/uploads\/2019\/02\/flexible-ducting-300x300.jpg 300w, https:\/\/otegotextile.com\/wp-content\/uploads\/2019\/02\/flexible-ducting-125x125.jpg 125w, https:\/\/otegotextile.com\/wp-content\/uploads\/2019\/02\/flexible-ducting.jpg 600w\" width=\"150\" height=\"150\">\n<div class=\"overlay-title-excerpt-hover overlay-hide theme-overlay wpex-absolute wpex-inset-0 wpex-transition-all wpex-duration-300 wpex-overflow-hidden wpex-flex wpex-items-center wpex-justify-center wpex-text-center\">\n\t<div class=\"overlay-bg wpex-bg-black wpex-absolute wpex-inset-0 wpex-opacity-70\"><\/div>\n\t<div class=\"overlay-content overlay-scale wpex-relative wpex-text-white wpex-p-15 wpex-duration-300 wpex-transition-transform wpex-clr\">\n\t\t<div class=\"overlay-title wpex-text-lg\">Flexible Leitungen<\/div>\n\t\t\t<\/div>\n<\/div><\/a><\/div><\/div><\/div><div class=\"portfolio-entry vcex-grid-item span_1_of_6 col col-5 entry post-1693 type-portfolio has-media tag-26 tag-245 cat-695\"><div class=\"portfolio-entry-inner entry-inner wpex-first-mt-0 wpex-last-mb-0 wpex-clr\"><div class=\"portfolio-entry-media entry-media wpex-relative overlay-parent overlay-parent-title-excerpt-hover overlay-h wpex-overflow-hidden overlay-ms\"><a href=\"https:\/\/otegotextile.com\/de\/products\/gewebe-fuer-flexible-faltenbalgabdeckungen\/\" title=\"Gewebe F\u00fcr Flexible Faltenbalgabdeckungen\" class=\"portfolio-entry-media-link\"><img loading=\"lazy\" class=\"portfolio-entry-img wpex-align-middle\" decoding=\"async\" src=\"https:\/\/otegotextile.com\/wp-content\/uploads\/2019\/02\/bellow-fabrics-150x150.jpg\" alt=\"\" srcset=\"https:\/\/otegotextile.com\/wp-content\/uploads\/2019\/02\/bellow-fabrics-150x150.jpg 150w, https:\/\/otegotextile.com\/wp-content\/uploads\/2019\/02\/bellow-fabrics-300x300.jpg 300w, https:\/\/otegotextile.com\/wp-content\/uploads\/2019\/02\/bellow-fabrics-125x125.jpg 125w, https:\/\/otegotextile.com\/wp-content\/uploads\/2019\/02\/bellow-fabrics.jpg 600w\" width=\"150\" height=\"150\">\n<div class=\"overlay-title-excerpt-hover overlay-hide theme-overlay wpex-absolute wpex-inset-0 wpex-transition-all wpex-duration-300 wpex-overflow-hidden wpex-flex wpex-items-center wpex-justify-center wpex-text-center\">\n\t<div class=\"overlay-bg wpex-bg-black wpex-absolute wpex-inset-0 wpex-opacity-70\"><\/div>\n\t<div class=\"overlay-content overlay-scale wpex-relative wpex-text-white wpex-p-15 wpex-duration-300 wpex-transition-transform wpex-clr\">\n\t\t<div class=\"overlay-title wpex-text-lg\">Gewebe F\u00fcr Flexible Faltenbalgabdeckungen<\/div>\n\t\t\t<\/div>\n<\/div><\/a><\/div><\/div><\/div><div class=\"portfolio-entry vcex-grid-item span_1_of_6 col col-6 entry post-1680 type-portfolio has-media tag-245 tag-247 cat-695\"><div class=\"portfolio-entry-inner entry-inner wpex-first-mt-0 wpex-last-mb-0 wpex-clr\"><div class=\"portfolio-entry-media entry-media wpex-relative overlay-parent overlay-parent-title-excerpt-hover overlay-h wpex-overflow-hidden overlay-ms\"><a href=\"https:\/\/otegotextile.com\/de\/products\/schutzhauben-fuer-flugzeuge\/\" title=\"Schutzhauben f\u00fcr Flugzeuge\" class=\"portfolio-entry-media-link\"><img loading=\"lazy\" class=\"portfolio-entry-img wpex-align-middle\" decoding=\"async\" src=\"https:\/\/otegotextile.com\/wp-content\/uploads\/2019\/02\/protective-aircraft-150x150.jpg\" alt=\"\" srcset=\"https:\/\/otegotextile.com\/wp-content\/uploads\/2019\/02\/protective-aircraft-150x150.jpg 150w, https:\/\/otegotextile.com\/wp-content\/uploads\/2019\/02\/protective-aircraft-300x300.jpg 300w, https:\/\/otegotextile.com\/wp-content\/uploads\/2019\/02\/protective-aircraft-125x125.jpg 125w, https:\/\/otegotextile.com\/wp-content\/uploads\/2019\/02\/protective-aircraft.jpg 600w\" width=\"150\" height=\"150\">\n<div class=\"overlay-title-excerpt-hover overlay-hide theme-overlay wpex-absolute wpex-inset-0 wpex-transition-all wpex-duration-300 wpex-overflow-hidden wpex-flex wpex-items-center wpex-justify-center wpex-text-center\">\n\t<div class=\"overlay-bg wpex-bg-black wpex-absolute wpex-inset-0 wpex-opacity-70\"><\/div>\n\t<div class=\"overlay-content overlay-scale wpex-relative wpex-text-white wpex-p-15 wpex-duration-300 wpex-transition-transform wpex-clr\">\n\t\t<div class=\"overlay-title wpex-text-lg\">Schutzhauben f\u00fcr Flugzeuge<\/div>\n\t\t\t<\/div>\n<\/div><\/a><\/div><\/div><\/div><\/div><\/div>[\/vc_column][\/vc_row]\n<\/div>","protected":false},"excerpt":{"rendered":"<p>[vc_row css=&#8220;.vc_custom_1611214566201{padding-right: 10% !important;padding-left: 10% !important;background-image: url(https:\/\/otegotextile.com\/wp-content\/uploads\/2020\/12\/banniere-entreprise.png?id=8750) !important;background-position: center !important;background-repeat: no-repeat !important;background-size: cover !important;}&#8220;][vc_column][vc_empty_space height=&#8220;100px&#8220;][vc_column_text text_align=&#8220;left&#8220;] GESCHLECHT GLEICHHEIT INDEX [\/vc_column_text][vc_empty_space height=&#8220;100px&#8220;][\/vc_column][\/vc_row][vc_row css=&#8220;.vc_custom_1543338630826{padding-right: 10% !important;padding-left: 10% !important;}&#8220;][vc_column][vc_empty_space height=&#8220;10px&#8220;][vc_column_text] [\/vc_column_text][vc_empty_space height=&#8220;40px&#8220;][\/vc_column][\/vc_row][vc_row column_spacing=&#8220;50&#8243;&hellip;<\/p>\n","protected":false},"author":7,"featured_media":0,"parent":0,"menu_order":0,"comment_status":"closed","ping_status":"closed","template":"","meta":{"footnotes":"","_links_to":"","_links_to_target":""},"class_list":["post-38591","page","type-page","status-publish","hentry","entry","has-media"],"yoast_head":"<!-- This site is optimized with the Yoast SEO plugin v27.2 - https:\/\/yoast.com\/product\/yoast-seo-wordpress\/ -->\n<title>Geschlechtergleichstellung - Otego<\/title>\n<meta name=\"description\" content=\"Erfahren Sie, wie OTEGO durch gleiche Bezahlung, inklusive Richtlinien und eine hohe Punktzahl im Gender Equality Index 2025 zur Gleichstellung beitr\u00e4gt.\" \/>\n<meta name=\"robots\" content=\"index, follow, max-snippet:-1, max-image-preview:large, max-video-preview:-1\" \/>\n<link rel=\"canonical\" href=\"https:\/\/otegotextile.com\/de\/geschlechtergleichstellung\/\" \/>\n<meta property=\"og:locale\" content=\"de_DE\" \/>\n<meta property=\"og:type\" content=\"article\" \/>\n<meta property=\"og:title\" content=\"Geschlechtergleichstellung - Otego\" \/>\n<meta property=\"og:description\" content=\"Erfahren Sie, wie OTEGO durch gleiche Bezahlung, inklusive Richtlinien und eine hohe Punktzahl im Gender Equality Index 2025 zur Gleichstellung beitr\u00e4gt.\" \/>\n<meta property=\"og:url\" content=\"https:\/\/otegotextile.com\/de\/geschlechtergleichstellung\/\" \/>\n<meta property=\"og:site_name\" content=\"Otego\" \/>\n<meta property=\"article:publisher\" content=\"https:\/\/www.facebook.com\/OtegoTextile\" \/>\n<meta property=\"article:modified_time\" content=\"2025-05-16T06:58:25+00:00\" \/>\n<meta property=\"og:image\" content=\"https:\/\/otegotextile.com\/wp-content\/uploads\/2020\/11\/trame-bleue-3.png\" \/>\n\t<meta property=\"og:image:width\" content=\"20\" \/>\n\t<meta property=\"og:image:height\" content=\"25\" \/>\n\t<meta property=\"og:image:type\" content=\"image\/png\" \/>\n<meta name=\"twitter:card\" content=\"summary_large_image\" \/>\n<meta name=\"twitter:label1\" content=\"Gesch\u00e4tzte Lesezeit\" \/>\n\t<meta name=\"twitter:data1\" content=\"2\u00a0Minuten\" \/>\n<script type=\"application\/ld+json\" class=\"yoast-schema-graph\">{\"@context\":\"https:\/\/schema.org\",\"@graph\":[{\"@type\":\"WebPage\",\"@id\":\"https:\/\/otegotextile.com\/de\/geschlechtergleichstellung\/\",\"url\":\"https:\/\/otegotextile.com\/de\/geschlechtergleichstellung\/\",\"name\":\"Geschlechtergleichstellung - Otego\",\"isPartOf\":{\"@id\":\"https:\/\/otegotextile.com\/de\/#website\"},\"primaryImageOfPage\":{\"@id\":\"https:\/\/otegotextile.com\/de\/geschlechtergleichstellung\/#primaryimage\"},\"image\":{\"@id\":\"https:\/\/otegotextile.com\/de\/geschlechtergleichstellung\/#primaryimage\"},\"thumbnailUrl\":\"http:\/\/otegotextile.com\/wp-content\/uploads\/2020\/11\/trame-bleue-3.png\",\"datePublished\":\"2025-05-16T06:58:24+00:00\",\"dateModified\":\"2025-05-16T06:58:25+00:00\",\"description\":\"Erfahren Sie, wie OTEGO durch gleiche Bezahlung, inklusive Richtlinien und eine hohe Punktzahl im Gender Equality Index 2025 zur Gleichstellung beitr\u00e4gt.\",\"inLanguage\":\"de\",\"potentialAction\":[{\"@type\":\"ReadAction\",\"target\":[\"https:\/\/otegotextile.com\/de\/geschlechtergleichstellung\/\"]}]},{\"@type\":\"ImageObject\",\"inLanguage\":\"de\",\"@id\":\"https:\/\/otegotextile.com\/de\/geschlechtergleichstellung\/#primaryimage\",\"url\":\"http:\/\/otegotextile.com\/wp-content\/uploads\/2020\/11\/trame-bleue-3.png\",\"contentUrl\":\"http:\/\/otegotextile.com\/wp-content\/uploads\/2020\/11\/trame-bleue-3.png\"},{\"@type\":\"WebSite\",\"@id\":\"https:\/\/otegotextile.com\/de\/#website\",\"url\":\"https:\/\/otegotextile.com\/de\/\",\"name\":\"Otego\",\"description\":\"Improve Safety &amp; Productivity for Our Customers Worldwide\",\"publisher\":{\"@id\":\"https:\/\/otegotextile.com\/de\/#organization\"},\"potentialAction\":[{\"@type\":\"SearchAction\",\"target\":{\"@type\":\"EntryPoint\",\"urlTemplate\":\"https:\/\/otegotextile.com\/de\/?s={search_term_string}\"},\"query-input\":{\"@type\":\"PropertyValueSpecification\",\"valueRequired\":true,\"valueName\":\"search_term_string\"}}],\"inLanguage\":\"de\"},{\"@type\":\"Organization\",\"@id\":\"https:\/\/otegotextile.com\/de\/#organization\",\"name\":\"OTEGO\",\"url\":\"https:\/\/otegotextile.com\/de\/\",\"logo\":{\"@type\":\"ImageObject\",\"inLanguage\":\"de\",\"@id\":\"https:\/\/otegotextile.com\/de\/#\/schema\/logo\/image\/\",\"url\":\"https:\/\/otegotextile.com\/wp-content\/uploads\/2020\/12\/Default-Thumbnails.png\",\"contentUrl\":\"https:\/\/otegotextile.com\/wp-content\/uploads\/2020\/12\/Default-Thumbnails.png\",\"width\":2000,\"height\":1000,\"caption\":\"OTEGO\"},\"image\":{\"@id\":\"https:\/\/otegotextile.com\/de\/#\/schema\/logo\/image\/\"},\"sameAs\":[\"https:\/\/www.facebook.com\/OtegoTextile\",\"https:\/\/www.linkedin.com\/company\/otego-textile\",\"https:\/\/www.youtube.com\/channel\/UCatzolbDQhzYHFwYbdIaFGw\"]}]}<\/script>\n<!-- \/ Yoast SEO plugin. -->","yoast_head_json":{"title":"Geschlechtergleichstellung - Otego","description":"Erfahren Sie, wie OTEGO durch gleiche Bezahlung, inklusive Richtlinien und eine hohe Punktzahl im Gender Equality Index 2025 zur Gleichstellung beitr\u00e4gt.","robots":{"index":"index","follow":"follow","max-snippet":"max-snippet:-1","max-image-preview":"max-image-preview:large","max-video-preview":"max-video-preview:-1"},"canonical":"https:\/\/otegotextile.com\/de\/geschlechtergleichstellung\/","og_locale":"de_DE","og_type":"article","og_title":"Geschlechtergleichstellung - Otego","og_description":"Erfahren Sie, wie OTEGO durch gleiche Bezahlung, inklusive Richtlinien und eine hohe Punktzahl im Gender Equality Index 2025 zur Gleichstellung beitr\u00e4gt.","og_url":"https:\/\/otegotextile.com\/de\/geschlechtergleichstellung\/","og_site_name":"Otego","article_publisher":"https:\/\/www.facebook.com\/OtegoTextile","article_modified_time":"2025-05-16T06:58:25+00:00","og_image":[{"width":20,"height":25,"url":"https:\/\/otegotextile.com\/wp-content\/uploads\/2020\/11\/trame-bleue-3.png","type":"image\/png"}],"twitter_card":"summary_large_image","twitter_misc":{"Gesch\u00e4tzte Lesezeit":"2\u00a0Minuten"},"schema":{"@context":"https:\/\/schema.org","@graph":[{"@type":"WebPage","@id":"https:\/\/otegotextile.com\/de\/geschlechtergleichstellung\/","url":"https:\/\/otegotextile.com\/de\/geschlechtergleichstellung\/","name":"Geschlechtergleichstellung - Otego","isPartOf":{"@id":"https:\/\/otegotextile.com\/de\/#website"},"primaryImageOfPage":{"@id":"https:\/\/otegotextile.com\/de\/geschlechtergleichstellung\/#primaryimage"},"image":{"@id":"https:\/\/otegotextile.com\/de\/geschlechtergleichstellung\/#primaryimage"},"thumbnailUrl":"http:\/\/otegotextile.com\/wp-content\/uploads\/2020\/11\/trame-bleue-3.png","datePublished":"2025-05-16T06:58:24+00:00","dateModified":"2025-05-16T06:58:25+00:00","description":"Erfahren Sie, wie OTEGO durch gleiche Bezahlung, inklusive Richtlinien und eine hohe Punktzahl im Gender Equality Index 2025 zur Gleichstellung beitr\u00e4gt.","inLanguage":"de","potentialAction":[{"@type":"ReadAction","target":["https:\/\/otegotextile.com\/de\/geschlechtergleichstellung\/"]}]},{"@type":"ImageObject","inLanguage":"de","@id":"https:\/\/otegotextile.com\/de\/geschlechtergleichstellung\/#primaryimage","url":"http:\/\/otegotextile.com\/wp-content\/uploads\/2020\/11\/trame-bleue-3.png","contentUrl":"http:\/\/otegotextile.com\/wp-content\/uploads\/2020\/11\/trame-bleue-3.png"},{"@type":"WebSite","@id":"https:\/\/otegotextile.com\/de\/#website","url":"https:\/\/otegotextile.com\/de\/","name":"Otego","description":"Improve Safety &amp; Productivity for Our Customers Worldwide","publisher":{"@id":"https:\/\/otegotextile.com\/de\/#organization"},"potentialAction":[{"@type":"SearchAction","target":{"@type":"EntryPoint","urlTemplate":"https:\/\/otegotextile.com\/de\/?s={search_term_string}"},"query-input":{"@type":"PropertyValueSpecification","valueRequired":true,"valueName":"search_term_string"}}],"inLanguage":"de"},{"@type":"Organization","@id":"https:\/\/otegotextile.com\/de\/#organization","name":"OTEGO","url":"https:\/\/otegotextile.com\/de\/","logo":{"@type":"ImageObject","inLanguage":"de","@id":"https:\/\/otegotextile.com\/de\/#\/schema\/logo\/image\/","url":"https:\/\/otegotextile.com\/wp-content\/uploads\/2020\/12\/Default-Thumbnails.png","contentUrl":"https:\/\/otegotextile.com\/wp-content\/uploads\/2020\/12\/Default-Thumbnails.png","width":2000,"height":1000,"caption":"OTEGO"},"image":{"@id":"https:\/\/otegotextile.com\/de\/#\/schema\/logo\/image\/"},"sameAs":["https:\/\/www.facebook.com\/OtegoTextile","https:\/\/www.linkedin.com\/company\/otego-textile","https:\/\/www.youtube.com\/channel\/UCatzolbDQhzYHFwYbdIaFGw"]}]}},"_links":{"self":[{"href":"https:\/\/otegotextile.com\/de\/wp-json\/wp\/v2\/pages\/38591","targetHints":{"allow":["GET"]}}],"collection":[{"href":"https:\/\/otegotextile.com\/de\/wp-json\/wp\/v2\/pages"}],"about":[{"href":"https:\/\/otegotextile.com\/de\/wp-json\/wp\/v2\/types\/page"}],"author":[{"embeddable":true,"href":"https:\/\/otegotextile.com\/de\/wp-json\/wp\/v2\/users\/7"}],"replies":[{"embeddable":true,"href":"https:\/\/otegotextile.com\/de\/wp-json\/wp\/v2\/comments?post=38591"}],"version-history":[{"count":0,"href":"https:\/\/otegotextile.com\/de\/wp-json\/wp\/v2\/pages\/38591\/revisions"}],"wp:attachment":[{"href":"https:\/\/otegotextile.com\/de\/wp-json\/wp\/v2\/media?parent=38591"}],"curies":[{"name":"wp","href":"https:\/\/api.w.org\/{rel}","templated":true}]}}