{"id":1789,"date":"2019-03-28T14:36:11","date_gmt":"2019-03-28T13:36:11","guid":{"rendered":"http:\/\/otegotextile.com\/?page_id=1789"},"modified":"2025-05-14T11:41:49","modified_gmt":"2025-05-14T09:41:49","slug":"kontakt","status":"publish","type":"page","link":"https:\/\/otegotextile.com\/de\/kontakt\/","title":{"rendered":"Kontaktieren Sie uns"},"content":{"rendered":"<div class=\"wpb-content-wrapper\">[vc_row css=&#8220;.vc_custom_1542275493937{padding-right: 10% !important;padding-left: 10% !important;background-image: url(http:\/\/otegotextile.com\/wp-content\/uploads\/2018\/11\/bandeau-manquant-1.jpg?id=796) !important;background-position: center !important;background-repeat: no-repeat !important;background-size: cover !important;}&#8220;][vc_column][vc_empty_space height=&#8220;100px&#8220;][vc_column_text]\n<h1 style=\"text-align: right;\">KONTAKT<\/h1>\n[\/vc_column_text][vc_empty_space height=&#8220;100px&#8220;][\/vc_column][\/vc_row][vc_row max_width=&#8220;80&#8243;][vc_column][vc_empty_space height=&#8220;10px&#8220;][vc_column_text]\n<p style=\"text-align: left;\">\r\n<p id=\"breadcrumbs\"><\/p>\r\n\n[\/vc_column_text][vc_empty_space height=&#8220;40px&#8220;][\/vc_column][\/vc_row][vc_row max_width=&#8220;80&#8243;][vc_column width=&#8220;1\/3&#8243;][vc_column_text]\n<h2 style=\"text-align: right;\"><span style=\"color: #50768e;\"><strong>INFORMATIONEN <img loading=\"lazy\" decoding=\"async\" class=\"alignnone size-full wp-image-7117\" src=\"https:\/\/otegotextile.com\/wp-content\/uploads\/2020\/11\/trame-bleue-3.png\" alt=\"\" width=\"20\" height=\"25\"><\/strong><\/span><\/h2>\n[\/vc_column_text][vc_empty_space height=&#8220;40px&#8220;][vc_column_text]\n<p style=\"text-align: right;\">465, Rue des Chartini\u00e8res<br \/>\n01120 Dagneux \u2013 Frankreich<br \/>\nTel: +33 4 37 85 80 00<br \/>\nE-mail: <span class=\"courriel\">info<\/span><br \/>\nE-Mail Personalabteilung: <span class=\"courriel\">rh<\/span>[\/vc_column_text][\/vc_column][vc_column width=&#8220;2\/3&#8243; css=&#8220;.vc_custom_1542273766459{border-radius: 1px !important;}&#8220;][vc_column_text]<div id='contactform' class='widgets_on_page wop_tiny1  wop_small1  wop_medium1  wop_large1  wop_wide1'>\n\t\t\t<ul><div id=\"block-2\" class=\"sidebar-box widget widget_block wpex-mb-30 wpex-clr\">\n<div class=\"wp-block-group\">\n<div id=\"zf_div_eOb73NgSn4wYvnz1mvKjTN0LdV84Dfj-g13PUdojzrM\"><\/div><script type=\"text\/javascript\">(function() {\ntry{\nvar f = document.createElement(\"iframe\");\nvar zfLang = document.getElementsByTagName(\"html\")[0].getAttribute('lang');\nconsole.log(zfLang);\nif (zfLang != \"zh-tw\") {\n    zfLang = zfLang.slice(0, 2);\n}\nzfLang = \"&zf_lang=\" + zfLang;\nconsole.log(zfLang);\nf.src = 'https:\/\/forms.zohopublic.eu\/Otegotextile\/form\/ContactUsWebsite\/formperma\/eOb73NgSn4wYvnz1mvKjTN0LdV84Dfj-g13PUdojzrM?zf_rszfm=1' + zfLang;\n\nf.style.border=\"none\";\nf.style.height=\"1181px\";\nf.style.width=\"90%\";\nf.style.transition=\"all 0.5s ease\";\nvar d = document.getElementById(\"zf_div_eOb73NgSn4wYvnz1mvKjTN0LdV84Dfj-g13PUdojzrM\");\nd.appendChild(f);\nwindow.addEventListener('message', function (){\nvar evntData = event.data;\nif( evntData && evntData.constructor == String ){\nvar zf_ifrm_data = evntData.split(\"|\");\nif ( zf_ifrm_data.length == 2 ) {\nvar zf_perma = zf_ifrm_data[0];\nvar zf_ifrm_ht_nw = ( parseInt(zf_ifrm_data[1], 10) + 15 ) + \"px\";\nvar iframe = document.getElementById(\"zf_div_eOb73NgSn4wYvnz1mvKjTN0LdV84Dfj-g13PUdojzrM\").getElementsByTagName(\"iframe\")[0];\nif ( (iframe.src).indexOf('formperma') > 0 && (iframe.src).indexOf(zf_perma) > 0 ) {\nvar prevIframeHeight = iframe.style.height;\nif ( prevIframeHeight != zf_ifrm_ht_nw ) {\niframe.style.height = zf_ifrm_ht_nw;\n}\n}\n}\n}\n}, false);\n}catch(e){}\n})();<\/script>\n<\/div>\n<\/div><\/ul><\/div><!-- widgets_on_page -->[\/vc_column_text][\/vc_column][\/vc_row][vc_row max_width=&#8220;80&#8243;][vc_column][vc_empty_space height=&#8220;20px&#8220;][\/vc_column][\/vc_row][vc_row max_width=&#8220;80&#8243;][vc_column][vc_gmaps link=&#8220;#E-8_JTNDaWZyYW1lJTIwc3JjJTNEJTIyaHR0cHMlM0ElMkYlMkZ3d3cuZ29vZ2xlLmNvbSUyRm1hcHMlMkZlbWJlZCUzRnBiJTNEJTIxMW0xNCUyMTFtOCUyMTFtMyUyMTFkMTExMTguMzU5MjE0MzIxMzQ4JTIxMmQ1LjA2NjY0NiUyMTNkNDUuODM5NDk0JTIxM20yJTIxMWkxMDI0JTIxMmk3NjglMjE0ZjEzLjElMjEzbTMlMjExbTIlMjExczB4MCUyNTNBMHg0OGIwMGQ2ZThiZWNmODIxJTIxMnNEaWNrc29uJTJCUHRsJTIxNWUwJTIxM20yJTIxMXNmciUyMTJzZnIlMjE0djE1NDIyNzM5MjM5NzclMjIlMjB3aWR0aCUzRCUyMjYwMCUyMiUyMGhlaWdodCUzRCUyMjQ1MCUyMiUyMGZyYW1lYm9yZGVyJTNEJTIyMCUyMiUyMHN0eWxlJTNEJTIyYm9yZGVyJTNBMCUyMiUyMGFsbG93ZnVsbHNjcmVlbiUzRCUyMiUyMiUzRSUzQyUyRmlmcmFtZSUzRQ==&#8220; size=&#8220;300px&#8220;][\/vc_column][\/vc_row][vc_row max_width=&#8220;80&#8243;][vc_column][vc_empty_space height=&#8220;60px&#8220;][\/vc_column][\/vc_row][vc_row max_width=&#8220;80&#8243;][vc_column width=&#8220;1\/2&#8243;][vc_single_image image=&#8220;38165&#8243; css=&#8220;.vc_custom_1744881913033{border-radius: 10px !important;}&#8220;][\/vc_column][vc_column width=&#8220;1\/2&#8243;][vc_column_text css=&#8220;&#8220;]\n<h3>Wir sind vertreten in:<\/h3>\n<p>Chicago, USA<br \/>\nBuenos Aires, Argentinien<br \/>\nBangkok, Thailand<br \/>\nLyon, France<br \/>\nMadrid, Spanien<br \/>\nPune, Indien<br \/>\nTaipeh, Taiwan<br \/>\nShanghai, China[\/vc_column_text][\/vc_column][\/vc_row]\n<\/div>","protected":false},"excerpt":{"rendered":"<p>[vc_row css=&#8220;.vc_custom_1542275493937{padding-right: 10% !important;padding-left: 10% !important;background-image: url(http:\/\/otegotextile.com\/wp-content\/uploads\/2018\/11\/bandeau-manquant-1.jpg?id=796) !important;background-position: center !important;background-repeat: no-repeat !important;background-size: cover !important;}&#8220;][vc_column][vc_empty_space height=&#8220;100px&#8220;][vc_column_text] KONTAKT [\/vc_column_text][vc_empty_space height=&#8220;100px&#8220;][\/vc_column][\/vc_row][vc_row max_width=&#8220;80&#8243;][vc_column][vc_empty_space height=&#8220;10px&#8220;][vc_column_text] [\/vc_column_text][vc_empty_space height=&#8220;40px&#8220;][\/vc_column][\/vc_row][vc_row max_width=&#8220;80&#8243;][vc_column width=&#8220;1\/3&#8243;][vc_column_text] INFORMATIONEN [\/vc_column_text][vc_empty_space height=&#8220;40px&#8220;][vc_column_text] 465, Rue des&hellip;<\/p>\n","protected":false},"author":7,"featured_media":9098,"parent":0,"menu_order":0,"comment_status":"closed","ping_status":"closed","template":"","meta":{"footnotes":"","_links_to":"","_links_to_target":""},"class_list":["post-1789","page","type-page","status-publish","has-post-thumbnail","hentry","entry","has-media"],"yoast_head":"<!-- This site is optimized with the Yoast SEO plugin v27.2 - https:\/\/yoast.com\/product\/yoast-seo-wordpress\/ -->\n<title>Kontaktieren Sie uns - Otego<\/title>\n<meta name=\"description\" content=\"Sie m\u00f6chten OTEGO kontaktieren? Bitte f\u00fcllen Sie unser Kontaktformular aus. Wir melden uns schnellstm\u00f6glich bei Ihnen.\" \/>\n<meta name=\"robots\" content=\"index, follow, max-snippet:-1, max-image-preview:large, max-video-preview:-1\" \/>\n<link rel=\"canonical\" href=\"https:\/\/otegotextile.com\/de\/kontakt\/\" \/>\n<meta property=\"og:locale\" content=\"de_DE\" \/>\n<meta property=\"og:type\" content=\"article\" \/>\n<meta property=\"og:title\" content=\"Kontaktieren Sie uns - Otego\" \/>\n<meta property=\"og:description\" content=\"Sie m\u00f6chten OTEGO kontaktieren? Bitte f\u00fcllen Sie unser Kontaktformular aus. Wir melden uns schnellstm\u00f6glich bei Ihnen.\" \/>\n<meta property=\"og:url\" content=\"https:\/\/otegotextile.com\/de\/kontakt\/\" \/>\n<meta property=\"og:site_name\" content=\"Otego\" \/>\n<meta property=\"article:publisher\" content=\"https:\/\/www.facebook.com\/OtegoTextile\" \/>\n<meta property=\"article:modified_time\" content=\"2025-05-14T09:41:49+00:00\" \/>\n<meta property=\"og:image\" content=\"https:\/\/otegotextile.com\/wp-content\/uploads\/2021\/01\/Logo-Fleche.png\" \/>\n\t<meta property=\"og:image:width\" content=\"3000\" \/>\n\t<meta property=\"og:image:height\" content=\"3000\" \/>\n\t<meta property=\"og:image:type\" content=\"image\/png\" \/>\n<meta name=\"twitter:card\" content=\"summary_large_image\" \/>\n<meta name=\"twitter:label1\" content=\"Gesch\u00e4tzte Lesezeit\" \/>\n\t<meta name=\"twitter:data1\" content=\"1\u00a0Minute\" \/>\n<script type=\"application\/ld+json\" class=\"yoast-schema-graph\">{\"@context\":\"https:\/\/schema.org\",\"@graph\":[{\"@type\":\"WebPage\",\"@id\":\"https:\/\/otegotextile.com\/de\/kontakt\/\",\"url\":\"https:\/\/otegotextile.com\/de\/kontakt\/\",\"name\":\"Kontaktieren Sie uns - Otego\",\"isPartOf\":{\"@id\":\"https:\/\/otegotextile.com\/de\/#website\"},\"primaryImageOfPage\":{\"@id\":\"https:\/\/otegotextile.com\/de\/kontakt\/#primaryimage\"},\"image\":{\"@id\":\"https:\/\/otegotextile.com\/de\/kontakt\/#primaryimage\"},\"thumbnailUrl\":\"https:\/\/otegotextile.com\/wp-content\/uploads\/2021\/01\/Logo-Fleche.png\",\"datePublished\":\"2019-03-28T13:36:11+00:00\",\"dateModified\":\"2025-05-14T09:41:49+00:00\",\"description\":\"Sie m\u00f6chten OTEGO kontaktieren? Bitte f\u00fcllen Sie unser Kontaktformular aus. Wir melden uns schnellstm\u00f6glich bei Ihnen.\",\"inLanguage\":\"de\",\"potentialAction\":[{\"@type\":\"ReadAction\",\"target\":[\"https:\/\/otegotextile.com\/de\/kontakt\/\"]}]},{\"@type\":\"ImageObject\",\"inLanguage\":\"de\",\"@id\":\"https:\/\/otegotextile.com\/de\/kontakt\/#primaryimage\",\"url\":\"https:\/\/otegotextile.com\/wp-content\/uploads\/2021\/01\/Logo-Fleche.png\",\"contentUrl\":\"https:\/\/otegotextile.com\/wp-content\/uploads\/2021\/01\/Logo-Fleche.png\",\"width\":3000,\"height\":3000,\"caption\":\"logo otego textile arrow\"},{\"@type\":\"WebSite\",\"@id\":\"https:\/\/otegotextile.com\/de\/#website\",\"url\":\"https:\/\/otegotextile.com\/de\/\",\"name\":\"Otego\",\"description\":\"Improve Safety &amp; Productivity for Our Customers Worldwide\",\"publisher\":{\"@id\":\"https:\/\/otegotextile.com\/de\/#organization\"},\"potentialAction\":[{\"@type\":\"SearchAction\",\"target\":{\"@type\":\"EntryPoint\",\"urlTemplate\":\"https:\/\/otegotextile.com\/de\/?s={search_term_string}\"},\"query-input\":{\"@type\":\"PropertyValueSpecification\",\"valueRequired\":true,\"valueName\":\"search_term_string\"}}],\"inLanguage\":\"de\"},{\"@type\":\"Organization\",\"@id\":\"https:\/\/otegotextile.com\/de\/#organization\",\"name\":\"OTEGO\",\"url\":\"https:\/\/otegotextile.com\/de\/\",\"logo\":{\"@type\":\"ImageObject\",\"inLanguage\":\"de\",\"@id\":\"https:\/\/otegotextile.com\/de\/#\/schema\/logo\/image\/\",\"url\":\"https:\/\/otegotextile.com\/wp-content\/uploads\/2020\/12\/Default-Thumbnails.png\",\"contentUrl\":\"https:\/\/otegotextile.com\/wp-content\/uploads\/2020\/12\/Default-Thumbnails.png\",\"width\":2000,\"height\":1000,\"caption\":\"OTEGO\"},\"image\":{\"@id\":\"https:\/\/otegotextile.com\/de\/#\/schema\/logo\/image\/\"},\"sameAs\":[\"https:\/\/www.facebook.com\/OtegoTextile\",\"https:\/\/www.linkedin.com\/company\/otego-textile\",\"https:\/\/www.youtube.com\/channel\/UCatzolbDQhzYHFwYbdIaFGw\"]}]}<\/script>\n<!-- \/ Yoast SEO plugin. -->","yoast_head_json":{"title":"Kontaktieren Sie uns - Otego","description":"Sie m\u00f6chten OTEGO kontaktieren? Bitte f\u00fcllen Sie unser Kontaktformular aus. Wir melden uns schnellstm\u00f6glich bei Ihnen.","robots":{"index":"index","follow":"follow","max-snippet":"max-snippet:-1","max-image-preview":"max-image-preview:large","max-video-preview":"max-video-preview:-1"},"canonical":"https:\/\/otegotextile.com\/de\/kontakt\/","og_locale":"de_DE","og_type":"article","og_title":"Kontaktieren Sie uns - Otego","og_description":"Sie m\u00f6chten OTEGO kontaktieren? Bitte f\u00fcllen Sie unser Kontaktformular aus. Wir melden uns schnellstm\u00f6glich bei Ihnen.","og_url":"https:\/\/otegotextile.com\/de\/kontakt\/","og_site_name":"Otego","article_publisher":"https:\/\/www.facebook.com\/OtegoTextile","article_modified_time":"2025-05-14T09:41:49+00:00","og_image":[{"width":3000,"height":3000,"url":"https:\/\/otegotextile.com\/wp-content\/uploads\/2021\/01\/Logo-Fleche.png","type":"image\/png"}],"twitter_card":"summary_large_image","twitter_misc":{"Gesch\u00e4tzte Lesezeit":"1\u00a0Minute"},"schema":{"@context":"https:\/\/schema.org","@graph":[{"@type":"WebPage","@id":"https:\/\/otegotextile.com\/de\/kontakt\/","url":"https:\/\/otegotextile.com\/de\/kontakt\/","name":"Kontaktieren Sie uns - Otego","isPartOf":{"@id":"https:\/\/otegotextile.com\/de\/#website"},"primaryImageOfPage":{"@id":"https:\/\/otegotextile.com\/de\/kontakt\/#primaryimage"},"image":{"@id":"https:\/\/otegotextile.com\/de\/kontakt\/#primaryimage"},"thumbnailUrl":"https:\/\/otegotextile.com\/wp-content\/uploads\/2021\/01\/Logo-Fleche.png","datePublished":"2019-03-28T13:36:11+00:00","dateModified":"2025-05-14T09:41:49+00:00","description":"Sie m\u00f6chten OTEGO kontaktieren? Bitte f\u00fcllen Sie unser Kontaktformular aus. Wir melden uns schnellstm\u00f6glich bei Ihnen.","inLanguage":"de","potentialAction":[{"@type":"ReadAction","target":["https:\/\/otegotextile.com\/de\/kontakt\/"]}]},{"@type":"ImageObject","inLanguage":"de","@id":"https:\/\/otegotextile.com\/de\/kontakt\/#primaryimage","url":"https:\/\/otegotextile.com\/wp-content\/uploads\/2021\/01\/Logo-Fleche.png","contentUrl":"https:\/\/otegotextile.com\/wp-content\/uploads\/2021\/01\/Logo-Fleche.png","width":3000,"height":3000,"caption":"logo otego textile arrow"},{"@type":"WebSite","@id":"https:\/\/otegotextile.com\/de\/#website","url":"https:\/\/otegotextile.com\/de\/","name":"Otego","description":"Improve Safety &amp; Productivity for Our Customers Worldwide","publisher":{"@id":"https:\/\/otegotextile.com\/de\/#organization"},"potentialAction":[{"@type":"SearchAction","target":{"@type":"EntryPoint","urlTemplate":"https:\/\/otegotextile.com\/de\/?s={search_term_string}"},"query-input":{"@type":"PropertyValueSpecification","valueRequired":true,"valueName":"search_term_string"}}],"inLanguage":"de"},{"@type":"Organization","@id":"https:\/\/otegotextile.com\/de\/#organization","name":"OTEGO","url":"https:\/\/otegotextile.com\/de\/","logo":{"@type":"ImageObject","inLanguage":"de","@id":"https:\/\/otegotextile.com\/de\/#\/schema\/logo\/image\/","url":"https:\/\/otegotextile.com\/wp-content\/uploads\/2020\/12\/Default-Thumbnails.png","contentUrl":"https:\/\/otegotextile.com\/wp-content\/uploads\/2020\/12\/Default-Thumbnails.png","width":2000,"height":1000,"caption":"OTEGO"},"image":{"@id":"https:\/\/otegotextile.com\/de\/#\/schema\/logo\/image\/"},"sameAs":["https:\/\/www.facebook.com\/OtegoTextile","https:\/\/www.linkedin.com\/company\/otego-textile","https:\/\/www.youtube.com\/channel\/UCatzolbDQhzYHFwYbdIaFGw"]}]}},"_links":{"self":[{"href":"https:\/\/otegotextile.com\/de\/wp-json\/wp\/v2\/pages\/1789","targetHints":{"allow":["GET"]}}],"collection":[{"href":"https:\/\/otegotextile.com\/de\/wp-json\/wp\/v2\/pages"}],"about":[{"href":"https:\/\/otegotextile.com\/de\/wp-json\/wp\/v2\/types\/page"}],"author":[{"embeddable":true,"href":"https:\/\/otegotextile.com\/de\/wp-json\/wp\/v2\/users\/7"}],"replies":[{"embeddable":true,"href":"https:\/\/otegotextile.com\/de\/wp-json\/wp\/v2\/comments?post=1789"}],"version-history":[{"count":0,"href":"https:\/\/otegotextile.com\/de\/wp-json\/wp\/v2\/pages\/1789\/revisions"}],"wp:featuredmedia":[{"embeddable":true,"href":"https:\/\/otegotextile.com\/de\/wp-json\/wp\/v2\/media\/9098"}],"wp:attachment":[{"href":"https:\/\/otegotextile.com\/de\/wp-json\/wp\/v2\/media?parent=1789"}],"curies":[{"name":"wp","href":"https:\/\/api.w.org\/{rel}","templated":true}]}}